{"id":29991,"date":"2026-05-07T10:47:52","date_gmt":"2026-05-07T09:47:52","guid":{"rendered":"https:\/\/yahyaouishop.com\/?post_type=product&#038;p=29991"},"modified":"2026-05-07T11:08:14","modified_gmt":"2026-05-07T10:08:14","slug":"dji-mic-mini-2-mobile-kit-2-tx-1-mobile-rx-charging-case","status":"publish","type":"product","link":"https:\/\/yahyaouishop.com\/fr\/produit\/dji-mic-mini-2-mobile-kit-2-tx-1-mobile-rx-charging-case\/","title":{"rendered":"DJI Mic Mini 2 Mobile Kit (2 TX + 1 Mobile RX + Charging Case)"},"content":{"rendered":"<h2>Parfait pour le journalisme mobile avec le DJI Mic Mini 2 Mobile Kit<\/h2>\n<p>Ce kit fournit tout ce dont vous avez besoin pour capturer un son de qualit\u00e9 diffusion directement sur votre smartphone. Il comprend deux \u00e9metteurs incroyablement l\u00e9gers avec des microphones omnidirectionnels int\u00e9gr\u00e9s, un r\u00e9cepteur USB-C plug-and-play et un bo\u00eetier de charge portable.<\/p>\n<ul>\n<li>Jusqu&#8217;\u00e0 48 heures d&#8217;autonomie<\/li>\n<li>Transmission num\u00e9rique sans fil 2,4 GHz<\/li>\n<li>Limitation automatique pour \u00e9viter l&#8217;\u00e9cr\u00eatage<\/li>\n<\/ul>\n<p>Son design discret \u00e0 clip magn\u00e9tique en fait la solution audio id\u00e9ale et discr\u00e8te pour la production vid\u00e9o mobile en d\u00e9placement.<\/p>","protected":false},"excerpt":{"rendered":"<p>Am\u00e9liorez vos vlogs sur smartphone avec le <strong>DJI Mic Mini 2 Mobile Kit<\/strong>. Comprend 2 \u00e9metteurs compacts, un r\u00e9cepteur USB-C, un bo\u00eetier de charge et une r\u00e9duction de bruit IA avanc\u00e9e.<\/p>","protected":false},"featured_media":30022,"comment_status":"open","ping_status":"closed","template":"","meta":[],"product_brand":[480],"product_cat":[188,631],"product_tag":[232],"class_list":{"0":"post-29991","1":"product","2":"type-product","3":"status-publish","4":"has-post-thumbnail","6":"product_brand-dji","7":"product_cat-son","8":"product_cat-microphone","9":"product_tag-brand-dji","11":"first","12":"instock","13":"taxable","14":"shipping-taxable","15":"purchasable","16":"product-type-simple"},"jetpack_sharing_enabled":true,"_links":{"self":[{"href":"https:\/\/yahyaouishop.com\/fr\/wp-json\/wp\/v2\/product\/29991","targetHints":{"allow":["GET"]}}],"collection":[{"href":"https:\/\/yahyaouishop.com\/fr\/wp-json\/wp\/v2\/product"}],"about":[{"href":"https:\/\/yahyaouishop.com\/fr\/wp-json\/wp\/v2\/types\/product"}],"replies":[{"embeddable":true,"href":"https:\/\/yahyaouishop.com\/fr\/wp-json\/wp\/v2\/comments?post=29991"}],"version-history":[{"count":1,"href":"https:\/\/yahyaouishop.com\/fr\/wp-json\/wp\/v2\/product\/29991\/revisions"}],"predecessor-version":[{"id":30023,"href":"https:\/\/yahyaouishop.com\/fr\/wp-json\/wp\/v2\/product\/29991\/revisions\/30023"}],"wp:featuredmedia":[{"embeddable":true,"href":"https:\/\/yahyaouishop.com\/fr\/wp-json\/wp\/v2\/media\/30022"}],"wp:attachment":[{"href":"https:\/\/yahyaouishop.com\/fr\/wp-json\/wp\/v2\/media?parent=29991"}],"wp:term":[{"taxonomy":"product_brand","embeddable":true,"href":"https:\/\/yahyaouishop.com\/fr\/wp-json\/wp\/v2\/product_brand?post=29991"},{"taxonomy":"product_cat","embeddable":true,"href":"https:\/\/yahyaouishop.com\/fr\/wp-json\/wp\/v2\/product_cat?post=29991"},{"taxonomy":"product_tag","embeddable":true,"href":"https:\/\/yahyaouishop.com\/fr\/wp-json\/wp\/v2\/product_tag?post=29991"}],"curies":[{"name":"wp","href":"https:\/\/api.w.org\/{rel}","templated":true}]}}