{"id":29989,"date":"2026-05-07T10:47:51","date_gmt":"2026-05-07T09:47:51","guid":{"rendered":"https:\/\/yahyaouishop.com\/?post_type=product&#038;p=29989"},"modified":"2026-05-07T11:15:15","modified_gmt":"2026-05-07T10:15:15","slug":"dji-osmo-pocket-4-creator-combo","status":"publish","type":"product","link":"https:\/\/yahyaouishop.com\/fr\/produit\/dji-osmo-pocket-4-creator-combo\/","title":{"rendered":"DJI Osmo Pocket 4 \u2013 Creator Combo"},"content":{"rendered":"<h2>Passez au niveau sup\u00e9rieur avec le DJI Osmo Pocket 4 Creator Combo<\/h2>\n<p>Cette cam\u00e9ra compacte \u00e0 nacelle 3 axes est aliment\u00e9e par un capteur CMOS de 1 pouce pour de superbes vid\u00e9os ultra HD 4K\/240fps et des photos 33MP. Elle offre une plage dynamique de 14 stops, un D-Log 10 bits et une sortie audio OsmoAudio 4 canaux.<\/p>\n<ul>\n<li>ActiveTrack 7.0 pour rester centr\u00e9<\/li>\n<li>\u00c9cran tactile rotatif de 2 pouces<\/li>\n<\/ul>\n<p>Le Creator Combo fournit des accessoires premium : un \u00e9metteur de microphone sans fil, une poign\u00e9e batterie pour des tournages prolong\u00e9s et un mini tr\u00e9pied, vous offrant un studio mobile complet dans votre poche.<\/p>","protected":false},"excerpt":{"rendered":"<p>L&#8217;outil ultime pour les cr\u00e9ateurs, le <strong>DJI Osmo Pocket 4 Creator Combo<\/strong> comprend des accessoires suppl\u00e9mentaires comme un microphone et un tr\u00e9pied, en plus de la puissante cam\u00e9ra 4K \u00e0 capteur 1 pouce.<\/p>","protected":false},"featured_media":30036,"comment_status":"open","ping_status":"closed","template":"","meta":[],"product_brand":[480],"product_cat":[652,161],"product_tag":[232],"class_list":{"0":"post-29989","1":"product","2":"type-product","3":"status-publish","4":"has-post-thumbnail","6":"product_brand-dji","7":"product_cat-pocket-camera","8":"product_cat-cameras","9":"product_tag-brand-dji","11":"first","12":"instock","13":"taxable","14":"shipping-taxable","15":"purchasable","16":"product-type-simple"},"jetpack_sharing_enabled":true,"_links":{"self":[{"href":"https:\/\/yahyaouishop.com\/fr\/wp-json\/wp\/v2\/product\/29989","targetHints":{"allow":["GET"]}}],"collection":[{"href":"https:\/\/yahyaouishop.com\/fr\/wp-json\/wp\/v2\/product"}],"about":[{"href":"https:\/\/yahyaouishop.com\/fr\/wp-json\/wp\/v2\/types\/product"}],"replies":[{"embeddable":true,"href":"https:\/\/yahyaouishop.com\/fr\/wp-json\/wp\/v2\/comments?post=29989"}],"version-history":[{"count":1,"href":"https:\/\/yahyaouishop.com\/fr\/wp-json\/wp\/v2\/product\/29989\/revisions"}],"predecessor-version":[{"id":30038,"href":"https:\/\/yahyaouishop.com\/fr\/wp-json\/wp\/v2\/product\/29989\/revisions\/30038"}],"wp:featuredmedia":[{"embeddable":true,"href":"https:\/\/yahyaouishop.com\/fr\/wp-json\/wp\/v2\/media\/30036"}],"wp:attachment":[{"href":"https:\/\/yahyaouishop.com\/fr\/wp-json\/wp\/v2\/media?parent=29989"}],"wp:term":[{"taxonomy":"product_brand","embeddable":true,"href":"https:\/\/yahyaouishop.com\/fr\/wp-json\/wp\/v2\/product_brand?post=29989"},{"taxonomy":"product_cat","embeddable":true,"href":"https:\/\/yahyaouishop.com\/fr\/wp-json\/wp\/v2\/product_cat?post=29989"},{"taxonomy":"product_tag","embeddable":true,"href":"https:\/\/yahyaouishop.com\/fr\/wp-json\/wp\/v2\/product_tag?post=29989"}],"curies":[{"name":"wp","href":"https:\/\/api.w.org\/{rel}","templated":true}]}}