{"id":29988,"date":"2026-05-07T10:47:51","date_gmt":"2026-05-07T09:47:51","guid":{"rendered":"https:\/\/yahyaouishop.com\/?post_type=product&#038;p=29988"},"modified":"2026-05-07T11:13:11","modified_gmt":"2026-05-07T10:13:11","slug":"dji-osmo-pocket-4-standard-combo","status":"publish","type":"product","link":"https:\/\/yahyaouishop.com\/fr\/produit\/dji-osmo-pocket-4-standard-combo\/","title":{"rendered":"DJI Osmo Pocket 4 \u2013 Standard Combo"},"content":{"rendered":"<h2>Am\u00e9liorez votre cr\u00e9ation de contenu avec le DJI Osmo Pocket 4 Standard Combo<\/h2>\n<p>Il est dot\u00e9 d&#8217;un puissant capteur CMOS 1 pouce, enregistrant jusqu&#8217;\u00e0 <strong>4K\/240fps<\/strong> pour un ralenti ultra-fluide. Avec une plage dynamique de 14 stops, un D-Log 10 bits et une ouverture f\/2.0, vous obtenez des prises de vue claires en basse lumi\u00e8re et des couleurs authentiques.<\/p>\n<ul>\n<li>\u00c9cran tactile rotatif<\/li>\n<li>Stabilisation 3 axes<\/li>\n<li>Zoom sans perte 2x<\/li>\n<li>ActiveTrack 7.0<\/li>\n<\/ul>\n<p>Il est livr\u00e9 avec 107 Go de stockage int\u00e9gr\u00e9 et le Wi-Fi 6 pour des transferts de fichiers rapides. Le Combo Standard comprend la cam\u00e9ra, une housse de protection, une dragonne, une poign\u00e9e avec filetage 1\/4&#8243;&#8221; et un c\u00e2ble PD.<\/p>","protected":false},"excerpt":{"rendered":"<p>Capturez des vid\u00e9os <strong>4K\/240fps<\/strong> \u00e9poustouflantes avec le <strong>DJI Osmo Pocket 4 Standard Combo<\/strong>. Dot\u00e9 d&#8217;un capteur CMOS 1 pouce, d&#8217;une stabilisation 3 axes et de 107 Go de stockage int\u00e9gr\u00e9.<\/p>","protected":false},"featured_media":30031,"comment_status":"open","ping_status":"closed","template":"","meta":[],"product_brand":[480],"product_cat":[652,161],"product_tag":[232],"class_list":{"0":"post-29988","1":"product","2":"type-product","3":"status-publish","4":"has-post-thumbnail","6":"product_brand-dji","7":"product_cat-pocket-camera","8":"product_cat-cameras","9":"product_tag-brand-dji","11":"first","12":"instock","13":"taxable","14":"shipping-taxable","15":"purchasable","16":"product-type-simple"},"jetpack_sharing_enabled":true,"_links":{"self":[{"href":"https:\/\/yahyaouishop.com\/fr\/wp-json\/wp\/v2\/product\/29988","targetHints":{"allow":["GET"]}}],"collection":[{"href":"https:\/\/yahyaouishop.com\/fr\/wp-json\/wp\/v2\/product"}],"about":[{"href":"https:\/\/yahyaouishop.com\/fr\/wp-json\/wp\/v2\/types\/product"}],"replies":[{"embeddable":true,"href":"https:\/\/yahyaouishop.com\/fr\/wp-json\/wp\/v2\/comments?post=29988"}],"version-history":[{"count":1,"href":"https:\/\/yahyaouishop.com\/fr\/wp-json\/wp\/v2\/product\/29988\/revisions"}],"predecessor-version":[{"id":30032,"href":"https:\/\/yahyaouishop.com\/fr\/wp-json\/wp\/v2\/product\/29988\/revisions\/30032"}],"wp:featuredmedia":[{"embeddable":true,"href":"https:\/\/yahyaouishop.com\/fr\/wp-json\/wp\/v2\/media\/30031"}],"wp:attachment":[{"href":"https:\/\/yahyaouishop.com\/fr\/wp-json\/wp\/v2\/media?parent=29988"}],"wp:term":[{"taxonomy":"product_brand","embeddable":true,"href":"https:\/\/yahyaouishop.com\/fr\/wp-json\/wp\/v2\/product_brand?post=29988"},{"taxonomy":"product_cat","embeddable":true,"href":"https:\/\/yahyaouishop.com\/fr\/wp-json\/wp\/v2\/product_cat?post=29988"},{"taxonomy":"product_tag","embeddable":true,"href":"https:\/\/yahyaouishop.com\/fr\/wp-json\/wp\/v2\/product_tag?post=29988"}],"curies":[{"name":"wp","href":"https:\/\/api.w.org\/{rel}","templated":true}]}}