{"id":29574,"date":"2026-01-07T19:44:52","date_gmt":"2026-01-07T18:44:52","guid":{"rendered":"https:\/\/yahyaouishop.com\/?post_type=product&#038;p=29574"},"modified":"2026-01-07T19:44:54","modified_gmt":"2026-01-07T18:44:54","slug":"laowa-24mm-f-14-macro-for-sony-fe","status":"publish","type":"product","link":"https:\/\/yahyaouishop.com\/fr\/produit\/laowa-24mm-f-14-macro-for-sony-fe\/","title":{"rendered":"Laowa 24mm f\/14 Macro  for Sony FE"},"content":{"rendered":"<h3 data-start=\"107\" data-end=\"169\"><strong data-start=\"111\" data-end=\"169\">Description du produit \u2013 Laowa 24mm f\/14 Macro Sony FE<\/strong><\/h3>\n<p data-start=\"171\" data-end=\"488\">Le <strong data-start=\"174\" data-end=\"216\">Laowa 24mm f\/14 Macro 2:1 pour Sony FE<\/strong> est un objectif unique, sp\u00e9cialement con\u00e7u pour la photographie macro grand-angle. Contrairement aux objectifs macro classiques, il permet de capturer des sujets en tr\u00e8s gros plan tout en int\u00e9grant leur environnement, offrant ainsi des images spectaculaires et cr\u00e9atives.<\/p>\n<p data-start=\"490\" data-end=\"810\">Gr\u00e2ce \u00e0 son <strong data-start=\"502\" data-end=\"534\">rapport de grossissement 2:1<\/strong>, cet objectif r\u00e9v\u00e8le des d\u00e9tails invisibles \u00e0 l\u2019\u0153il nu, tout en conservant une large perspective. Sa <strong data-start=\"636\" data-end=\"670\">mise au point manuelle pr\u00e9cise<\/strong> garantit un contr\u00f4le total lors des prises de vue, id\u00e9al pour la macro, la nature, les produits, l\u2019alimentaire et la photographie cr\u00e9ative.<\/p>\n<p data-start=\"812\" data-end=\"1083\">Sa construction optique avanc\u00e9e assure une <strong data-start=\"855\" data-end=\"924\">excellente nettet\u00e9, un contraste \u00e9lev\u00e9 et une distorsion minimale<\/strong>. Compact et l\u00e9ger, le Laowa 24mm f\/14 Macro est parfaitement adapt\u00e9 aux bo\u00eetiers <strong data-start=\"1006\" data-end=\"1030\">Sony FE plein format<\/strong>, tout en restant compatible avec les capteurs APS-C.<\/p>\n<p data-start=\"1085\" data-end=\"1249\">C\u2019est l\u2019outil id\u00e9al pour les photographes qui souhaitent repousser les limites de la macro traditionnelle et cr\u00e9er des images originales avec un fort impact visuel.<\/p>\n<hr data-start=\"1251\" data-end=\"1254\" \/>\n<h3 data-start=\"1256\" data-end=\"1276\"><strong data-start=\"1260\" data-end=\"1276\">Points forts<\/strong><\/h3>\n<ul data-start=\"1277\" data-end=\"1525\">\n<li data-start=\"1277\" data-end=\"1314\">\n<p data-start=\"1279\" data-end=\"1314\">Objectif macro grand-angle unique<\/p>\n<\/li>\n<li data-start=\"1315\" data-end=\"1354\">\n<p data-start=\"1317\" data-end=\"1354\">Grossissement <strong data-start=\"1331\" data-end=\"1352\">2:1 (super macro)<\/strong><\/p>\n<\/li>\n<li data-start=\"1355\" data-end=\"1399\">\n<p data-start=\"1357\" data-end=\"1399\">Perspective large pour int\u00e9grer le d\u00e9cor<\/p>\n<\/li>\n<li data-start=\"1400\" data-end=\"1430\">\n<p data-start=\"1402\" data-end=\"1430\">Excellente qualit\u00e9 optique<\/p>\n<\/li>\n<li data-start=\"1431\" data-end=\"1465\">\n<p data-start=\"1433\" data-end=\"1465\">Mise au point manuelle pr\u00e9cise<\/p>\n<\/li>\n<li data-start=\"1466\" data-end=\"1504\">\n<p data-start=\"1468\" data-end=\"1504\">Monture <strong data-start=\"1476\" data-end=\"1502\">Sony FE (plein format)<\/strong><\/p>\n<\/li>\n<li data-start=\"1505\" data-end=\"1525\">\n<p data-start=\"1507\" data-end=\"1525\">Compact et l\u00e9ger<\/p>\n<\/li>\n<\/ul>\n<hr data-start=\"1527\" data-end=\"1530\" \/>\n<h3 data-start=\"1532\" data-end=\"1579\"><strong data-start=\"1536\" data-end=\"1579\">Description courte (pour fiche produit)<\/strong><\/h3>\n<p data-start=\"1580\" data-end=\"1873\">Le <strong data-start=\"1583\" data-end=\"1616\">Laowa 24mm f\/14 Macro Sony FE<\/strong> est un objectif macro grand-angle capable d\u2019atteindre un grossissement 2:1 tout en conservant une large perspective. Id\u00e9al pour la macro cr\u00e9ative, la photographie de produits et la nature, il offre une qualit\u00e9 d\u2019image exceptionnelle dans un format compact.<\/p>","protected":false},"excerpt":{"rendered":"<p><strong data-start=\"56\" data-end=\"94\">Laowa 24mm f\/14 Macro pour Sony FE<\/strong> est un objectif macro grand-angle unique offrant un grossissement 2:1. Il permet de capturer des d\u00e9tails extr\u00eames tout en int\u00e9grant l\u2019environnement, id\u00e9al pour la macro cr\u00e9ative, la photo de produits et la nature, avec une excellente qualit\u00e9 d\u2019image dans un format compact.<\/p>","protected":false},"featured_media":29579,"comment_status":"open","ping_status":"closed","template":"","meta":[],"product_brand":[],"product_cat":[161],"product_tag":[],"class_list":{"0":"post-29574","1":"product","2":"type-product","3":"status-publish","4":"has-post-thumbnail","6":"product_cat-cameras","8":"first","9":"instock","10":"purchasable","11":"product-type-simple"},"jetpack_sharing_enabled":true,"_links":{"self":[{"href":"https:\/\/yahyaouishop.com\/fr\/wp-json\/wp\/v2\/product\/29574","targetHints":{"allow":["GET"]}}],"collection":[{"href":"https:\/\/yahyaouishop.com\/fr\/wp-json\/wp\/v2\/product"}],"about":[{"href":"https:\/\/yahyaouishop.com\/fr\/wp-json\/wp\/v2\/types\/product"}],"replies":[{"embeddable":true,"href":"https:\/\/yahyaouishop.com\/fr\/wp-json\/wp\/v2\/comments?post=29574"}],"version-history":[{"count":1,"href":"https:\/\/yahyaouishop.com\/fr\/wp-json\/wp\/v2\/product\/29574\/revisions"}],"predecessor-version":[{"id":29580,"href":"https:\/\/yahyaouishop.com\/fr\/wp-json\/wp\/v2\/product\/29574\/revisions\/29580"}],"wp:featuredmedia":[{"embeddable":true,"href":"https:\/\/yahyaouishop.com\/fr\/wp-json\/wp\/v2\/media\/29579"}],"wp:attachment":[{"href":"https:\/\/yahyaouishop.com\/fr\/wp-json\/wp\/v2\/media?parent=29574"}],"wp:term":[{"taxonomy":"product_brand","embeddable":true,"href":"https:\/\/yahyaouishop.com\/fr\/wp-json\/wp\/v2\/product_brand?post=29574"},{"taxonomy":"product_cat","embeddable":true,"href":"https:\/\/yahyaouishop.com\/fr\/wp-json\/wp\/v2\/product_cat?post=29574"},{"taxonomy":"product_tag","embeddable":true,"href":"https:\/\/yahyaouishop.com\/fr\/wp-json\/wp\/v2\/product_tag?post=29574"}],"curies":[{"name":"wp","href":"https:\/\/api.w.org\/{rel}","templated":true}]}}