{"id":29535,"date":"2025-12-26T16:43:47","date_gmt":"2025-12-26T15:43:47","guid":{"rendered":"https:\/\/yahyaouishop.com\/?post_type=product&#038;p=29535"},"modified":"2025-12-26T16:45:41","modified_gmt":"2025-12-26T15:45:41","slug":"fujifilm-instax-mini-11-appareil-photo-instantane","status":"publish","type":"product","link":"https:\/\/yahyaouishop.com\/fr\/produit\/fujifilm-instax-mini-11-appareil-photo-instantane\/","title":{"rendered":"Fujifilm Instax Mini 11 Appareil photo instantan\u00e9"},"content":{"rendered":"<h3 data-start=\"47\" data-end=\"78\"><strong data-start=\"51\" data-end=\"78\">Fujifilm Instax Mini 11<\/strong><\/h3>\n<p data-start=\"79\" data-end=\"336\">Immortalisez vos souvenirs en un instant avec l&#8217;Instax Mini 11. Simple d\u2019utilisation et au design compact, cet appareil photo instantan\u00e9 est parfait pour capturer des moments authentiques et les transformer imm\u00e9diatement en photos au format carte de cr\u00e9dit.<\/p>\n<p data-start=\"338\" data-end=\"570\">Gr\u00e2ce \u00e0 l\u2019exposition automatique, il s\u2019adapte automatiquement \u00e0 la lumi\u00e8re pour des clich\u00e9s clairs sans r\u00e9glages compliqu\u00e9s. Le mode selfie int\u00e9gr\u00e9, activ\u00e9 d\u2019un simple geste, permet de r\u00e9ussir portraits et gros plans avec pr\u00e9cision.<\/p>\n<p data-start=\"572\" data-end=\"590\"><strong data-start=\"572\" data-end=\"590\">Points forts :<\/strong><\/p>\n<ul data-start=\"591\" data-end=\"926\">\n<li data-start=\"591\" data-end=\"677\">\n<p data-start=\"593\" data-end=\"677\">Exposition automatique : des photos r\u00e9ussies dans toutes les conditions lumineuses<\/p>\n<\/li>\n<li data-start=\"678\" data-end=\"746\">\n<p data-start=\"680\" data-end=\"746\">Mode Selfie &amp; Gros plans : d\u00e9clenchement simple, cadrage parfait<\/p>\n<\/li>\n<li data-start=\"747\" data-end=\"813\">\n<p data-start=\"749\" data-end=\"813\">L\u00e9ger et compact : id\u00e9al pour les voyages, f\u00eates et \u00e9v\u00e9nements<\/p>\n<\/li>\n<li data-start=\"814\" data-end=\"881\">\n<p data-start=\"816\" data-end=\"881\">Impressions instantan\u00e9es : format mini (cr\u00e9dit) pr\u00eat \u00e0 partager<\/p>\n<\/li>\n<li data-start=\"882\" data-end=\"926\">\n<p data-start=\"884\" data-end=\"926\">Disponible en plusieurs couleurs tendances<\/p>\n<\/li>\n<\/ul>\n<p data-start=\"928\" data-end=\"1026\"><strong data-start=\"928\" data-end=\"944\">Id\u00e9al pour :<\/strong> f\u00eates, mariages, voyages, cadeaux, cr\u00e9ations scrapbooking et souvenirs spontan\u00e9s<\/p>","protected":false},"excerpt":{"rendered":"<p><strong data-start=\"69\" data-end=\"96\">Fujifilm Instax Mini 11<\/strong><br data-start=\"96\" data-end=\"99\" \/>Appareil photo instantan\u00e9 facile \u00e0 utiliser, avec exposition automatique et mode selfie int\u00e9gr\u00e9. Compact et l\u00e9ger, il imprime vos photos au format carte de cr\u00e9dit en quelques secondes. Id\u00e9al pour les voyages, f\u00eates et souvenirs du quotidien.<\/p>","protected":false},"featured_media":29536,"comment_status":"open","ping_status":"closed","template":"","meta":[],"product_brand":[],"product_cat":[170],"product_tag":[226],"class_list":{"0":"post-29535","1":"product","2":"type-product","3":"status-publish","4":"has-post-thumbnail","6":"product_cat-fujifilm","7":"product_tag-brand-fujifilm","9":"first","10":"instock","11":"purchasable","12":"product-type-simple"},"jetpack_sharing_enabled":true,"_links":{"self":[{"href":"https:\/\/yahyaouishop.com\/fr\/wp-json\/wp\/v2\/product\/29535","targetHints":{"allow":["GET"]}}],"collection":[{"href":"https:\/\/yahyaouishop.com\/fr\/wp-json\/wp\/v2\/product"}],"about":[{"href":"https:\/\/yahyaouishop.com\/fr\/wp-json\/wp\/v2\/types\/product"}],"replies":[{"embeddable":true,"href":"https:\/\/yahyaouishop.com\/fr\/wp-json\/wp\/v2\/comments?post=29535"}],"version-history":[{"count":3,"href":"https:\/\/yahyaouishop.com\/fr\/wp-json\/wp\/v2\/product\/29535\/revisions"}],"predecessor-version":[{"id":29541,"href":"https:\/\/yahyaouishop.com\/fr\/wp-json\/wp\/v2\/product\/29535\/revisions\/29541"}],"wp:featuredmedia":[{"embeddable":true,"href":"https:\/\/yahyaouishop.com\/fr\/wp-json\/wp\/v2\/media\/29536"}],"wp:attachment":[{"href":"https:\/\/yahyaouishop.com\/fr\/wp-json\/wp\/v2\/media?parent=29535"}],"wp:term":[{"taxonomy":"product_brand","embeddable":true,"href":"https:\/\/yahyaouishop.com\/fr\/wp-json\/wp\/v2\/product_brand?post=29535"},{"taxonomy":"product_cat","embeddable":true,"href":"https:\/\/yahyaouishop.com\/fr\/wp-json\/wp\/v2\/product_cat?post=29535"},{"taxonomy":"product_tag","embeddable":true,"href":"https:\/\/yahyaouishop.com\/fr\/wp-json\/wp\/v2\/product_tag?post=29535"}],"curies":[{"name":"wp","href":"https:\/\/api.w.org\/{rel}","templated":true}]}}