{"id":29510,"date":"2025-12-23T18:26:08","date_gmt":"2025-12-23T17:26:08","guid":{"rendered":"https:\/\/yahyaouishop.com\/?post_type=product&#038;p=29510"},"modified":"2026-03-25T10:24:39","modified_gmt":"2026-03-25T09:24:39","slug":"godox-litemons-la300r-rgb-led-monolight","status":"publish","type":"product","link":"https:\/\/yahyaouishop.com\/fr\/produit\/godox-litemons-la300r-rgb-led-monolight\/","title":{"rendered":"Godox Litemons LA300R RGB LED Monolight"},"content":{"rendered":"<h3 data-start=\"156\" data-end=\"225\"><strong data-start=\"160\" data-end=\"225\">Godox Litemons LA300R \u2013 Projecteur LED RGB Professionnel 300W<\/strong><\/h3>\n<p data-start=\"227\" data-end=\"654\">Le <strong data-start=\"230\" data-end=\"255\">Godox Litemons LA300R<\/strong> est un projecteur <strong data-start=\"274\" data-end=\"301\">LED RGB haute puissance<\/strong> con\u00e7u pour les productions photo et vid\u00e9o professionnelles, le cin\u00e9ma ind\u00e9pendant, le streaming et la cr\u00e9ation de contenu avanc\u00e9e. Avec une <strong data-start=\"442\" data-end=\"464\">puissance de 300 W<\/strong>, il fournit un \u00e9clairage tr\u00e8s intense, stable et homog\u00e8ne, atteignant jusqu\u2019\u00e0 <strong data-start=\"543\" data-end=\"591\">environ 90 000 lux \u00e0 1 m\u00e8tre avec r\u00e9flecteur<\/strong>, id\u00e9al pour les plateaux exigeants et les tournages en studio.<\/p>\n<p data-start=\"656\" data-end=\"1016\">Il offre un <strong data-start=\"668\" data-end=\"711\">contr\u00f4le pr\u00e9cis et complet des couleurs<\/strong> gr\u00e2ce \u00e0 une large plage de temp\u00e9rature allant de <strong data-start=\"761\" data-end=\"780\">1800K \u00e0 10 000K<\/strong>, ainsi que plusieurs modes professionnels : <strong data-start=\"825\" data-end=\"854\">CCT, HSI, RGBW, GEL et FX<\/strong>. Le r\u00e9glage RGB sur <strong data-start=\"875\" data-end=\"883\">360\u00b0<\/strong>, la gestion fine de la saturation et le contr\u00f4le de l\u2019intensit\u00e9 lumineuse de <strong data-start=\"961\" data-end=\"974\">0 \u00e0 100 %<\/strong> permettent une libert\u00e9 cr\u00e9ative maximale.<\/p>\n<p data-start=\"1018\" data-end=\"1212\">Le LA300R int\u00e8gre <strong data-start=\"1036\" data-end=\"1067\">14 effets lumineux sp\u00e9ciaux<\/strong> (\u00e9clair, feu, t\u00e9l\u00e9vision, flash, f\u00eate, paparazzi, etc.) pour cr\u00e9er facilement des ambiances cin\u00e9matographiques sans accessoires suppl\u00e9mentaires.<\/p>\n<p data-start=\"1214\" data-end=\"1435\">Gr\u00e2ce \u00e0 la <strong data-start=\"1225\" data-end=\"1258\">connectivit\u00e9 Bluetooth et NFC<\/strong>, le projecteur peut \u00eatre contr\u00f4l\u00e9 \u00e0 distance via l\u2019application <strong data-start=\"1322\" data-end=\"1337\">Godox Light<\/strong>, facilitant la gestion et la synchronisation de plusieurs sources lumineuses sur un m\u00eame plateau.<\/p>\n<p data-start=\"1437\" data-end=\"1675\">\u00c9quip\u00e9 d\u2019une <strong data-start=\"1450\" data-end=\"1477\">monture Bowens standard<\/strong>, le Godox Litemons LA300R est compatible avec une large gamme d\u2019accessoires professionnels : softbox, r\u00e9flecteurs, grilles, lentilles et autres modificateurs, pour un contr\u00f4le total de l\u2019\u00e9clairage.<\/p>\n<h4 data-start=\"1677\" data-end=\"1716\"><strong data-start=\"1682\" data-end=\"1716\">Caract\u00e9ristiques principales :<\/strong><\/h4>\n<ul data-start=\"1717\" data-end=\"1945\">\n<li data-start=\"1717\" data-end=\"1744\">\n<p data-start=\"1719\" data-end=\"1744\">Puissance LED : <strong data-start=\"1735\" data-end=\"1744\">300 W<\/strong><\/p>\n<\/li>\n<li data-start=\"1745\" data-end=\"1791\">\n<p data-start=\"1747\" data-end=\"1791\">Temp\u00e9rature de couleur : <strong data-start=\"1772\" data-end=\"1791\">1800K \u2013 10 000K<\/strong><\/p>\n<\/li>\n<li data-start=\"1792\" data-end=\"1825\">\n<p data-start=\"1794\" data-end=\"1825\">Modes : CCT, HSI, RGBW, GEL, FX<\/p>\n<\/li>\n<li data-start=\"1826\" data-end=\"1861\">\n<p data-start=\"1828\" data-end=\"1861\">Effets lumineux int\u00e9gr\u00e9s : <strong data-start=\"1855\" data-end=\"1861\">14<\/strong><\/p>\n<\/li>\n<li data-start=\"1862\" data-end=\"1913\">\n<p data-start=\"1864\" data-end=\"1913\">Contr\u00f4le via application mobile (Bluetooth &amp; NFC)<\/p>\n<\/li>\n<li data-start=\"1914\" data-end=\"1945\">\n<p data-start=\"1916\" data-end=\"1945\">Monture : <strong data-start=\"1926\" data-end=\"1945\">Bowens standard<\/strong><\/p>\n<\/li>\n<\/ul>\n<p data-start=\"1947\" data-end=\"2118\"><strong data-start=\"1947\" data-end=\"2118\">Le Godox Litemons LA300R est une solution d\u2019\u00e9clairage RGB puissante, fiable et cr\u00e9ative, parfaitement adapt\u00e9e aux besoins des vid\u00e9astes et photographes professionnels.<\/strong><\/p>\n<hr data-start=\"2120\" data-end=\"2123\" \/>\n<p data-start=\"2125\" data-end=\"2164\">Si tu veux, je peux aussi te pr\u00e9parer :<\/p>\n<ul data-start=\"2165\" data-end=\"2296\" data-is-last-node=\"\" data-is-only-node=\"\">\n<li data-start=\"2165\" data-end=\"2208\">\n<p data-start=\"2167\" data-end=\"2208\">une <strong data-start=\"2171\" data-end=\"2208\">version courte pour fiche produit<\/strong><\/p>\n<\/li>\n<li data-start=\"2209\" data-end=\"2253\">\n<p data-start=\"2211\" data-end=\"2253\">un <strong data-start=\"2214\" data-end=\"2253\">tableau comparatif LA200R vs LA300R<\/strong><\/p>\n<\/li>\n<li data-start=\"2254\" data-end=\"2296\" data-is-last-node=\"\">\n<p data-start=\"2256\" data-end=\"2296\" data-is-last-node=\"\">ou une <strong data-start=\"2263\" data-end=\"2296\" data-is-last-node=\"\">description marketing premium<\/strong><\/p>\n<\/li>\n<\/ul>","protected":false},"excerpt":{"rendered":"<p>Godox Litemons LA300R \u2013 Projecteur LED RGB Professionnel 300W Le Godox Litemons LA300R est un projecteur LED RGB haute puissance<\/p>","protected":false},"featured_media":29511,"comment_status":"open","ping_status":"closed","template":"","meta":[],"product_brand":[],"product_cat":[142],"product_tag":[229],"class_list":{"0":"post-29510","1":"product","2":"type-product","3":"status-publish","4":"has-post-thumbnail","6":"product_cat-eclairages-continues","7":"product_tag-brand-godox","9":"first","10":"instock","11":"purchasable","12":"product-type-simple"},"jetpack_sharing_enabled":true,"_links":{"self":[{"href":"https:\/\/yahyaouishop.com\/fr\/wp-json\/wp\/v2\/product\/29510","targetHints":{"allow":["GET"]}}],"collection":[{"href":"https:\/\/yahyaouishop.com\/fr\/wp-json\/wp\/v2\/product"}],"about":[{"href":"https:\/\/yahyaouishop.com\/fr\/wp-json\/wp\/v2\/types\/product"}],"replies":[{"embeddable":true,"href":"https:\/\/yahyaouishop.com\/fr\/wp-json\/wp\/v2\/comments?post=29510"}],"version-history":[{"count":1,"href":"https:\/\/yahyaouishop.com\/fr\/wp-json\/wp\/v2\/product\/29510\/revisions"}],"predecessor-version":[{"id":29521,"href":"https:\/\/yahyaouishop.com\/fr\/wp-json\/wp\/v2\/product\/29510\/revisions\/29521"}],"wp:featuredmedia":[{"embeddable":true,"href":"https:\/\/yahyaouishop.com\/fr\/wp-json\/wp\/v2\/media\/29511"}],"wp:attachment":[{"href":"https:\/\/yahyaouishop.com\/fr\/wp-json\/wp\/v2\/media?parent=29510"}],"wp:term":[{"taxonomy":"product_brand","embeddable":true,"href":"https:\/\/yahyaouishop.com\/fr\/wp-json\/wp\/v2\/product_brand?post=29510"},{"taxonomy":"product_cat","embeddable":true,"href":"https:\/\/yahyaouishop.com\/fr\/wp-json\/wp\/v2\/product_cat?post=29510"},{"taxonomy":"product_tag","embeddable":true,"href":"https:\/\/yahyaouishop.com\/fr\/wp-json\/wp\/v2\/product_tag?post=29510"}],"curies":[{"name":"wp","href":"https:\/\/api.w.org\/{rel}","templated":true}]}}