{"id":29508,"date":"2025-12-23T17:37:51","date_gmt":"2025-12-23T16:37:51","guid":{"rendered":"https:\/\/yahyaouishop.com\/?post_type=product&#038;p=29508"},"modified":"2026-03-01T23:17:04","modified_gmt":"2026-03-01T23:17:04","slug":"litemons-godox-la200r-rgb-led-monolight-white","status":"publish","type":"product","link":"https:\/\/yahyaouishop.com\/fr\/produit\/litemons-godox-la200r-rgb-led-monolight-white\/","title":{"rendered":"Litemons Godox LA200R RGB LED Monolight (White)"},"content":{"rendered":"<div class=\"flex flex-col text-sm pb-25\">\n<article class=\"text-token-text-primary w-full focus:outline-none [--shadow-height:45px] has-data-writing-block:pointer-events-none has-data-writing-block:-mt-(--shadow-height) has-data-writing-block:pt-(--shadow-height) [&amp;:has([data-writing-block])&gt;*]:pointer-events-auto scroll-mt-[calc(var(--header-height)+min(200px,max(70px,20svh)))]\" dir=\"auto\" data-turn-id=\"request-WEB:530f9368-a021-4e9b-9d5c-d33c8cbb9ea5-3\" data-testid=\"conversation-turn-8\" data-scroll-anchor=\"true\" data-turn=\"assistant\">\n<div class=\"text-base my-auto mx-auto pb-10 [--thread-content-margin:--spacing(4)] @w-sm\/main:[--thread-content-margin:--spacing(6)] @w-lg\/main:[--thread-content-margin:--spacing(16)] px-(--thread-content-margin)\">\n<div class=\"[--thread-content-max-width:40rem] @w-lg\/main:[--thread-content-max-width:48rem] mx-auto max-w-(--thread-content-max-width) flex-1 group\/turn-messages focus-visible:outline-hidden relative flex w-full min-w-0 flex-col agent-turn\">\n<div class=\"flex max-w-full flex-col grow\">\n<div class=\"min-h-8 text-message relative flex w-full flex-col items-end gap-2 text-start break-words whitespace-normal [.text-message+&amp;]:mt-1\" dir=\"auto\" data-message-author-role=\"assistant\" data-message-id=\"1b997756-c02c-4631-a60a-06fc2263ead3\" data-message-model-slug=\"gpt-5-2\">\n<div class=\"flex w-full flex-col gap-1 empty:hidden first:pt-[1px]\">\n<div class=\"markdown prose dark:prose-invert w-full break-words dark markdown-new-styling\">\n<h3 data-start=\"158\" data-end=\"227\"><strong data-start=\"162\" data-end=\"227\">Godox Litemons LA200R \u2013 Projecteur LED RGB Professionnel 220W<\/strong><\/h3>\n<p data-start=\"229\" data-end=\"597\">Le <strong data-start=\"232\" data-end=\"257\">Godox Litemons LA200R<\/strong> est un projecteur LED RGB haute performance con\u00e7u pour la photographie, la vid\u00e9o, le cin\u00e9ma ind\u00e9pendant, le streaming et la cr\u00e9ation de contenu. Gr\u00e2ce \u00e0 sa <strong data-start=\"414\" data-end=\"436\">puissance de 220 W<\/strong>, il d\u00e9livre un \u00e9clairage intense, stable et uniforme, atteignant jusqu\u2019\u00e0 <strong data-start=\"510\" data-end=\"550\">64 000 lux \u00e0 1 m\u00e8tre avec r\u00e9flecteur<\/strong>, id\u00e9al pour les environnements professionnels.<\/p>\n<p data-start=\"599\" data-end=\"921\">Il offre une <strong data-start=\"612\" data-end=\"645\">gestion compl\u00e8te des couleurs<\/strong> avec une plage de temp\u00e9rature \u00e9tendue de <strong data-start=\"687\" data-end=\"706\">1800K \u00e0 10 000K<\/strong>, ainsi que plusieurs modes avanc\u00e9s : <strong data-start=\"744\" data-end=\"773\">CCT, HSI, RGBW, GEL et FX<\/strong>. Le contr\u00f4le RGB \u00e0 <strong data-start=\"793\" data-end=\"801\">360\u00b0<\/strong>, la saturation pr\u00e9cise et le r\u00e9glage progressif de l\u2019intensit\u00e9 de <strong data-start=\"868\" data-end=\"881\">0 \u00e0 100 %<\/strong> permettent une libert\u00e9 cr\u00e9ative totale.<\/p>\n<p data-start=\"923\" data-end=\"1121\">Le LA200R int\u00e8gre <strong data-start=\"941\" data-end=\"972\">14 effets lumineux sp\u00e9ciaux<\/strong> (\u00e9clair, feu, t\u00e9l\u00e9vision, flash, f\u00eate, etc.), facilitant la cr\u00e9ation d\u2019ambiances cin\u00e9matographiques sans recourir \u00e0 des \u00e9quipements suppl\u00e9mentaires.<\/p>\n<p data-start=\"1123\" data-end=\"1334\">Gr\u00e2ce \u00e0 sa <strong data-start=\"1134\" data-end=\"1167\">connectivit\u00e9 Bluetooth et NFC<\/strong>, le projecteur peut \u00eatre contr\u00f4l\u00e9 \u00e0 distance via l\u2019application <strong data-start=\"1231\" data-end=\"1246\">Godox Light<\/strong>, permettant \u00e9galement la gestion et la synchronisation de plusieurs sources lumineuses.<\/p>\n<p data-start=\"1336\" data-end=\"1575\">Dot\u00e9 d\u2019une <strong data-start=\"1347\" data-end=\"1374\">monture Bowens standard<\/strong>, le Godox LA200R est compatible avec une large gamme de modificateurs d\u2019\u00e9clairage tels que softbox, r\u00e9flecteurs, grilles ou lentilles, assurant une ma\u00eetrise optimale de la lumi\u00e8re selon chaque projet.<\/p>\n<h4 data-start=\"1577\" data-end=\"1616\"><strong data-start=\"1582\" data-end=\"1616\">Caract\u00e9ristiques principales :<\/strong><\/h4>\n<ul data-start=\"1617\" data-end=\"1845\">\n<li data-start=\"1617\" data-end=\"1644\">\n<p data-start=\"1619\" data-end=\"1644\">Puissance LED : <strong data-start=\"1635\" data-end=\"1644\">220 W<\/strong><\/p>\n<\/li>\n<li data-start=\"1645\" data-end=\"1691\">\n<p data-start=\"1647\" data-end=\"1691\">Temp\u00e9rature de couleur : <strong data-start=\"1672\" data-end=\"1691\">1800K \u2013 10 000K<\/strong><\/p>\n<\/li>\n<li data-start=\"1692\" data-end=\"1725\">\n<p data-start=\"1694\" data-end=\"1725\">Modes : CCT, HSI, RGBW, GEL, FX<\/p>\n<\/li>\n<li data-start=\"1726\" data-end=\"1761\">\n<p data-start=\"1728\" data-end=\"1761\">Effets lumineux int\u00e9gr\u00e9s : <strong data-start=\"1755\" data-end=\"1761\">14<\/strong><\/p>\n<\/li>\n<li data-start=\"1762\" data-end=\"1813\">\n<p data-start=\"1764\" data-end=\"1813\">Contr\u00f4le via application mobile (Bluetooth &amp; NFC)<\/p>\n<\/li>\n<li data-start=\"1814\" data-end=\"1845\">\n<p data-start=\"1816\" data-end=\"1845\">Monture : <strong data-start=\"1826\" data-end=\"1845\">Bowens standard<\/strong><\/p>\n<\/li>\n<\/ul>\n<p data-start=\"1847\" data-end=\"2019\"><strong data-start=\"1847\" data-end=\"2019\">Le Godox Litemons LA200R est une solution d\u2019\u00e9clairage professionnelle, puissante et cr\u00e9ative, parfaitement adapt\u00e9e aux exigences des vid\u00e9astes et photographes modernes.<\/strong><\/p>\n<hr data-start=\"2021\" data-end=\"2024\" \/>\n<p data-start=\"2026\" data-end=\"2062\">Si tu veux, je peux aussi te faire :<\/p>\n<ul data-start=\"2063\" data-end=\"2193\" data-is-last-node=\"\" data-is-only-node=\"\">\n<li data-start=\"2063\" data-end=\"2118\">\n<p data-start=\"2065\" data-end=\"2118\">une <strong data-start=\"2069\" data-end=\"2116\">version courte (SEO \/ fiche produit rapide)<\/strong><\/p>\n<\/li>\n<li data-start=\"2119\" data-end=\"2156\">\n<p data-start=\"2121\" data-end=\"2156\">une <strong data-start=\"2125\" data-end=\"2154\">version premium marketing<\/strong><\/p>\n<\/li>\n<li data-start=\"2157\" data-end=\"2193\" data-is-last-node=\"\">\n<p data-start=\"2159\" data-end=\"2193\" data-is-last-node=\"\">ou une <strong data-start=\"2166\" data-end=\"2193\" data-is-last-node=\"\">fiche technique s\u00e9par\u00e9e<\/strong><\/p>\n<\/li>\n<\/ul>\n<\/div>\n<\/div>\n<\/div>\n<\/div>\n<div class=\"z-0 flex min-h-[46px] justify-start\"><\/div>\n<div class=\"mt-3 w-full empty:hidden\">\n<div class=\"text-center\"><\/div>\n<\/div>\n<\/div>\n<\/div>\n<\/article>\n<\/div>\n<div class=\"pointer-events-none h-px w-px absolute bottom-0\" aria-hidden=\"true\" data-edge=\"true\"><\/div>","protected":false},"excerpt":{"rendered":"<p>Godox Litemons LA200R \u2013 Projecteur LED RGB Professionnel 220W Le Godox Litemons LA200R est un projecteur LED RGB haute performance<\/p>","protected":false},"featured_media":29473,"comment_status":"open","ping_status":"closed","template":"","meta":[],"product_brand":[],"product_cat":[142],"product_tag":[],"class_list":{"0":"post-29508","1":"product","2":"type-product","3":"status-publish","4":"has-post-thumbnail","6":"product_cat-eclairages-continues","8":"first","9":"instock","10":"purchasable","11":"product-type-simple"},"jetpack_sharing_enabled":true,"_links":{"self":[{"href":"https:\/\/yahyaouishop.com\/fr\/wp-json\/wp\/v2\/product\/29508","targetHints":{"allow":["GET"]}}],"collection":[{"href":"https:\/\/yahyaouishop.com\/fr\/wp-json\/wp\/v2\/product"}],"about":[{"href":"https:\/\/yahyaouishop.com\/fr\/wp-json\/wp\/v2\/types\/product"}],"replies":[{"embeddable":true,"href":"https:\/\/yahyaouishop.com\/fr\/wp-json\/wp\/v2\/comments?post=29508"}],"version-history":[{"count":1,"href":"https:\/\/yahyaouishop.com\/fr\/wp-json\/wp\/v2\/product\/29508\/revisions"}],"predecessor-version":[{"id":29509,"href":"https:\/\/yahyaouishop.com\/fr\/wp-json\/wp\/v2\/product\/29508\/revisions\/29509"}],"wp:featuredmedia":[{"embeddable":true,"href":"https:\/\/yahyaouishop.com\/fr\/wp-json\/wp\/v2\/media\/29473"}],"wp:attachment":[{"href":"https:\/\/yahyaouishop.com\/fr\/wp-json\/wp\/v2\/media?parent=29508"}],"wp:term":[{"taxonomy":"product_brand","embeddable":true,"href":"https:\/\/yahyaouishop.com\/fr\/wp-json\/wp\/v2\/product_brand?post=29508"},{"taxonomy":"product_cat","embeddable":true,"href":"https:\/\/yahyaouishop.com\/fr\/wp-json\/wp\/v2\/product_cat?post=29508"},{"taxonomy":"product_tag","embeddable":true,"href":"https:\/\/yahyaouishop.com\/fr\/wp-json\/wp\/v2\/product_tag?post=29508"}],"curies":[{"name":"wp","href":"https:\/\/api.w.org\/{rel}","templated":true}]}}