{"id":24599,"date":"2025-12-07T19:49:34","date_gmt":"2025-12-07T18:49:34","guid":{"rendered":"https:\/\/yahyaouishop.com\/produit\/rode-wireless-me-kit-micro-sans-fil-compact-2-tx-1-rx\/"},"modified":"2026-03-25T10:33:05","modified_gmt":"2026-03-25T09:33:05","slug":"rode-wireless-me-kit-micro-sans-fil-compact-2-tx-1-rx","status":"publish","type":"product","link":"https:\/\/yahyaouishop.com\/fr\/produit\/rode-wireless-me-kit-micro-sans-fil-compact-2-tx-1-rx\/","title":{"rendered":"Rode Wireless ME \u2013 Kit micro sans fil compact (2\u00a0TX + 1\u00a0RX)"},"content":{"rendered":"<h2>Pr\u00e9sentation<\/h2>\n<p>Le <strong>Rode Wireless ME<\/strong> est un kit micro sans fil compact destin\u00e9 aux cr\u00e9ateurs de contenu, vloggers et journalistes. Ses deux \u00e9metteurs disposent de micros int\u00e9gr\u00e9s et peuvent accueillir un micro externe. Le r\u00e9cepteur dispose \u00e9galement d\u2019un micro int\u00e9gr\u00e9 pour capturer la voix de l\u2019op\u00e9rateur. La technologie GainAssist\u2122 ajuste automatiquement le gain pour \u00e9viter toute distorsion.<\/p>\n<h3>Caract\u00e9ristiques principales<\/h3>\n<ul>\n<li>Syst\u00e8me complet avec deux \u00e9metteurs et un r\u00e9cepteur, pr\u00eat \u00e0 l\u2019emploi d\u00e8s la sortie de la bo\u00eete.<\/li>\n<li>Microphones int\u00e9gr\u00e9s dans les \u00e9metteurs et le r\u00e9cepteur pour enregistrer l\u2019intervenant et l\u2019op\u00e9rateur simultan\u00e9ment.<\/li>\n<li>Transmission num\u00e9rique S\u00e9rie\u00a0IV 2,4\u00a0GHz offrant une port\u00e9e jusqu\u2019\u00e0 100\u00a0m avec appairage automatique.<\/li>\n<li>Technologie GainAssist\u2122 assurant des niveaux audio \u00e9quilibr\u00e9s sans r\u00e9glage manuel.<\/li>\n<li>Autonomie d\u2019environ 7\u00a0heures et possibilit\u00e9 d\u2019ajouter un deuxi\u00e8me \u00e9metteur pour enregistrer un troisi\u00e8me intervenant.<\/li>\n<li>Compatibilit\u00e9 avec cam\u00e9ras, smartphones et ordinateurs via sorties TRS et USB\u2011C; livr\u00e9 avec c\u00e2bles et accessoires n\u00e9cessaires.<\/li>\n<li>Con\u00e7u et fabriqu\u00e9 \u00e0 Sydney, Australie.<\/li>\n<\/ul>\n<h3>Id\u00e9al pour<\/h3>\n<p>Les vid\u00e9astes, vloggers et enseignants qui cherchent un syst\u00e8me sans fil plug\u2011and\u2011play capable de capturer jusqu\u2019\u00e0 deux intervenants plus l\u2019op\u00e9rateur avec un minimum de configuration.<\/p>","protected":false},"excerpt":{"rendered":"<ul>\n<li>Syst\u00e8me sans fil ultra\u2011compact avec deux \u00e9metteurs et un r\u00e9cepteur<\/li>\n<li>Micro int\u00e9gr\u00e9 dans l\u2019\u00e9metteur et le r\u00e9cepteur pour enregistrer l\u2019intervenant et l\u2019op\u00e9rateur<\/li>\n<li>Technologie GainAssist\u2122 pour r\u00e9gler automatiquement les niveaux<\/li>\n<li>Autonomie d\u2019environ&nbsp;7&nbsp;heures et port\u00e9e jusqu\u2019\u00e0 100&nbsp;m<\/li>\n<\/ul>\n<p>Le Rode Wireless ME DUAL est un syst\u00e8me de microphone sans fil rationalis\u00e9 et facile \u00e0 utiliser. Il est destin\u00e9 aux cr\u00e9ateurs de contenu, aux vloggers, aux influenceurs et aux journalistes mobiles pour \u00eatre utilis\u00e9 en toute confiance pour toutes les productions. En plus des deux microphones\/\u00e9metteurs \u00e0 clipser, le r\u00e9cepteur \u00e0 deux canaux est \u00e9galement dot\u00e9 d&#8217;un micro int\u00e9gr\u00e9, ce qui permet d&#8217;enregistrer l&#8217;audio de l&#8217;op\u00e9rateur de la cam\u00e9ra, ce qui est id\u00e9al pour les interviews et les documentaires \u00e0 deux personnes.<\/p>","protected":false},"featured_media":24865,"comment_status":"open","ping_status":"closed","template":"","meta":[],"product_brand":[500],"product_cat":[631,188],"product_tag":[235],"class_list":{"0":"post-24599","1":"product","2":"type-product","3":"status-publish","4":"has-post-thumbnail","6":"product_brand-rode","7":"product_cat-microphone","8":"product_cat-son","9":"product_tag-brand-rode","11":"first","12":"instock","13":"purchasable","14":"product-type-simple"},"jetpack_sharing_enabled":true,"_links":{"self":[{"href":"https:\/\/yahyaouishop.com\/fr\/wp-json\/wp\/v2\/product\/24599","targetHints":{"allow":["GET"]}}],"collection":[{"href":"https:\/\/yahyaouishop.com\/fr\/wp-json\/wp\/v2\/product"}],"about":[{"href":"https:\/\/yahyaouishop.com\/fr\/wp-json\/wp\/v2\/types\/product"}],"replies":[{"embeddable":true,"href":"https:\/\/yahyaouishop.com\/fr\/wp-json\/wp\/v2\/comments?post=24599"}],"version-history":[{"count":3,"href":"https:\/\/yahyaouishop.com\/fr\/wp-json\/wp\/v2\/product\/24599\/revisions"}],"predecessor-version":[{"id":29672,"href":"https:\/\/yahyaouishop.com\/fr\/wp-json\/wp\/v2\/product\/24599\/revisions\/29672"}],"wp:featuredmedia":[{"embeddable":true,"href":"https:\/\/yahyaouishop.com\/fr\/wp-json\/wp\/v2\/media\/24865"}],"wp:attachment":[{"href":"https:\/\/yahyaouishop.com\/fr\/wp-json\/wp\/v2\/media?parent=24599"}],"wp:term":[{"taxonomy":"product_brand","embeddable":true,"href":"https:\/\/yahyaouishop.com\/fr\/wp-json\/wp\/v2\/product_brand?post=24599"},{"taxonomy":"product_cat","embeddable":true,"href":"https:\/\/yahyaouishop.com\/fr\/wp-json\/wp\/v2\/product_cat?post=24599"},{"taxonomy":"product_tag","embeddable":true,"href":"https:\/\/yahyaouishop.com\/fr\/wp-json\/wp\/v2\/product_tag?post=24599"}],"curies":[{"name":"wp","href":"https:\/\/api.w.org\/{rel}","templated":true}]}}