{"id":24222,"date":"2025-11-28T22:39:56","date_gmt":"2025-11-28T21:39:56","guid":{"rendered":"https:\/\/yahyaouishop.com\/produit\/insta360-batterie-rechargeable-x5-2400-mah\/"},"modified":"2025-11-28T22:51:12","modified_gmt":"2025-11-28T21:51:12","slug":"insta360-batterie-rechargeable-x5-2400-mah","status":"publish","type":"product","link":"https:\/\/yahyaouishop.com\/fr\/produit\/insta360-batterie-rechargeable-x5-2400-mah\/","title":{"rendered":"Insta360 Batterie Rechargeable X5 \u2013 2400\u202fmAh"},"content":{"rendered":"<p>La <strong>batterie rechargeable Insta360 X5 2400\u00a0mAh<\/strong> est la solution officielle pour prolonger l\u2019autonomie de votre cam\u00e9ra X5. Elle est parfaite pour encha\u00eener les s\u00e9quences sans attendre la recharge de votre batterie principale.<\/p>\n<ul>\n<li>Capacit\u00e9 2400\u00a0mAh, suffisante pour de longues sessions de tournage en 360\u00b0.<\/li>\n<li>Compatibilit\u00e9 totale avec l\u2019Insta360 X5 et ses accessoires de charge.<\/li>\n<li>S\u00e9curit\u00e9 et performances garanties par le fabricant.<\/li>\n<\/ul>\n<p>Ajoutez une ou plusieurs batteries suppl\u00e9mentaires \u00e0 votre kit pour filmer en toute s\u00e9r\u00e9nit\u00e9 toute la journ\u00e9e.<\/p>","protected":false},"excerpt":{"rendered":"<p>Batterie rechargeable officielle 2400\u00a0mAh pour Insta360 X5, id\u00e9ale comme batterie de remplacement ou de secours.<\/p>","protected":false},"featured_media":24238,"comment_status":"open","ping_status":"closed","template":"","meta":[],"product_brand":[470],"product_cat":[156,160,126],"product_tag":[466],"class_list":{"0":"post-24222","1":"product","2":"type-product","3":"status-publish","4":"has-post-thumbnail","6":"product_brand-insta360","7":"product_cat-batteries-et-chargeurs","8":"product_cat-cameras-insta360","9":"product_cat-produits-divers","10":"product_tag-brand-insta360","12":"first","13":"instock","14":"purchasable","15":"product-type-simple"},"jetpack_sharing_enabled":true,"_links":{"self":[{"href":"https:\/\/yahyaouishop.com\/fr\/wp-json\/wp\/v2\/product\/24222","targetHints":{"allow":["GET"]}}],"collection":[{"href":"https:\/\/yahyaouishop.com\/fr\/wp-json\/wp\/v2\/product"}],"about":[{"href":"https:\/\/yahyaouishop.com\/fr\/wp-json\/wp\/v2\/types\/product"}],"replies":[{"embeddable":true,"href":"https:\/\/yahyaouishop.com\/fr\/wp-json\/wp\/v2\/comments?post=24222"}],"version-history":[{"count":1,"href":"https:\/\/yahyaouishop.com\/fr\/wp-json\/wp\/v2\/product\/24222\/revisions"}],"predecessor-version":[{"id":24253,"href":"https:\/\/yahyaouishop.com\/fr\/wp-json\/wp\/v2\/product\/24222\/revisions\/24253"}],"wp:featuredmedia":[{"embeddable":true,"href":"https:\/\/yahyaouishop.com\/fr\/wp-json\/wp\/v2\/media\/24238"}],"wp:attachment":[{"href":"https:\/\/yahyaouishop.com\/fr\/wp-json\/wp\/v2\/media?parent=24222"}],"wp:term":[{"taxonomy":"product_brand","embeddable":true,"href":"https:\/\/yahyaouishop.com\/fr\/wp-json\/wp\/v2\/product_brand?post=24222"},{"taxonomy":"product_cat","embeddable":true,"href":"https:\/\/yahyaouishop.com\/fr\/wp-json\/wp\/v2\/product_cat?post=24222"},{"taxonomy":"product_tag","embeddable":true,"href":"https:\/\/yahyaouishop.com\/fr\/wp-json\/wp\/v2\/product_tag?post=24222"}],"curies":[{"name":"wp","href":"https:\/\/api.w.org\/{rel}","templated":true}]}}