{"id":23815,"date":"2025-11-21T03:13:08","date_gmt":"2025-11-21T02:13:08","guid":{"rendered":"https:\/\/yahyaouishop.com\/produit\/insta360-perche-invisible-pour-action-1-m\/"},"modified":"2025-11-21T21:36:46","modified_gmt":"2025-11-21T20:36:46","slug":"insta360-perche-invisible-pour-action-1-m","status":"publish","type":"product","link":"https:\/\/yahyaouishop.com\/fr\/produit\/insta360-perche-invisible-pour-action-1-m\/","title":{"rendered":"Insta360 perche invisible pour action (1\u00a0m)"},"content":{"rendered":"<p>Obtenez des plans immersifs \u00e0 la troisi\u00e8me personne avec cette perche invisible en fibre de carbone. Elle se d\u00e9ploie jusqu\u2019\u00e0 1\u00a0m et se replie pour un transport facile.<\/p>\n<ul>\n<li>Dispara\u00eet de mani\u00e8re automatique des prises de vue 360, cr\u00e9ant un effet de cam\u00e9ra flottante<\/li>\n<li>Construction robuste pour les sports intenses<\/li>\n<li>Peut n\u00e9cessiter un support \u00e0 d\u00e9gagement rapide pour certains mod\u00e8les (Ace\u00a0Pro\u00a02, Ace\u00a0Pro, Ace)<\/li>\n<\/ul>","protected":false},"excerpt":{"rendered":"<p>Perche l\u00e9g\u00e8re en fibre de carbone extensible jusqu\u2019\u00e0 1\u00a0m; dispara\u00eet automatiquement des vid\u00e9os 360\u00b0; con\u00e7ue pour les sports intenses.<\/p>","protected":false},"featured_media":23872,"comment_status":"open","ping_status":"closed","template":"","meta":[],"product_brand":[470],"product_cat":[203,160,126],"product_tag":[466],"class_list":{"0":"post-23815","1":"product","2":"type-product","3":"status-publish","4":"has-post-thumbnail","6":"product_brand-insta360","7":"product_cat-accessoires","8":"product_cat-cameras-insta360","9":"product_cat-produits-divers","10":"product_tag-brand-insta360","12":"first","13":"instock","14":"purchasable","15":"product-type-simple"},"jetpack_sharing_enabled":true,"_links":{"self":[{"href":"https:\/\/yahyaouishop.com\/fr\/wp-json\/wp\/v2\/product\/23815","targetHints":{"allow":["GET"]}}],"collection":[{"href":"https:\/\/yahyaouishop.com\/fr\/wp-json\/wp\/v2\/product"}],"about":[{"href":"https:\/\/yahyaouishop.com\/fr\/wp-json\/wp\/v2\/types\/product"}],"replies":[{"embeddable":true,"href":"https:\/\/yahyaouishop.com\/fr\/wp-json\/wp\/v2\/comments?post=23815"}],"version-history":[{"count":1,"href":"https:\/\/yahyaouishop.com\/fr\/wp-json\/wp\/v2\/product\/23815\/revisions"}],"predecessor-version":[{"id":23873,"href":"https:\/\/yahyaouishop.com\/fr\/wp-json\/wp\/v2\/product\/23815\/revisions\/23873"}],"wp:featuredmedia":[{"embeddable":true,"href":"https:\/\/yahyaouishop.com\/fr\/wp-json\/wp\/v2\/media\/23872"}],"wp:attachment":[{"href":"https:\/\/yahyaouishop.com\/fr\/wp-json\/wp\/v2\/media?parent=23815"}],"wp:term":[{"taxonomy":"product_brand","embeddable":true,"href":"https:\/\/yahyaouishop.com\/fr\/wp-json\/wp\/v2\/product_brand?post=23815"},{"taxonomy":"product_cat","embeddable":true,"href":"https:\/\/yahyaouishop.com\/fr\/wp-json\/wp\/v2\/product_cat?post=23815"},{"taxonomy":"product_tag","embeddable":true,"href":"https:\/\/yahyaouishop.com\/fr\/wp-json\/wp\/v2\/product_tag?post=23815"}],"curies":[{"name":"wp","href":"https:\/\/api.w.org\/{rel}","templated":true}]}}