{"id":23814,"date":"2025-11-21T03:13:08","date_gmt":"2025-11-21T02:13:08","guid":{"rendered":"https:\/\/yahyaouishop.com\/produit\/insta360-support-moto-en-u\/"},"modified":"2025-11-21T21:36:42","modified_gmt":"2025-11-21T20:36:42","slug":"insta360-support-moto-en-u","status":"publish","type":"product","link":"https:\/\/yahyaouishop.com\/fr\/produit\/insta360-support-moto-en-u\/","title":{"rendered":"Insta360 support moto en U"},"content":{"rendered":"<p>Ce support en U se fixe solidement sur la plupart des guidons de moto et vous permet d\u2019installer une cam\u00e9ra Insta360 pour des prises de vue \u00e0 la troisi\u00e8me personne. Sa conception robuste est adapt\u00e9e aux terrains accident\u00e9s.<\/p>\n<ul>\n<li>Filetage standard 1\/4\u00a0\u2033 compatible avec la perche invisible<\/li>\n<li>Parfait pour filmer vos aventures \u00e0 moto sous de nouveaux angles<\/li>\n<\/ul>","protected":false},"excerpt":{"rendered":"<p>Support robuste en U pour fixer votre cam\u00e9ra sur le guidon; compatible avec la perche invisible pour des vues \u00e0 la troisi\u00e8me personne.<\/p>","protected":false},"featured_media":23867,"comment_status":"open","ping_status":"closed","template":"","meta":[],"product_brand":[470],"product_cat":[203,160,126],"product_tag":[466],"class_list":{"0":"post-23814","1":"product","2":"type-product","3":"status-publish","4":"has-post-thumbnail","6":"product_brand-insta360","7":"product_cat-accessoires","8":"product_cat-cameras-insta360","9":"product_cat-produits-divers","10":"product_tag-brand-insta360","12":"first","13":"instock","14":"purchasable","15":"product-type-simple"},"jetpack_sharing_enabled":true,"_links":{"self":[{"href":"https:\/\/yahyaouishop.com\/fr\/wp-json\/wp\/v2\/product\/23814","targetHints":{"allow":["GET"]}}],"collection":[{"href":"https:\/\/yahyaouishop.com\/fr\/wp-json\/wp\/v2\/product"}],"about":[{"href":"https:\/\/yahyaouishop.com\/fr\/wp-json\/wp\/v2\/types\/product"}],"replies":[{"embeddable":true,"href":"https:\/\/yahyaouishop.com\/fr\/wp-json\/wp\/v2\/comments?post=23814"}],"version-history":[{"count":1,"href":"https:\/\/yahyaouishop.com\/fr\/wp-json\/wp\/v2\/product\/23814\/revisions"}],"predecessor-version":[{"id":23868,"href":"https:\/\/yahyaouishop.com\/fr\/wp-json\/wp\/v2\/product\/23814\/revisions\/23868"}],"wp:featuredmedia":[{"embeddable":true,"href":"https:\/\/yahyaouishop.com\/fr\/wp-json\/wp\/v2\/media\/23867"}],"wp:attachment":[{"href":"https:\/\/yahyaouishop.com\/fr\/wp-json\/wp\/v2\/media?parent=23814"}],"wp:term":[{"taxonomy":"product_brand","embeddable":true,"href":"https:\/\/yahyaouishop.com\/fr\/wp-json\/wp\/v2\/product_brand?post=23814"},{"taxonomy":"product_cat","embeddable":true,"href":"https:\/\/yahyaouishop.com\/fr\/wp-json\/wp\/v2\/product_cat?post=23814"},{"taxonomy":"product_tag","embeddable":true,"href":"https:\/\/yahyaouishop.com\/fr\/wp-json\/wp\/v2\/product_tag?post=23814"}],"curies":[{"name":"wp","href":"https:\/\/api.w.org\/{rel}","templated":true}]}}