{"id":23813,"date":"2025-11-21T03:13:08","date_gmt":"2025-11-21T02:13:08","guid":{"rendered":"https:\/\/yahyaouishop.com\/produit\/insta360-support-adhesif-flexible-lot-de-2\/"},"modified":"2025-11-21T21:36:41","modified_gmt":"2025-11-21T20:36:41","slug":"insta360-support-adhesif-flexible-lot-de-2","status":"publish","type":"product","link":"https:\/\/yahyaouishop.com\/fr\/produit\/insta360-support-adhesif-flexible-lot-de-2\/","title":{"rendered":"Insta360 support adh\u00e9sif flexible (lot de 2)"},"content":{"rendered":"<p>Fixez votre cam\u00e9ra sur des casques, car\u00e9nages ou surfaces irr\u00e9guli\u00e8res gr\u00e2ce \u00e0 ce support adh\u00e9sif flexible. Les tampons adh\u00e9sifs 3M se plient pour \u00e9pouser les surfaces courbes ou planes et r\u00e9sistent \u00e0 la chaleur et \u00e0 l\u2019humidit\u00e9.<\/p>\n<ul>\n<li>Livr\u00e9 avec deux supports et un adaptateur 1\/4\u00a0\u2033 vers double broche pour compatibilit\u00e9 \u00e9tendue<\/li>\n<li>Note\u00a0: certaines cam\u00e9ras n\u00e9cessitent un support \u00e0 d\u00e9gagement rapide pour un rendu invisible; respectez les lois locales lors de l\u2019utilisation sur la route<\/li>\n<\/ul>","protected":false},"excerpt":{"rendered":"<p>Support flexible avec adh\u00e9sif 3M pour surfaces courbes ou plates; r\u00e9sistant \u00e0 la chaleur et \u00e0 l\u2019humidit\u00e9; inclut deux supports et un adaptateur 1\/4\u00a0\u2033 vers double broche.<\/p>","protected":false},"featured_media":23847,"comment_status":"open","ping_status":"closed","template":"","meta":[],"product_brand":[470],"product_cat":[203,160,126],"product_tag":[466],"class_list":{"0":"post-23813","1":"product","2":"type-product","3":"status-publish","4":"has-post-thumbnail","6":"product_brand-insta360","7":"product_cat-accessoires","8":"product_cat-cameras-insta360","9":"product_cat-produits-divers","10":"product_tag-brand-insta360","12":"first","13":"instock","14":"purchasable","15":"product-type-simple"},"jetpack_sharing_enabled":true,"_links":{"self":[{"href":"https:\/\/yahyaouishop.com\/fr\/wp-json\/wp\/v2\/product\/23813","targetHints":{"allow":["GET"]}}],"collection":[{"href":"https:\/\/yahyaouishop.com\/fr\/wp-json\/wp\/v2\/product"}],"about":[{"href":"https:\/\/yahyaouishop.com\/fr\/wp-json\/wp\/v2\/types\/product"}],"replies":[{"embeddable":true,"href":"https:\/\/yahyaouishop.com\/fr\/wp-json\/wp\/v2\/comments?post=23813"}],"version-history":[{"count":1,"href":"https:\/\/yahyaouishop.com\/fr\/wp-json\/wp\/v2\/product\/23813\/revisions"}],"predecessor-version":[{"id":23851,"href":"https:\/\/yahyaouishop.com\/fr\/wp-json\/wp\/v2\/product\/23813\/revisions\/23851"}],"wp:featuredmedia":[{"embeddable":true,"href":"https:\/\/yahyaouishop.com\/fr\/wp-json\/wp\/v2\/media\/23847"}],"wp:attachment":[{"href":"https:\/\/yahyaouishop.com\/fr\/wp-json\/wp\/v2\/media?parent=23813"}],"wp:term":[{"taxonomy":"product_brand","embeddable":true,"href":"https:\/\/yahyaouishop.com\/fr\/wp-json\/wp\/v2\/product_brand?post=23813"},{"taxonomy":"product_cat","embeddable":true,"href":"https:\/\/yahyaouishop.com\/fr\/wp-json\/wp\/v2\/product_cat?post=23813"},{"taxonomy":"product_tag","embeddable":true,"href":"https:\/\/yahyaouishop.com\/fr\/wp-json\/wp\/v2\/product_tag?post=23813"}],"curies":[{"name":"wp","href":"https:\/\/api.w.org\/{rel}","templated":true}]}}