{"id":23812,"date":"2025-11-21T03:13:07","date_gmt":"2025-11-21T02:13:07","guid":{"rendered":"https:\/\/yahyaouishop.com\/produit\/insta360-support-voiture-a-triple-ventouse\/"},"modified":"2025-11-21T21:36:58","modified_gmt":"2025-11-21T20:36:58","slug":"insta360-support-voiture-a-triple-ventouse","status":"publish","type":"product","link":"https:\/\/yahyaouishop.com\/fr\/produit\/insta360-support-voiture-a-triple-ventouse\/","title":{"rendered":"Insta360 support voiture \u00e0 triple ventouse"},"content":{"rendered":"<p>Ce support voiture \u00e0 triple ventouse permet de capturer des perspectives dynamiques depuis votre v\u00e9hicule. Les trois ventouses forment une structure triangulaire pour une stabilit\u00e9 renforc\u00e9e; chacune offre une force de succion statique jusqu\u2019\u00e0 20\u00a0kg.<\/p>\n<ul>\n<li>Conception modulaire pouvant \u00eatre utilis\u00e9e en configuration simple, double ou triple<\/li>\n<li>Pr\u00e9vu pour \u00eatre utilis\u00e9 avec la perche invisible pour des angles cin\u00e9matiques<\/li>\n<\/ul>","protected":false},"excerpt":{"rendered":"<p>Support voiture avec trois ventouses formant une structure triangulaire offrant une stabilit\u00e9 maximale; chaque ventouse supporte jusqu\u2019\u00e0 20\u00a0kg; configuration modulable.<\/p>","protected":false},"featured_media":24155,"comment_status":"open","ping_status":"closed","template":"","meta":[],"product_brand":[470],"product_cat":[203,160,126],"product_tag":[466],"class_list":{"0":"post-23812","1":"product","2":"type-product","3":"status-publish","4":"has-post-thumbnail","6":"product_brand-insta360","7":"product_cat-accessoires","8":"product_cat-cameras-insta360","9":"product_cat-produits-divers","10":"product_tag-brand-insta360","12":"first","13":"instock","14":"purchasable","15":"product-type-simple"},"jetpack_sharing_enabled":true,"_links":{"self":[{"href":"https:\/\/yahyaouishop.com\/fr\/wp-json\/wp\/v2\/product\/23812","targetHints":{"allow":["GET"]}}],"collection":[{"href":"https:\/\/yahyaouishop.com\/fr\/wp-json\/wp\/v2\/product"}],"about":[{"href":"https:\/\/yahyaouishop.com\/fr\/wp-json\/wp\/v2\/types\/product"}],"replies":[{"embeddable":true,"href":"https:\/\/yahyaouishop.com\/fr\/wp-json\/wp\/v2\/comments?post=23812"}],"version-history":[{"count":1,"href":"https:\/\/yahyaouishop.com\/fr\/wp-json\/wp\/v2\/product\/23812\/revisions"}],"predecessor-version":[{"id":24173,"href":"https:\/\/yahyaouishop.com\/fr\/wp-json\/wp\/v2\/product\/23812\/revisions\/24173"}],"wp:featuredmedia":[{"embeddable":true,"href":"https:\/\/yahyaouishop.com\/fr\/wp-json\/wp\/v2\/media\/24155"}],"wp:attachment":[{"href":"https:\/\/yahyaouishop.com\/fr\/wp-json\/wp\/v2\/media?parent=23812"}],"wp:term":[{"taxonomy":"product_brand","embeddable":true,"href":"https:\/\/yahyaouishop.com\/fr\/wp-json\/wp\/v2\/product_brand?post=23812"},{"taxonomy":"product_cat","embeddable":true,"href":"https:\/\/yahyaouishop.com\/fr\/wp-json\/wp\/v2\/product_cat?post=23812"},{"taxonomy":"product_tag","embeddable":true,"href":"https:\/\/yahyaouishop.com\/fr\/wp-json\/wp\/v2\/product_tag?post=23812"}],"curies":[{"name":"wp","href":"https:\/\/api.w.org\/{rel}","templated":true}]}}