{"id":23810,"date":"2025-11-21T03:13:07","date_gmt":"2025-11-21T02:13:07","guid":{"rendered":"https:\/\/yahyaouishop.com\/produit\/insta360-capuchon-dobjectif-x5\/"},"modified":"2025-11-21T21:36:55","modified_gmt":"2025-11-21T20:36:55","slug":"insta360-capuchon-dobjectif-x5","status":"publish","type":"product","link":"https:\/\/yahyaouishop.com\/fr\/produit\/insta360-capuchon-dobjectif-x5\/","title":{"rendered":"Insta360 capuchon d\u2019objectif X5"},"content":{"rendered":"<p>Ce capuchon prot\u00e8ge enti\u00e8rement les deux objectifs de votre X5 lorsque la cam\u00e9ra n\u2019est pas utilis\u00e9e. Il s\u2019adapte parfaitement m\u00eame si des protections d\u2019objectifs sont install\u00e9es.<\/p>\n<ul>\n<li>Accessoire essentiel pour \u00e9viter les rayures et la poussi\u00e8re<\/li>\n<\/ul>","protected":false},"excerpt":{"rendered":"<p>Capuchon protecteur con\u00e7u pour la X5; prot\u00e8ge les deux objectifs pendant le transport et le stockage; compatible avec ou sans protections d\u2019objectif.<\/p>","protected":false},"featured_media":23816,"comment_status":"open","ping_status":"closed","template":"","meta":[],"product_brand":[470],"product_cat":[203,160,126],"product_tag":[466],"class_list":{"0":"post-23810","1":"product","2":"type-product","3":"status-publish","4":"has-post-thumbnail","6":"product_brand-insta360","7":"product_cat-accessoires","8":"product_cat-cameras-insta360","9":"product_cat-produits-divers","10":"product_tag-brand-insta360","12":"first","13":"instock","14":"purchasable","15":"product-type-simple"},"jetpack_sharing_enabled":true,"_links":{"self":[{"href":"https:\/\/yahyaouishop.com\/fr\/wp-json\/wp\/v2\/product\/23810","targetHints":{"allow":["GET"]}}],"collection":[{"href":"https:\/\/yahyaouishop.com\/fr\/wp-json\/wp\/v2\/product"}],"about":[{"href":"https:\/\/yahyaouishop.com\/fr\/wp-json\/wp\/v2\/types\/product"}],"replies":[{"embeddable":true,"href":"https:\/\/yahyaouishop.com\/fr\/wp-json\/wp\/v2\/comments?post=23810"}],"version-history":[{"count":1,"href":"https:\/\/yahyaouishop.com\/fr\/wp-json\/wp\/v2\/product\/23810\/revisions"}],"predecessor-version":[{"id":23823,"href":"https:\/\/yahyaouishop.com\/fr\/wp-json\/wp\/v2\/product\/23810\/revisions\/23823"}],"wp:featuredmedia":[{"embeddable":true,"href":"https:\/\/yahyaouishop.com\/fr\/wp-json\/wp\/v2\/media\/23816"}],"wp:attachment":[{"href":"https:\/\/yahyaouishop.com\/fr\/wp-json\/wp\/v2\/media?parent=23810"}],"wp:term":[{"taxonomy":"product_brand","embeddable":true,"href":"https:\/\/yahyaouishop.com\/fr\/wp-json\/wp\/v2\/product_brand?post=23810"},{"taxonomy":"product_cat","embeddable":true,"href":"https:\/\/yahyaouishop.com\/fr\/wp-json\/wp\/v2\/product_cat?post=23810"},{"taxonomy":"product_tag","embeddable":true,"href":"https:\/\/yahyaouishop.com\/fr\/wp-json\/wp\/v2\/product_tag?post=23810"}],"curies":[{"name":"wp","href":"https:\/\/api.w.org\/{rel}","templated":true}]}}