{"id":23809,"date":"2025-11-21T03:13:07","date_gmt":"2025-11-21T02:13:07","guid":{"rendered":"https:\/\/yahyaouishop.com\/produit\/insta360-perche-invisible-2-en-1-trepied\/"},"modified":"2025-11-21T21:36:53","modified_gmt":"2025-11-21T20:36:53","slug":"insta360-perche-invisible-2-en-1-trepied","status":"publish","type":"product","link":"https:\/\/yahyaouishop.com\/fr\/produit\/insta360-perche-invisible-2-en-1-trepied\/","title":{"rendered":"Insta360 perche invisible 2\u00a0en\u00a01 &#038; tr\u00e9pied"},"content":{"rendered":"<p>Cette perche 2\u00a0en\u00a01 sert \u00e0 la fois de perche t\u00e9lescopique et de tr\u00e9pied pour r\u00e9aliser des vid\u00e9os 360 immersives ou des prises fixes. Elle reste invisible sur les images 360 et utilise un filetage 1\/4\u00a0\u2033 pour s\u2019adapter \u00e0 de nombreuses cam\u00e9ras.<\/p>\n<ul>\n<li>Les pieds du tr\u00e9pied se d\u00e9ploient facilement pour filmer en mode stationnaire<\/li>\n<li>Peut n\u00e9cessiter un support \u00e0 d\u00e9gagement rapide pour certaines cam\u00e9ras<\/li>\n<\/ul>","protected":false},"excerpt":{"rendered":"<p>Accessoire polyvalent faisant office de perche invisible et de tr\u00e9pied; filetage standard 1\/4\u00a0\u2033 compatible avec la plupart des cam\u00e9ras Insta360.<\/p>","protected":false},"featured_media":23855,"comment_status":"open","ping_status":"closed","template":"","meta":[],"product_brand":[470],"product_cat":[203,160,126],"product_tag":[466],"class_list":{"0":"post-23809","1":"product","2":"type-product","3":"status-publish","4":"has-post-thumbnail","6":"product_brand-insta360","7":"product_cat-accessoires","8":"product_cat-cameras-insta360","9":"product_cat-produits-divers","10":"product_tag-brand-insta360","12":"first","13":"instock","14":"purchasable","15":"product-type-simple"},"jetpack_sharing_enabled":true,"_links":{"self":[{"href":"https:\/\/yahyaouishop.com\/fr\/wp-json\/wp\/v2\/product\/23809","targetHints":{"allow":["GET"]}}],"collection":[{"href":"https:\/\/yahyaouishop.com\/fr\/wp-json\/wp\/v2\/product"}],"about":[{"href":"https:\/\/yahyaouishop.com\/fr\/wp-json\/wp\/v2\/types\/product"}],"replies":[{"embeddable":true,"href":"https:\/\/yahyaouishop.com\/fr\/wp-json\/wp\/v2\/comments?post=23809"}],"version-history":[{"count":1,"href":"https:\/\/yahyaouishop.com\/fr\/wp-json\/wp\/v2\/product\/23809\/revisions"}],"predecessor-version":[{"id":23856,"href":"https:\/\/yahyaouishop.com\/fr\/wp-json\/wp\/v2\/product\/23809\/revisions\/23856"}],"wp:featuredmedia":[{"embeddable":true,"href":"https:\/\/yahyaouishop.com\/fr\/wp-json\/wp\/v2\/media\/23855"}],"wp:attachment":[{"href":"https:\/\/yahyaouishop.com\/fr\/wp-json\/wp\/v2\/media?parent=23809"}],"wp:term":[{"taxonomy":"product_brand","embeddable":true,"href":"https:\/\/yahyaouishop.com\/fr\/wp-json\/wp\/v2\/product_brand?post=23809"},{"taxonomy":"product_cat","embeddable":true,"href":"https:\/\/yahyaouishop.com\/fr\/wp-json\/wp\/v2\/product_cat?post=23809"},{"taxonomy":"product_tag","embeddable":true,"href":"https:\/\/yahyaouishop.com\/fr\/wp-json\/wp\/v2\/product_tag?post=23809"}],"curies":[{"name":"wp","href":"https:\/\/api.w.org\/{rel}","templated":true}]}}