{"id":23808,"date":"2025-11-21T03:13:07","date_gmt":"2025-11-21T02:13:07","guid":{"rendered":"https:\/\/yahyaouishop.com\/produit\/insta360-perche-extensible-edition-amelioree-3-m\/"},"modified":"2025-11-21T21:36:52","modified_gmt":"2025-11-21T20:36:52","slug":"insta360-perche-extensible-edition-amelioree-3-m","status":"publish","type":"product","link":"https:\/\/yahyaouishop.com\/fr\/produit\/insta360-perche-extensible-edition-amelioree-3-m\/","title":{"rendered":"Insta360 perche extensible \u00e9dition am\u00e9lior\u00e9e (3\u00a0m)"},"content":{"rendered":"<p>Cette perche extensible am\u00e9lior\u00e9e permet des vues \u00e0 la troisi\u00e8me personne et des angles impossibles. Sa construction en fibre de carbone robuste s\u2019\u00e9tend de 36\u00a0cm jusqu\u2019\u00e0 3\u00a0m pour offrir une perspective de type drone.<\/p>\n<ul>\n<li>M\u00e9canisme \u00e0 rotation pour verrouiller la longueur et assurer la stabilit\u00e9<\/li>\n<li>Invisible dans les prises de vue 360\u00b0 gr\u00e2ce \u00e0 sa conception fine<\/li>\n<li>Livr\u00e9e avec dragonne et pochette pour un transport s\u00fbr<\/li>\n<\/ul>","protected":false},"excerpt":{"rendered":"<p>Perche en fibre de carbone ultra\u2011longue extensible jusqu\u2019\u00e0 3\u00a0m et repliable \u00e0 36\u00a0cm; syst\u00e8me \u00e0 rotation bloquante; invisible dans les vid\u00e9os 360\u00b0.<\/p>","protected":false},"featured_media":23889,"comment_status":"open","ping_status":"closed","template":"","meta":[],"product_brand":[470],"product_cat":[203,160,126],"product_tag":[466],"class_list":{"0":"post-23808","1":"product","2":"type-product","3":"status-publish","4":"has-post-thumbnail","6":"product_brand-insta360","7":"product_cat-accessoires","8":"product_cat-cameras-insta360","9":"product_cat-produits-divers","10":"product_tag-brand-insta360","12":"first","13":"instock","14":"purchasable","15":"product-type-simple"},"jetpack_sharing_enabled":true,"_links":{"self":[{"href":"https:\/\/yahyaouishop.com\/fr\/wp-json\/wp\/v2\/product\/23808","targetHints":{"allow":["GET"]}}],"collection":[{"href":"https:\/\/yahyaouishop.com\/fr\/wp-json\/wp\/v2\/product"}],"about":[{"href":"https:\/\/yahyaouishop.com\/fr\/wp-json\/wp\/v2\/types\/product"}],"replies":[{"embeddable":true,"href":"https:\/\/yahyaouishop.com\/fr\/wp-json\/wp\/v2\/comments?post=23808"}],"version-history":[{"count":1,"href":"https:\/\/yahyaouishop.com\/fr\/wp-json\/wp\/v2\/product\/23808\/revisions"}],"predecessor-version":[{"id":23890,"href":"https:\/\/yahyaouishop.com\/fr\/wp-json\/wp\/v2\/product\/23808\/revisions\/23890"}],"wp:featuredmedia":[{"embeddable":true,"href":"https:\/\/yahyaouishop.com\/fr\/wp-json\/wp\/v2\/media\/23889"}],"wp:attachment":[{"href":"https:\/\/yahyaouishop.com\/fr\/wp-json\/wp\/v2\/media?parent=23808"}],"wp:term":[{"taxonomy":"product_brand","embeddable":true,"href":"https:\/\/yahyaouishop.com\/fr\/wp-json\/wp\/v2\/product_brand?post=23808"},{"taxonomy":"product_cat","embeddable":true,"href":"https:\/\/yahyaouishop.com\/fr\/wp-json\/wp\/v2\/product_cat?post=23808"},{"taxonomy":"product_tag","embeddable":true,"href":"https:\/\/yahyaouishop.com\/fr\/wp-json\/wp\/v2\/product_tag?post=23808"}],"curies":[{"name":"wp","href":"https:\/\/api.w.org\/{rel}","templated":true}]}}