{"id":23799,"date":"2025-11-21T03:13:06","date_gmt":"2025-11-21T02:13:06","guid":{"rendered":"https:\/\/yahyaouishop.com\/produit\/insta360-flow-2-stabilisateur-avec-module-ai-tracker-pack-blanc-summit\/"},"modified":"2026-01-27T12:46:53","modified_gmt":"2026-01-27T11:46:53","slug":"insta360-flow-2-stabilisateur-avec-module-ai-tracker-pack-blanc-summit","status":"publish","type":"product","link":"https:\/\/yahyaouishop.com\/fr\/produit\/insta360-flow-2-stabilisateur-avec-module-ai-tracker-pack-blanc-summit\/","title":{"rendered":"Insta360 Flow\u00a02 stabilisateur avec module AI Tracker \u2013 Pack (Blanc Summit)"},"content":{"rendered":"<p>Ce pack associe le stabilisateur Flow\u00a02 au module AI\u00a0Tracker pour un suivi mains libres dans toutes les applications. Le Flow\u00a02 assure une stabilisation 3\u00a0axes, un suivi IA Deep\u00a0Track\u00a04.0 et une perche\/tr\u00e9pied int\u00e9gr\u00e9s.<\/p>\n<ul>\n<li>Module AI\u00a0Tracker dot\u00e9 d\u2019un projecteur int\u00e9gr\u00e9 \u00e0 trois niveaux de luminosit\u00e9 et temp\u00e9ratures de couleur<\/li>\n<li>Suivi avanc\u00e9 des sujets pour appels vid\u00e9o, directs et r\u00e9unions en ligne<\/li>\n<li>Commande gestuelle pour d\u00e9marrer ou arr\u00eater le suivi d\u2019un simple geste<\/li>\n<\/ul>\n<p>La version Blanc Summit est id\u00e9ale pour les cr\u00e9ateurs recherchant un suivi et un \u00e9clairage flexibles.<\/p>","protected":false},"excerpt":{"rendered":"<p>Stabilisateur Flow\u00a02 avec module AI\u00a0Tracker dot\u00e9 d\u2019un projecteur int\u00e9gr\u00e9 et d\u2019un suivi am\u00e9lior\u00e9; contr\u00f4le gestuel et \u00e9clairage r\u00e9glable pour vid\u00e9os et conf\u00e9rences.<\/p>","protected":false},"featured_media":24005,"comment_status":"open","ping_status":"closed","template":"","meta":[],"product_brand":[470],"product_cat":[160],"product_tag":[466],"class_list":{"0":"post-23799","1":"product","2":"type-product","3":"status-publish","4":"has-post-thumbnail","6":"product_brand-insta360","7":"product_cat-cameras-insta360","8":"product_tag-brand-insta360","10":"first","11":"outofstock","12":"purchasable","13":"product-type-simple"},"jetpack_sharing_enabled":true,"_links":{"self":[{"href":"https:\/\/yahyaouishop.com\/fr\/wp-json\/wp\/v2\/product\/23799","targetHints":{"allow":["GET"]}}],"collection":[{"href":"https:\/\/yahyaouishop.com\/fr\/wp-json\/wp\/v2\/product"}],"about":[{"href":"https:\/\/yahyaouishop.com\/fr\/wp-json\/wp\/v2\/types\/product"}],"replies":[{"embeddable":true,"href":"https:\/\/yahyaouishop.com\/fr\/wp-json\/wp\/v2\/comments?post=23799"}],"version-history":[{"count":1,"href":"https:\/\/yahyaouishop.com\/fr\/wp-json\/wp\/v2\/product\/23799\/revisions"}],"predecessor-version":[{"id":24006,"href":"https:\/\/yahyaouishop.com\/fr\/wp-json\/wp\/v2\/product\/23799\/revisions\/24006"}],"wp:featuredmedia":[{"embeddable":true,"href":"https:\/\/yahyaouishop.com\/fr\/wp-json\/wp\/v2\/media\/24005"}],"wp:attachment":[{"href":"https:\/\/yahyaouishop.com\/fr\/wp-json\/wp\/v2\/media?parent=23799"}],"wp:term":[{"taxonomy":"product_brand","embeddable":true,"href":"https:\/\/yahyaouishop.com\/fr\/wp-json\/wp\/v2\/product_brand?post=23799"},{"taxonomy":"product_cat","embeddable":true,"href":"https:\/\/yahyaouishop.com\/fr\/wp-json\/wp\/v2\/product_cat?post=23799"},{"taxonomy":"product_tag","embeddable":true,"href":"https:\/\/yahyaouishop.com\/fr\/wp-json\/wp\/v2\/product_tag?post=23799"}],"curies":[{"name":"wp","href":"https:\/\/api.w.org\/{rel}","templated":true}]}}