{"id":23797,"date":"2025-11-21T03:13:06","date_gmt":"2025-11-21T02:13:06","guid":{"rendered":"https:\/\/yahyaouishop.com\/produit\/insta360-flow-2-stabilisateur-smartphone-ia-pack-standard-blanc-summit\/"},"modified":"2026-03-23T00:25:34","modified_gmt":"2026-03-22T23:25:34","slug":"insta360-flow-2-stabilisateur-smartphone-ia-pack-standard-blanc-summit","status":"publish","type":"product","link":"https:\/\/yahyaouishop.com\/fr\/produit\/insta360-flow-2-stabilisateur-smartphone-ia-pack-standard-blanc-summit\/","title":{"rendered":"Insta360 Flow\u00a02 stabilisateur smartphone IA \u2013 Pack Standard (Blanc Summit)"},"content":{"rendered":"<p>Le Flow\u00a02 est un stabilisateur tout\u2011en\u2011un pour smartphone. Sa stabilisation 3\u00a0axes et son suivi IA Deep\u00a0Track\u00a04.0 maintiennent votre sujet net m\u00eame lorsqu\u2019il se d\u00e9place.<\/p>\n<ul>\n<li>Pliage rapide en une \u00e9tape et extension de la perche et du tr\u00e9pied int\u00e9gr\u00e9s<\/li>\n<li>Contr\u00f4le gestuel et application smartphone pour lancer ou arr\u00eater l\u2019enregistrement sans contact<\/li>\n<li>Batterie de 1100\u00a0mAh offrant jusqu\u2019\u00e0 10\u00a0heures d\u2019autonomie et fonction de charge invers\u00e9e pour alimenter votre t\u00e9l\u00e9phone<\/li>\n<\/ul>\n<p>Le pack Standard (Blanc Summit) comprend la pince magn\u00e9tique, le c\u00e2ble de charge USB\u2011C et la pochette de protection.<\/p>","protected":false},"excerpt":{"rendered":"<p>Stabilisateur smartphone pliable \u00e0 3\u00a0axes avec Deep Track\u00a04.0, perche et tr\u00e9pied int\u00e9gr\u00e9s, autonomie de 10\u00a0h, contr\u00f4le gestuel et contr\u00f4le \u00e0 distance. Permet des vid\u00e9os fluides au format compact.<\/p>","protected":false},"featured_media":23983,"comment_status":"open","ping_status":"closed","template":"","meta":[],"product_brand":[470],"product_cat":[160],"product_tag":[466,650],"class_list":{"0":"post-23797","1":"product","2":"type-product","3":"status-publish","4":"has-post-thumbnail","6":"product_brand-insta360","7":"product_cat-cameras-insta360","8":"product_tag-brand-insta360","9":"product_tag-promo-ramadan","11":"first","12":"instock","13":"purchasable","14":"product-type-simple"},"jetpack_sharing_enabled":true,"_links":{"self":[{"href":"https:\/\/yahyaouishop.com\/fr\/wp-json\/wp\/v2\/product\/23797","targetHints":{"allow":["GET"]}}],"collection":[{"href":"https:\/\/yahyaouishop.com\/fr\/wp-json\/wp\/v2\/product"}],"about":[{"href":"https:\/\/yahyaouishop.com\/fr\/wp-json\/wp\/v2\/types\/product"}],"replies":[{"embeddable":true,"href":"https:\/\/yahyaouishop.com\/fr\/wp-json\/wp\/v2\/comments?post=23797"}],"version-history":[{"count":1,"href":"https:\/\/yahyaouishop.com\/fr\/wp-json\/wp\/v2\/product\/23797\/revisions"}],"predecessor-version":[{"id":23984,"href":"https:\/\/yahyaouishop.com\/fr\/wp-json\/wp\/v2\/product\/23797\/revisions\/23984"}],"wp:featuredmedia":[{"embeddable":true,"href":"https:\/\/yahyaouishop.com\/fr\/wp-json\/wp\/v2\/media\/23983"}],"wp:attachment":[{"href":"https:\/\/yahyaouishop.com\/fr\/wp-json\/wp\/v2\/media?parent=23797"}],"wp:term":[{"taxonomy":"product_brand","embeddable":true,"href":"https:\/\/yahyaouishop.com\/fr\/wp-json\/wp\/v2\/product_brand?post=23797"},{"taxonomy":"product_cat","embeddable":true,"href":"https:\/\/yahyaouishop.com\/fr\/wp-json\/wp\/v2\/product_cat?post=23797"},{"taxonomy":"product_tag","embeddable":true,"href":"https:\/\/yahyaouishop.com\/fr\/wp-json\/wp\/v2\/product_tag?post=23797"}],"curies":[{"name":"wp","href":"https:\/\/api.w.org\/{rel}","templated":true}]}}