{"id":23796,"date":"2025-11-21T03:13:06","date_gmt":"2025-11-21T02:13:06","guid":{"rendered":"https:\/\/yahyaouishop.com\/produit\/insta360-x5-etui-de-transport-protecteur\/"},"modified":"2025-11-21T21:37:02","modified_gmt":"2025-11-21T20:37:02","slug":"insta360-x5-etui-de-transport-protecteur","status":"publish","type":"product","link":"https:\/\/yahyaouishop.com\/fr\/produit\/insta360-x5-etui-de-transport-protecteur\/","title":{"rendered":"Insta360 X5 \u00e9tui de transport protecteur"},"content":{"rendered":"<p>Cet \u00e9tui prot\u00e8ge et organise votre cam\u00e9ra X5 et ses accessoires. L\u2019int\u00e9rieur moul\u00e9 accueille l\u2019appareil avec ses protections d\u2019objectifs, son capuchon, sa poign\u00e9e thermique et son capuchon de charge.<\/p>\n<ul>\n<li>Compartiments pour des accessoires tels que bo\u00eetier de charge rapide, lecteur rapide ou support \u00e0 d\u00e9gagement rapide<\/li>\n<li>Sangle d\u00e9di\u00e9e pour fixer une perche \u00e0 selfie pour le transport<\/li>\n<li>Construction durable pour les voyages et d\u00e9placements<\/li>\n<\/ul>","protected":false},"excerpt":{"rendered":"<p>\u00c9tui r\u00e9sistant con\u00e7u pour la X5; accueille l\u2019appareil avec ses protections d\u2019objectif, capuchon, poign\u00e9e thermique et capuchon de charge. Compartiments pour accessoires suppl\u00e9mentaires.<\/p>","protected":false},"featured_media":23860,"comment_status":"open","ping_status":"closed","template":"","meta":[],"product_brand":[470],"product_cat":[203,160,187,126],"product_tag":[466],"class_list":{"0":"post-23796","1":"product","2":"type-product","3":"status-publish","4":"has-post-thumbnail","6":"product_brand-insta360","7":"product_cat-accessoires","8":"product_cat-cameras-insta360","9":"product_cat-sacs","10":"product_cat-produits-divers","11":"product_tag-brand-insta360","13":"first","14":"instock","15":"purchasable","16":"product-type-simple"},"jetpack_sharing_enabled":true,"_links":{"self":[{"href":"https:\/\/yahyaouishop.com\/fr\/wp-json\/wp\/v2\/product\/23796","targetHints":{"allow":["GET"]}}],"collection":[{"href":"https:\/\/yahyaouishop.com\/fr\/wp-json\/wp\/v2\/product"}],"about":[{"href":"https:\/\/yahyaouishop.com\/fr\/wp-json\/wp\/v2\/types\/product"}],"replies":[{"embeddable":true,"href":"https:\/\/yahyaouishop.com\/fr\/wp-json\/wp\/v2\/comments?post=23796"}],"version-history":[{"count":1,"href":"https:\/\/yahyaouishop.com\/fr\/wp-json\/wp\/v2\/product\/23796\/revisions"}],"predecessor-version":[{"id":23861,"href":"https:\/\/yahyaouishop.com\/fr\/wp-json\/wp\/v2\/product\/23796\/revisions\/23861"}],"wp:featuredmedia":[{"embeddable":true,"href":"https:\/\/yahyaouishop.com\/fr\/wp-json\/wp\/v2\/media\/23860"}],"wp:attachment":[{"href":"https:\/\/yahyaouishop.com\/fr\/wp-json\/wp\/v2\/media?parent=23796"}],"wp:term":[{"taxonomy":"product_brand","embeddable":true,"href":"https:\/\/yahyaouishop.com\/fr\/wp-json\/wp\/v2\/product_brand?post=23796"},{"taxonomy":"product_cat","embeddable":true,"href":"https:\/\/yahyaouishop.com\/fr\/wp-json\/wp\/v2\/product_cat?post=23796"},{"taxonomy":"product_tag","embeddable":true,"href":"https:\/\/yahyaouishop.com\/fr\/wp-json\/wp\/v2\/product_tag?post=23796"}],"curies":[{"name":"wp","href":"https:\/\/api.w.org\/{rel}","templated":true}]}}