{"id":23794,"date":"2025-11-21T03:13:05","date_gmt":"2025-11-21T02:13:05","guid":{"rendered":"https:\/\/yahyaouishop.com\/produit\/insta360-x5-cage-utilitaire-legere\/"},"modified":"2025-11-21T21:37:16","modified_gmt":"2025-11-21T20:37:16","slug":"insta360-x5-cage-utilitaire-legere","status":"publish","type":"product","link":"https:\/\/yahyaouishop.com\/fr\/produit\/insta360-x5-cage-utilitaire-legere\/","title":{"rendered":"Insta360 X5 cage utilitaire l\u00e9g\u00e8re"},"content":{"rendered":"<p>Con\u00e7ue pour la X5, cette cage utilitaire en m\u00e9tal prot\u00e8ge l\u2019appareil tout en restant l\u00e9g\u00e8re. Elle est 22\u00a0% plus l\u00e9g\u00e8re que la cage X4 et utilise un syst\u00e8me de d\u00e9gagement rapide.<\/p>\n<ul>\n<li>Deux supports accessoires (sabots) et deux filets 1\/4\u00a0\u2033 pour fixer des lumi\u00e8res ou micros<\/li>\n<li>Protection int\u00e9gr\u00e9e contre le vent pour un son clair<\/li>\n<li>Acc\u00e8s libre aux ports et boutons de la cam\u00e9ra<\/li>\n<\/ul>\n<p>La cage pr\u00e9serve l\u2019effet de perche invisible de la cam\u00e9ra et facilite la fixation d\u2019accessoires.<\/p>","protected":false},"excerpt":{"rendered":"<p>Cage m\u00e9tallique l\u00e9g\u00e8re pour X5, 22\u00a0% plus l\u00e9g\u00e8re que la version X4; montage \u00e0 d\u00e9gagement rapide, deux sabots et filets 1\/4\u00a0\u2033, protections anti\u2011vent int\u00e9gr\u00e9es.<\/p>","protected":false},"featured_media":23883,"comment_status":"open","ping_status":"closed","template":"","meta":[],"product_brand":[470],"product_cat":[203,160,126],"product_tag":[466],"class_list":{"0":"post-23794","1":"product","2":"type-product","3":"status-publish","4":"has-post-thumbnail","6":"product_brand-insta360","7":"product_cat-accessoires","8":"product_cat-cameras-insta360","9":"product_cat-produits-divers","10":"product_tag-brand-insta360","12":"first","13":"instock","14":"purchasable","15":"product-type-simple"},"jetpack_sharing_enabled":true,"_links":{"self":[{"href":"https:\/\/yahyaouishop.com\/fr\/wp-json\/wp\/v2\/product\/23794","targetHints":{"allow":["GET"]}}],"collection":[{"href":"https:\/\/yahyaouishop.com\/fr\/wp-json\/wp\/v2\/product"}],"about":[{"href":"https:\/\/yahyaouishop.com\/fr\/wp-json\/wp\/v2\/types\/product"}],"replies":[{"embeddable":true,"href":"https:\/\/yahyaouishop.com\/fr\/wp-json\/wp\/v2\/comments?post=23794"}],"version-history":[{"count":1,"href":"https:\/\/yahyaouishop.com\/fr\/wp-json\/wp\/v2\/product\/23794\/revisions"}],"predecessor-version":[{"id":23885,"href":"https:\/\/yahyaouishop.com\/fr\/wp-json\/wp\/v2\/product\/23794\/revisions\/23885"}],"wp:featuredmedia":[{"embeddable":true,"href":"https:\/\/yahyaouishop.com\/fr\/wp-json\/wp\/v2\/media\/23883"}],"wp:attachment":[{"href":"https:\/\/yahyaouishop.com\/fr\/wp-json\/wp\/v2\/media?parent=23794"}],"wp:term":[{"taxonomy":"product_brand","embeddable":true,"href":"https:\/\/yahyaouishop.com\/fr\/wp-json\/wp\/v2\/product_brand?post=23794"},{"taxonomy":"product_cat","embeddable":true,"href":"https:\/\/yahyaouishop.com\/fr\/wp-json\/wp\/v2\/product_cat?post=23794"},{"taxonomy":"product_tag","embeddable":true,"href":"https:\/\/yahyaouishop.com\/fr\/wp-json\/wp\/v2\/product_tag?post=23794"}],"curies":[{"name":"wp","href":"https:\/\/api.w.org\/{rel}","templated":true}]}}