{"id":23790,"date":"2025-11-21T03:13:05","date_gmt":"2025-11-21T02:13:05","guid":{"rendered":"https:\/\/yahyaouishop.com\/produit\/insta360-link-2-webcam-ia-4k-edition-standard\/"},"modified":"2026-03-23T00:25:34","modified_gmt":"2026-03-22T23:25:34","slug":"insta360-link-2-webcam-ia-4k-edition-standard","status":"publish","type":"product","link":"https:\/\/yahyaouishop.com\/fr\/produit\/insta360-link-2-webcam-ia-4k-edition-standard\/","title":{"rendered":"Insta360 Link\u00a02 webcam IA 4K \u2013 \u00c9dition Standard"},"content":{"rendered":"<p>La Link\u00a02 offre une qualit\u00e9 d\u2019image professionnelle gr\u00e2ce \u00e0 son grand capteur 1\/2\u00a0pouce et \u00e0 son traitement IA. Elle produit un flux 4K net avec un bokeh naturel et un HDR qui \u00e9quilibre hautes et basses lumi\u00e8res.<\/p>\n<ul>\n<li>Cadre et suit automatiquement votre visage avec ajustement du zoom et de l\u2019angle<\/li>\n<li>Microphones avec r\u00e9duction de bruit IA pour un son clair<\/li>\n<li>Commande gestuelle pour d\u00e9marrer\/arr\u00eater l\u2019enregistrement ou changer de mode sans contact<\/li>\n<li>Multiples modes (pr\u00e9sentation, tableau blanc, portrait) pour conf\u00e9rences et streaming<\/li>\n<\/ul>\n<p>Cette \u00e9dition standard inclut la webcam et le mat\u00e9riel de montage.<\/p>","protected":false},"excerpt":{"rendered":"<p>Webcam IA 4K avec capteur 1\/2\u00a0\u2033, HDR et micros antibruit; suit et cadre automatiquement le sujet, dispose d\u2019un zoom intelligent et commande gestuelle.<\/p>","protected":false},"featured_media":24093,"comment_status":"open","ping_status":"closed","template":"","meta":[],"product_brand":[470],"product_cat":[160],"product_tag":[466,650],"class_list":{"0":"post-23790","1":"product","2":"type-product","3":"status-publish","4":"has-post-thumbnail","6":"product_brand-insta360","7":"product_cat-cameras-insta360","8":"product_tag-brand-insta360","9":"product_tag-promo-ramadan","11":"first","12":"instock","13":"purchasable","14":"product-type-simple"},"jetpack_sharing_enabled":true,"_links":{"self":[{"href":"https:\/\/yahyaouishop.com\/fr\/wp-json\/wp\/v2\/product\/23790","targetHints":{"allow":["GET"]}}],"collection":[{"href":"https:\/\/yahyaouishop.com\/fr\/wp-json\/wp\/v2\/product"}],"about":[{"href":"https:\/\/yahyaouishop.com\/fr\/wp-json\/wp\/v2\/types\/product"}],"replies":[{"embeddable":true,"href":"https:\/\/yahyaouishop.com\/fr\/wp-json\/wp\/v2\/comments?post=23790"}],"version-history":[{"count":2,"href":"https:\/\/yahyaouishop.com\/fr\/wp-json\/wp\/v2\/product\/23790\/revisions"}],"predecessor-version":[{"id":29710,"href":"https:\/\/yahyaouishop.com\/fr\/wp-json\/wp\/v2\/product\/23790\/revisions\/29710"}],"wp:featuredmedia":[{"embeddable":true,"href":"https:\/\/yahyaouishop.com\/fr\/wp-json\/wp\/v2\/media\/24093"}],"wp:attachment":[{"href":"https:\/\/yahyaouishop.com\/fr\/wp-json\/wp\/v2\/media?parent=23790"}],"wp:term":[{"taxonomy":"product_brand","embeddable":true,"href":"https:\/\/yahyaouishop.com\/fr\/wp-json\/wp\/v2\/product_brand?post=23790"},{"taxonomy":"product_cat","embeddable":true,"href":"https:\/\/yahyaouishop.com\/fr\/wp-json\/wp\/v2\/product_cat?post=23790"},{"taxonomy":"product_tag","embeddable":true,"href":"https:\/\/yahyaouishop.com\/fr\/wp-json\/wp\/v2\/product_tag?post=23790"}],"curies":[{"name":"wp","href":"https:\/\/api.w.org\/{rel}","templated":true}]}}