{"id":23788,"date":"2025-11-21T03:13:05","date_gmt":"2025-11-21T02:13:05","guid":{"rendered":"https:\/\/yahyaouishop.com\/produit\/insta360-x4-camera-360-8k-pack-standard\/"},"modified":"2026-03-23T00:25:34","modified_gmt":"2026-03-22T23:25:34","slug":"insta360-x4-camera-360-8k-pack-standard","status":"publish","type":"product","link":"https:\/\/yahyaouishop.com\/fr\/produit\/insta360-x4-camera-360-8k-pack-standard\/","title":{"rendered":"Insta360 X4 cam\u00e9ra 360\u00a08K \u2013 Pack Standard"},"content":{"rendered":"<p>L\u2019Insta360\u00a0X4 offre des images immersives dans un format de poche. Elle enregistre des vid\u00e9os 360\u00a08K et 5,7K60 ainsi que des photos 360 de 72\u00a0MP.<\/p>\n<ul>\n<li>Mode monolentille 4K60 pour des prises standard, en plus de la capture 8K<\/li>\n<li>Active HDR pour un rendu dynamique et Me Mode 4K30 ou 2,7K120 pour se centrer sur le sujet<\/li>\n<li>Stabilisation FlowState et verrouillage d\u2019horizon 360\u00a0\u00b0 avec effet de perche invisible pour un rendu fluide<\/li>\n<li>Design robuste et \u00e9tanche, id\u00e9al pour les cr\u00e9ateurs nomades<\/li>\n<\/ul>\n<p>Le pack standard comprend la cam\u00e9ra X4 et ses accessoires essentiels.<\/p>","protected":false},"excerpt":{"rendered":"<p>Cam\u00e9ra 360\u00a08K compacte filmant en 8K360, 5,7K60, photos 72\u00a0MP et vid\u00e9o monolentille 4K60. Inclut le mode Active HDR, Me Mode et perche invisible avec stabilisation FlowState et horizon 360\u00a0\u00b0.<\/p>","protected":false},"featured_media":24216,"comment_status":"open","ping_status":"closed","template":"","meta":[],"product_brand":[470],"product_cat":[160],"product_tag":[466,650],"class_list":{"0":"post-23788","1":"product","2":"type-product","3":"status-publish","4":"has-post-thumbnail","6":"product_brand-insta360","7":"product_cat-cameras-insta360","8":"product_tag-brand-insta360","9":"product_tag-promo-ramadan","11":"first","12":"instock","13":"purchasable","14":"product-type-simple"},"jetpack_sharing_enabled":true,"_links":{"self":[{"href":"https:\/\/yahyaouishop.com\/fr\/wp-json\/wp\/v2\/product\/23788","targetHints":{"allow":["GET"]}}],"collection":[{"href":"https:\/\/yahyaouishop.com\/fr\/wp-json\/wp\/v2\/product"}],"about":[{"href":"https:\/\/yahyaouishop.com\/fr\/wp-json\/wp\/v2\/types\/product"}],"replies":[{"embeddable":true,"href":"https:\/\/yahyaouishop.com\/fr\/wp-json\/wp\/v2\/comments?post=23788"}],"version-history":[{"count":2,"href":"https:\/\/yahyaouishop.com\/fr\/wp-json\/wp\/v2\/product\/23788\/revisions"}],"predecessor-version":[{"id":24172,"href":"https:\/\/yahyaouishop.com\/fr\/wp-json\/wp\/v2\/product\/23788\/revisions\/24172"}],"wp:featuredmedia":[{"embeddable":true,"href":"https:\/\/yahyaouishop.com\/fr\/wp-json\/wp\/v2\/media\/24216"}],"wp:attachment":[{"href":"https:\/\/yahyaouishop.com\/fr\/wp-json\/wp\/v2\/media?parent=23788"}],"wp:term":[{"taxonomy":"product_brand","embeddable":true,"href":"https:\/\/yahyaouishop.com\/fr\/wp-json\/wp\/v2\/product_brand?post=23788"},{"taxonomy":"product_cat","embeddable":true,"href":"https:\/\/yahyaouishop.com\/fr\/wp-json\/wp\/v2\/product_cat?post=23788"},{"taxonomy":"product_tag","embeddable":true,"href":"https:\/\/yahyaouishop.com\/fr\/wp-json\/wp\/v2\/product_tag?post=23788"}],"curies":[{"name":"wp","href":"https:\/\/api.w.org\/{rel}","templated":true}]}}