{"id":23785,"date":"2025-11-21T03:13:04","date_gmt":"2025-11-21T02:13:04","guid":{"rendered":"https:\/\/yahyaouishop.com\/produit\/insta360-x5-camera-360-8k-pack-standard\/"},"modified":"2026-03-23T00:25:33","modified_gmt":"2026-03-22T23:25:33","slug":"insta360-x5-camera-360-8k-pack-standard","status":"publish","type":"product","link":"https:\/\/yahyaouishop.com\/fr\/produit\/insta360-x5-camera-360-8k-pack-standard\/","title":{"rendered":"Insta360 X5 cam\u00e9ra 360\u00a08K \u2013 Pack Standard"},"content":{"rendered":"<p>L\u2019Insta360\u00a0X5 porte la capture immersive \u00e0 un nouveau niveau avec une vid\u00e9o 360\u00a08K sur\u00e9chantillonn\u00e9e \u00e0 partir de 11K et deux capteurs 1\/1,28\u00a0pouce combin\u00e9s \u00e0 un triple processeur IA.<\/p>\n<ul>\n<li>Objectifs rempla\u00e7ables et r\u00e9sistants aux chocs avec Active\u00a0HDR pour des images nettes<\/li>\n<li>Photos 360 de 72\u00a0MP et vid\u00e9os 360 en 5,7K60; mode monolentille 4K60 pour des prises classiques<\/li>\n<li>Stabilisation FlowState avec horizon 360\u00a0\u00b0 et effet de perche invisible pour des angles cr\u00e9atifs<\/li>\n<li>Compatibilit\u00e9 Me Mode et PureVideo pour un rendu optimis\u00e9 en toute lumi\u00e8re<\/li>\n<\/ul>\n<p>Ce pack standard comprend la cam\u00e9ra X5 et les accessoires essentiels.<\/p>","protected":false},"excerpt":{"rendered":"<p>Cam\u00e9ra 360\u00a0\u00b0 8K avec capteurs doubles 1\/1,28\u00a0\u2033, triple processeur IA et objectifs rempla\u00e7ables. Capture des vid\u00e9os 8K, photos 72\u00a0MP et s\u00e9quences monolentille 4K60 avec stabilisation FlowState et horizon 360\u00a0\u00b0.<\/p>","protected":false},"featured_media":24150,"comment_status":"open","ping_status":"closed","template":"","meta":[],"product_brand":[470],"product_cat":[160],"product_tag":[466,650],"class_list":{"0":"post-23785","1":"product","2":"type-product","3":"status-publish","4":"has-post-thumbnail","6":"product_brand-insta360","7":"product_cat-cameras-insta360","8":"product_tag-brand-insta360","9":"product_tag-promo-ramadan","11":"first","12":"instock","13":"purchasable","14":"product-type-simple"},"jetpack_sharing_enabled":true,"_links":{"self":[{"href":"https:\/\/yahyaouishop.com\/fr\/wp-json\/wp\/v2\/product\/23785","targetHints":{"allow":["GET"]}}],"collection":[{"href":"https:\/\/yahyaouishop.com\/fr\/wp-json\/wp\/v2\/product"}],"about":[{"href":"https:\/\/yahyaouishop.com\/fr\/wp-json\/wp\/v2\/types\/product"}],"replies":[{"embeddable":true,"href":"https:\/\/yahyaouishop.com\/fr\/wp-json\/wp\/v2\/comments?post=23785"}],"version-history":[{"count":2,"href":"https:\/\/yahyaouishop.com\/fr\/wp-json\/wp\/v2\/product\/23785\/revisions"}],"predecessor-version":[{"id":29708,"href":"https:\/\/yahyaouishop.com\/fr\/wp-json\/wp\/v2\/product\/23785\/revisions\/29708"}],"wp:featuredmedia":[{"embeddable":true,"href":"https:\/\/yahyaouishop.com\/fr\/wp-json\/wp\/v2\/media\/24150"}],"wp:attachment":[{"href":"https:\/\/yahyaouishop.com\/fr\/wp-json\/wp\/v2\/media?parent=23785"}],"wp:term":[{"taxonomy":"product_brand","embeddable":true,"href":"https:\/\/yahyaouishop.com\/fr\/wp-json\/wp\/v2\/product_brand?post=23785"},{"taxonomy":"product_cat","embeddable":true,"href":"https:\/\/yahyaouishop.com\/fr\/wp-json\/wp\/v2\/product_cat?post=23785"},{"taxonomy":"product_tag","embeddable":true,"href":"https:\/\/yahyaouishop.com\/fr\/wp-json\/wp\/v2\/product_tag?post=23785"}],"curies":[{"name":"wp","href":"https:\/\/api.w.org\/{rel}","templated":true}]}}