{"id":23784,"date":"2025-11-21T03:13:04","date_gmt":"2025-11-21T02:13:04","guid":{"rendered":"https:\/\/yahyaouishop.com\/produit\/insta360-go-ultra-camera-daction-4k-pack-standard-noir-minuit\/"},"modified":"2026-03-23T00:25:34","modified_gmt":"2026-03-22T23:25:34","slug":"insta360-go-ultra-camera-daction-4k-pack-standard-noir-minuit","status":"publish","type":"product","link":"https:\/\/yahyaouishop.com\/fr\/produit\/insta360-go-ultra-camera-daction-4k-pack-standard-noir-minuit\/","title":{"rendered":"Insta360 GO Ultra cam\u00e9ra d\u2019action 4K \u2013 Pack Standard (Noir Minuit)"},"content":{"rendered":"<p>La GO Ultra offre les m\u00eames performances de pointe dans un coloris Noir Minuit. Capteur de 1\/1,28\u00a0pouce et puce IA de 5\u00a0nm pour vid\u00e9o 4K60, stabilisation FlowState et horizon verrouill\u00e9.<\/p>\n<ul>\n<li>Stabilisation FlowState et horizon 360\u00a0\u00b0 pour un rendu fluide<\/li>\n<li>Mode PureVideo et capteur de lumi\u00e8re ambiante pour exceller en basse lumi\u00e8re<\/li>\n<li>Support magn\u00e9tique, pendentif et clip pour capturer des POV mains libres<\/li>\n<li>Cam\u00e9ra l\u00e9g\u00e8re de 53\u00a0g facile \u00e0 transporter<\/li>\n<\/ul>\n<p>Cette version Noir Minuit comprend la cam\u00e9ra et tous les accessoires du pack standard.<\/p>","protected":false},"excerpt":{"rendered":"<p>Cam\u00e9ra d\u2019action miniature 4K avec capteur 1\/1,28\u00a0\u2033, vid\u00e9o 4K60, stabilisation FlowState et horizon 360\u00a0\u00b0. Accessoires pour prises de vue POV mains libres gr\u00e2ce au pendentif magn\u00e9tique et au clip.<\/p>","protected":false},"featured_media":24142,"comment_status":"open","ping_status":"closed","template":"","meta":[],"product_brand":[470],"product_cat":[160],"product_tag":[466,650],"class_list":{"0":"post-23784","1":"product","2":"type-product","3":"status-publish","4":"has-post-thumbnail","6":"product_brand-insta360","7":"product_cat-cameras-insta360","8":"product_tag-brand-insta360","9":"product_tag-promo-ramadan","11":"first","12":"instock","13":"purchasable","14":"product-type-simple"},"jetpack_sharing_enabled":true,"_links":{"self":[{"href":"https:\/\/yahyaouishop.com\/fr\/wp-json\/wp\/v2\/product\/23784","targetHints":{"allow":["GET"]}}],"collection":[{"href":"https:\/\/yahyaouishop.com\/fr\/wp-json\/wp\/v2\/product"}],"about":[{"href":"https:\/\/yahyaouishop.com\/fr\/wp-json\/wp\/v2\/types\/product"}],"replies":[{"embeddable":true,"href":"https:\/\/yahyaouishop.com\/fr\/wp-json\/wp\/v2\/comments?post=23784"}],"version-history":[{"count":2,"href":"https:\/\/yahyaouishop.com\/fr\/wp-json\/wp\/v2\/product\/23784\/revisions"}],"predecessor-version":[{"id":29733,"href":"https:\/\/yahyaouishop.com\/fr\/wp-json\/wp\/v2\/product\/23784\/revisions\/29733"}],"wp:featuredmedia":[{"embeddable":true,"href":"https:\/\/yahyaouishop.com\/fr\/wp-json\/wp\/v2\/media\/24142"}],"wp:attachment":[{"href":"https:\/\/yahyaouishop.com\/fr\/wp-json\/wp\/v2\/media?parent=23784"}],"wp:term":[{"taxonomy":"product_brand","embeddable":true,"href":"https:\/\/yahyaouishop.com\/fr\/wp-json\/wp\/v2\/product_brand?post=23784"},{"taxonomy":"product_cat","embeddable":true,"href":"https:\/\/yahyaouishop.com\/fr\/wp-json\/wp\/v2\/product_cat?post=23784"},{"taxonomy":"product_tag","embeddable":true,"href":"https:\/\/yahyaouishop.com\/fr\/wp-json\/wp\/v2\/product_tag?post=23784"}],"curies":[{"name":"wp","href":"https:\/\/api.w.org\/{rel}","templated":true}]}}