{"id":23682,"date":"2025-11-05T20:27:19","date_gmt":"2025-11-05T19:27:19","guid":{"rendered":"https:\/\/yahyaouishop.com\/?post_type=product&#038;p=23682"},"modified":"2026-04-13T20:47:35","modified_gmt":"2026-04-13T19:47:35","slug":"canon-eos-c50-7k-full-frame","status":"publish","type":"product","link":"https:\/\/yahyaouishop.com\/fr\/produit\/canon-eos-c50-7k-full-frame\/","title":{"rendered":"Canon EOS C50 7K Full-Frame"},"content":{"rendered":"<p data-start=\"197\" data-end=\"424\">Le Canon EOS C50 est un puissant cam\u00e9scope\/bo\u00eetier hybride plein-format con\u00e7u pour les cr\u00e9ateurs, vid\u00e9astes et photographes exigeants. Il combine des caract\u00e9ristiques cin\u00e9ma professionnelles dans un format l\u00e9ger et modulable.<\/p>\n<ul data-start=\"426\" data-end=\"1683\">\n<li data-start=\"426\" data-end=\"610\">\n<p data-start=\"428\" data-end=\"610\">Capteur plein format CMOS d\u2019environ 32 Mpx, offrant toute la surface du capteur pour un rendu riche et une grande latitude de post-production. <span class=\"\" data-state=\"closed\"><span class=\"ms-1 inline-flex max-w-full items-center relative top-[-0.094rem] animate-[show_150ms_ease-in]\" data-testid=\"webpage-citation-pill\"><a class=\"flex h-4.5 overflow-hidden rounded-xl px-2 text-[9px] font-medium transition-colors duration-150 ease-in-out text-token-text-secondary! bg-[#F4F4F4]! dark:bg-[#303030]!\" href=\"https:\/\/www.dpreview.com\/news\/0631874757\/canon-eos-c50-cinema-camera-announcement?utm_source=chatgpt.com\" target=\"_blank\" rel=\"noopener\"><span class=\"relative start-0 bottom-0 flex h-full w-full items-center\"><span class=\"flex h-4 w-full items-center justify-between absolute\"><span class=\"max-w-[15ch] grow truncate overflow-hidden text-center\">TechRadar<\/span><span class=\"-me-1 flex h-full items-center rounded-full px-1 text-[#8F8F8F]\">+4<\/span><\/span><span class=\"flex h-4 w-full items-center justify-between\"><span class=\"max-w-[15ch] grow truncate overflow-hidden text-center\">DPReview<\/span><span class=\"-me-1 flex h-full items-center rounded-full px-1 text-[#8F8F8F]\">+4<\/span><\/span><span class=\"flex h-4 w-full items-center justify-between absolute\"><span class=\"max-w-[15ch] grow truncate overflow-hidden text-center\">Camera Decision<\/span><span class=\"-me-1 flex h-full items-center rounded-full px-1 text-[#8F8F8F]\">+4<\/span><\/span><\/span><\/a><\/span><\/span><\/p>\n<\/li>\n<li data-start=\"611\" data-end=\"808\">\n<p data-start=\"613\" data-end=\"808\">Enregistrement interne en RAW jusqu\u2019\u00e0 <strong data-start=\"651\" data-end=\"667\">7 K \u00e0 60 i\/s<\/strong>, ainsi que vid\u00e9o 4K jusqu\u2019\u00e0 120 i\/s (et mode \u00ab Open Gate \u00bb 3:2 pour plus de flexibilit\u00e9 au cadrage). <span class=\"\" data-state=\"closed\"><span class=\"ms-1 inline-flex max-w-full items-center relative top-[-0.094rem] animate-[show_150ms_ease-in]\" data-testid=\"webpage-citation-pill\"><a class=\"flex h-4.5 overflow-hidden rounded-xl px-2 text-[9px] font-medium transition-colors duration-150 ease-in-out text-token-text-secondary! bg-[#F4F4F4]! dark:bg-[#303030]!\" href=\"https:\/\/www.digitalcameraworld.com\/cameras\/cinema-cameras\/canon-eos-c50-review?utm_source=chatgpt.com\" target=\"_blank\" rel=\"noopener\"><span class=\"relative start-0 bottom-0 flex h-full w-full items-center\"><span class=\"flex h-4 w-full items-center justify-between absolute\"><span class=\"max-w-[15ch] grow truncate overflow-hidden text-center\">ymcinema.com<\/span><span class=\"-me-1 flex h-full items-center rounded-full px-1 text-[#8F8F8F]\">+3<\/span><\/span><span class=\"flex h-4 w-full items-center justify-between\"><span class=\"max-w-[15ch] grow truncate overflow-hidden text-center\">Digital Camera World<\/span><span class=\"-me-1 flex h-full items-center rounded-full px-1 text-[#8F8F8F]\">+3<\/span><\/span><span class=\"flex h-4 w-full items-center justify-between absolute\"><span class=\"max-w-[15ch] grow truncate overflow-hidden text-center\">Camera Decision<\/span><span class=\"-me-1 flex h-full items-center rounded-full px-1 text-[#8F8F8F]\">+3<\/span><\/span><\/span><\/a><\/span><\/span><\/p>\n<\/li>\n<li data-start=\"809\" data-end=\"979\">\n<p data-start=\"811\" data-end=\"979\">Autofocus tr\u00e8s performant : syst\u00e8me Dual Pixel CMOS AF II avec d\u00e9tection visage et animal \u2014 id\u00e9al pour les tournages dynamiques. <span class=\"\" data-state=\"closed\"><span class=\"ms-1 inline-flex max-w-full items-center relative top-[-0.094rem] animate-[show_150ms_ease-in]\" data-testid=\"webpage-citation-pill\"><a class=\"flex h-4.5 overflow-hidden rounded-xl px-2 text-[9px] font-medium transition-colors duration-150 ease-in-out text-token-text-secondary! bg-[#F4F4F4]! dark:bg-[#303030]!\" href=\"https:\/\/www.dpreview.com\/news\/0631874757\/canon-eos-c50-cinema-camera-announcement?utm_source=chatgpt.com\" target=\"_blank\" rel=\"noopener\"><span class=\"relative start-0 bottom-0 flex h-full w-full items-center\"><span class=\"flex h-4 w-full items-center justify-between\"><span class=\"max-w-[15ch] grow truncate overflow-hidden text-center\">DPReview<\/span><span class=\"-me-1 flex h-full items-center rounded-full px-1 text-[#8F8F8F]\">+1<\/span><\/span><\/span><\/a><\/span><\/span><\/p>\n<\/li>\n<li data-start=\"980\" data-end=\"1117\">\n<p data-start=\"982\" data-end=\"1117\">Fixation RF-mount de Canon, compatible avec les optiques RF (et via adaptateur, EF) \u2014 bonne int\u00e9gration dans ton arsenal photo\/vid\u00e9o.<\/p>\n<\/li>\n<li data-start=\"1118\" data-end=\"1309\">\n<p data-start=\"1120\" data-end=\"1309\">Bo\u00eetier ultra-compact et l\u00e9ger pour le segment \u00ab cin\u00e9ma \u00bb : environ 670-700 g pour le corps nu, ce qui en fait l\u2019un des plus mobiles de sa cat\u00e9gorie. <span class=\"\" data-state=\"closed\"><span class=\"ms-1 inline-flex max-w-full items-center relative top-[-0.094rem] animate-[show_150ms_ease-in]\" data-testid=\"webpage-citation-pill\"><a class=\"flex h-4.5 overflow-hidden rounded-xl px-2 text-[9px] font-medium transition-colors duration-150 ease-in-out text-token-text-secondary! bg-[#F4F4F4]! dark:bg-[#303030]!\" href=\"https:\/\/www.digitalcameraworld.com\/cameras\/cinema-cameras\/canon-eos-c50-review?utm_source=chatgpt.com\" target=\"_blank\" rel=\"noopener\"><span class=\"relative start-0 bottom-0 flex h-full w-full items-center\"><span class=\"flex h-4 w-full items-center justify-between\"><span class=\"max-w-[15ch] grow truncate overflow-hidden text-center\">Digital Camera World<\/span><span class=\"-me-1 flex h-full items-center rounded-full px-1 text-[#8F8F8F]\">+1<\/span><\/span><\/span><\/a><\/span><\/span><\/p>\n<\/li>\n<li data-start=\"1310\" data-end=\"1493\">\n<p data-start=\"1312\" data-end=\"1493\">Ergonomie pens\u00e9e vid\u00e9o : poign\u00e9e sup\u00e9rieure avec entr\u00e9es XLR audio, nombreux points de fixation, \u00e9cran articul\u00e9, menus adapt\u00e9s au mode vid\u00e9o. <span class=\"\" data-state=\"closed\"><span class=\"ms-1 inline-flex max-w-full items-center relative top-[-0.094rem] animate-[show_150ms_ease-in]\" data-testid=\"webpage-citation-pill\"><a class=\"flex h-4.5 overflow-hidden rounded-xl px-2 text-[9px] font-medium transition-colors duration-150 ease-in-out text-token-text-secondary! bg-[#F4F4F4]! dark:bg-[#303030]!\" href=\"https:\/\/www.techradar.com\/cameras\/video-cameras\/canon-eos-c50-review?utm_source=chatgpt.com\" target=\"_blank\" rel=\"noopener\"><span class=\"relative start-0 bottom-0 flex h-full w-full items-center\"><span class=\"flex h-4 w-full items-center justify-between\"><span class=\"max-w-[15ch] grow truncate overflow-hidden text-center\">TechRadar<\/span><span class=\"-me-1 flex h-full items-center rounded-full px-1 text-[#8F8F8F]\">+1<\/span><\/span><\/span><\/a><\/span><\/span><\/p>\n<\/li>\n<li data-start=\"1494\" data-end=\"1683\">\n<p data-start=\"1496\" data-end=\"1683\">Plage dynamique \u00e9tendue (15+ stops annonc\u00e9s) et double base ISO (800 \/ 6400) \u2014 compatible pour tournages dans des conditions de lumi\u00e8re difficiles. <span class=\"\" data-state=\"closed\"><span class=\"ms-1 inline-flex max-w-full items-center relative top-[-0.094rem] animate-[show_150ms_ease-in]\" data-testid=\"webpage-citation-pill\"><a class=\"flex h-4.5 overflow-hidden rounded-xl px-2 text-[9px] font-medium transition-colors duration-150 ease-in-out text-token-text-secondary! bg-[#F4F4F4]! dark:bg-[#303030]!\" href=\"https:\/\/www.techradar.com\/cameras\/video-cameras\/canon-eos-c50-review?utm_source=chatgpt.com\" target=\"_blank\" rel=\"noopener\"><span class=\"relative start-0 bottom-0 flex h-full w-full items-center\"><span class=\"flex h-4 w-full items-center justify-between overflow-hidden\"><span class=\"max-w-[15ch] grow truncate overflow-hidden text-center\">TechRadar<\/span><\/span><\/span><\/a><\/span><\/span><\/p>\n<\/li>\n<\/ul>\n<hr data-start=\"1685\" data-end=\"1688\" \/>\n<h3 data-start=\"1690\" data-end=\"1757\">Pourquoi ce bo\u00eetier pourrait \u00eatre un excellent choix pour toi<\/h3>\n<p data-start=\"1758\" data-end=\"1849\">\u00c9tant donn\u00e9 ton travail de photographe\/vid\u00e9aste (pour restos, shootings, boissons, etc) :<\/p>\n<ul data-start=\"1850\" data-end=\"2501\">\n<li data-start=\"1850\" data-end=\"2026\">\n<p data-start=\"1852\" data-end=\"2026\">Le C50 permet de passer facilement de la photo au vid\u00e9o, ce qui est parfait si tu fais \u00e0 la fois des prises \u00ab stills \u00bb (ex : boissons, sushi shoots) et des s\u00e9quences vid\u00e9o.<\/p>\n<\/li>\n<li data-start=\"2027\" data-end=\"2178\">\n<p data-start=\"2029\" data-end=\"2178\">Le format \u00ab cin\u00e9ma \u00bb et les options vid\u00e9o haut niveau t\u2019ouvrent de nouvelles possibilit\u00e9s : teasers, clips pour r\u00e9seaux sociaux, pubs pour clients.<\/p>\n<\/li>\n<li data-start=\"2179\" data-end=\"2366\">\n<p data-start=\"2181\" data-end=\"2366\">Le poids contenu et l\u2019ergonomie vid\u00e9o rendent ce bo\u00eetier maniable sur gimbal, stabilisateur, ou m\u00eame en shooting mobile, ce qui peut \u00eatre utile pour les rep\u00e9rages, restaurants, caf\u00e9s.<\/p>\n<\/li>\n<li data-start=\"2367\" data-end=\"2501\">\n<p data-start=\"2369\" data-end=\"2501\">L\u2019autofocus performant te soulage quand le tournage est dynamique \u2014 tr\u00e8s utile sur les tournages \u00e9v\u00e9nementiels ou en restauration.<\/p>\n<\/li>\n<\/ul>\n<hr data-start=\"2503\" data-end=\"2506\" \/>\n<h3 data-start=\"2508\" data-end=\"2543\">\u00c0 noter \/ points de vigilance<\/h3>\n<ul data-start=\"2544\" data-end=\"3236\">\n<li data-start=\"2544\" data-end=\"2768\">\n<p data-start=\"2546\" data-end=\"2768\">Il <strong data-start=\"2549\" data-end=\"2595\">n\u2019y a pas de stabilisation int\u00e9gr\u00e9e (IBIS)<\/strong> mentionn\u00e9e comme standard, donc pour les prises mains libres, tu devras penser \u00e0 un stabilisateur ou un objectif avec stabilisation. <span class=\"\" data-state=\"closed\"><span class=\"ms-1 inline-flex max-w-full items-center relative top-[-0.094rem] animate-[show_150ms_ease-in]\" data-testid=\"webpage-citation-pill\"><a class=\"flex h-4.5 overflow-hidden rounded-xl px-2 text-[9px] font-medium transition-colors duration-150 ease-in-out text-token-text-secondary! bg-[#F4F4F4]! dark:bg-[#303030]!\" href=\"https:\/\/www.digitalcameraworld.com\/cameras\/cinema-cameras\/canon-eos-c50-review?utm_source=chatgpt.com\" target=\"_blank\" rel=\"noopener\"><span class=\"relative start-0 bottom-0 flex h-full w-full items-center\"><span class=\"flex h-4 w-full items-center justify-between overflow-hidden\"><span class=\"max-w-[15ch] grow truncate overflow-hidden text-center\">Digital Camera World<\/span><\/span><\/span><\/a><\/span><\/span><\/p>\n<\/li>\n<li data-start=\"2769\" data-end=\"2930\">\n<p data-start=\"2771\" data-end=\"2930\">Le prix est assez \u00e9lev\u00e9 (en ligne autour de 3 900 USD au lancement) \u2014 \u00e0 adapter selon le march\u00e9 Marocain \/ importation. <span class=\"\" data-state=\"closed\"><span class=\"ms-1 inline-flex max-w-full items-center relative top-[-0.094rem] animate-[show_150ms_ease-in]\" data-testid=\"webpage-citation-pill\"><a class=\"flex h-4.5 overflow-hidden rounded-xl px-2 text-[9px] font-medium transition-colors duration-150 ease-in-out text-token-text-secondary! bg-[#F4F4F4]! dark:bg-[#303030]!\" href=\"https:\/\/www.digitalcameraworld.com\/cameras\/cinema-cameras\/canon-eos-c50-review?utm_source=chatgpt.com\" target=\"_blank\" rel=\"noopener\"><span class=\"relative start-0 bottom-0 flex h-full w-full items-center\"><span class=\"flex h-4 w-full items-center justify-between\"><span class=\"max-w-[15ch] grow truncate overflow-hidden text-center\">Digital Camera World<\/span><span class=\"-me-1 flex h-full items-center rounded-full px-1 text-[#8F8F8F]\">+1<\/span><\/span><\/span><\/a><\/span><\/span><\/p>\n<\/li>\n<li data-start=\"2931\" data-end=\"3096\">\n<p data-start=\"2933\" data-end=\"3096\">Pour des shootings purement photo (sans vid\u00e9o) peut-\u00eatre qu\u2019un bo\u00eetier photo \u00ab canon \u00bb plus orient\u00e9 photographie suffirait ; le C50 est optimis\u00e9 vid\u00e9o + hybride.<\/p>\n<\/li>\n<li data-start=\"3097\" data-end=\"3236\">\n<p data-start=\"3099\" data-end=\"3236\">Comme tout mat\u00e9riel pro, pensez aux accessoires : objectifs RF, cartes m\u00e9moire rapides (CFexpress\/SD), alimentation, rigging audio\/vid\u00e9o\u2026<\/p>\n<\/li>\n<\/ul>","protected":false},"excerpt":{"rendered":"<p>Le Canon EOS C50 est un puissant cam\u00e9scope\/bo\u00eetier hybride plein-format con\u00e7u pour les cr\u00e9ateurs, vid\u00e9astes et photographes exigeants. Il combine<\/p>","protected":false},"featured_media":23684,"comment_status":"open","ping_status":"closed","template":"","meta":[],"product_brand":[],"product_cat":[163],"product_tag":[],"class_list":{"0":"post-23682","1":"product","2":"type-product","3":"status-publish","4":"has-post-thumbnail","6":"product_cat-canon","8":"first","9":"instock","10":"product-type-simple"},"jetpack_sharing_enabled":true,"_links":{"self":[{"href":"https:\/\/yahyaouishop.com\/fr\/wp-json\/wp\/v2\/product\/23682","targetHints":{"allow":["GET"]}}],"collection":[{"href":"https:\/\/yahyaouishop.com\/fr\/wp-json\/wp\/v2\/product"}],"about":[{"href":"https:\/\/yahyaouishop.com\/fr\/wp-json\/wp\/v2\/types\/product"}],"replies":[{"embeddable":true,"href":"https:\/\/yahyaouishop.com\/fr\/wp-json\/wp\/v2\/comments?post=23682"}],"version-history":[{"count":1,"href":"https:\/\/yahyaouishop.com\/fr\/wp-json\/wp\/v2\/product\/23682\/revisions"}],"predecessor-version":[{"id":23685,"href":"https:\/\/yahyaouishop.com\/fr\/wp-json\/wp\/v2\/product\/23682\/revisions\/23685"}],"wp:featuredmedia":[{"embeddable":true,"href":"https:\/\/yahyaouishop.com\/fr\/wp-json\/wp\/v2\/media\/23684"}],"wp:attachment":[{"href":"https:\/\/yahyaouishop.com\/fr\/wp-json\/wp\/v2\/media?parent=23682"}],"wp:term":[{"taxonomy":"product_brand","embeddable":true,"href":"https:\/\/yahyaouishop.com\/fr\/wp-json\/wp\/v2\/product_brand?post=23682"},{"taxonomy":"product_cat","embeddable":true,"href":"https:\/\/yahyaouishop.com\/fr\/wp-json\/wp\/v2\/product_cat?post=23682"},{"taxonomy":"product_tag","embeddable":true,"href":"https:\/\/yahyaouishop.com\/fr\/wp-json\/wp\/v2\/product_tag?post=23682"}],"curies":[{"name":"wp","href":"https:\/\/api.w.org\/{rel}","templated":true}]}}