{"id":23623,"date":"2025-10-08T19:45:46","date_gmt":"2025-10-08T18:45:46","guid":{"rendered":"https:\/\/yahyaouishop.com\/fr\/produit\/sigma-28-45mm-f1-8-dg-dn-art-pour-sony-e\/"},"modified":"2025-10-08T19:45:51","modified_gmt":"2025-10-08T18:45:51","slug":"sigma-28-45mm-f1-8-dg-dn-art-pour-sony-e","status":"publish","type":"product","link":"https:\/\/yahyaouishop.com\/fr\/produit\/sigma-28-45mm-f1-8-dg-dn-art-pour-sony-e\/","title":{"rendered":"Sigma 28-45mm F1.8 DG DN | Art pour SONY-E"},"content":{"rendered":"<p>Le SIGMA 28-45mm F1.8 DG DN | Art est le premier zoom Plein Format au monde avec une ouverture maximale constante F1.8, offrant une nettet\u00e9 et une clart\u00e9 comparables \u00e0 celles d&#8217;une focale fixe.<\/p>\n<div class=\"product_description_intro vc_col-sm-12\">\n<div class=\"product_description_short content\" style=\"font-size: 1rem\">\n<p style=\"line-height: 2;margin: 0px 0px 0.5em;text-align: justify\">D\u00e9j\u00e0 pionnier en mati\u00e8re de zooms uniques \u00e0 grande ouverture, tels que le SIGMA 18-35mm F1.8 DC HSM | Art et le SIGMA 24-35mm F2 DG HSM | Art, SIGMA annonce un nouvel objectif de grande ouverture, maniable et polyvalent dans sa gamme Art.<\/p>\n<p style=\"line-height: 2;margin: 0px 0px 0.5em;text-align: justify\">En plus de sa luminosit\u00e9 sans pr\u00e9c\u00e9dent, le SIGMA 28-45mm F1.8 DG DN | Art offre une nettet\u00e9 et une clart\u00e9 comparables \u00e0 celles d&#8217;une focale fixe sur toute sa plage du zoom. Dot\u00e9 d&#8217;une mise au point automatique rapide et pr\u00e9cise et d&#8217;une op\u00e9rabilit\u00e9 sup\u00e9rieure, cet objectif innovant tourne une nouvelle page dans l&#8217;histoire des zooms et de leurs possibilit\u00e9s cr\u00e9atives. C&#8217;est un objectif qui inspirera les r\u00e9alisateurs de films qui utilisent des cam\u00e9ras Plein Format, tout en apportant une polyvalence in\u00e9gal\u00e9e aux photographes.<\/p>\n<p style=\"line-height: 2;margin: 0px 0px 0.5em;text-align: justify\"><sub style=\"font-size: 12px;line-height: 0;position: relative;vertical-align: baseline;bottom: -0.25em\">* A partir de juin 2024 par SIGMA<span class=\"Apple-converted-space\">&nbsp;<\/span><\/sub><\/p>\n<\/div>\n<div class=\"product_trophies\"><\/div>\n<\/div>\n<div class=\"product_description content vc_col-sm-12\">\n<h3 style=\"font-weight: 500;font-size: 1.3em;margin: 1em 0px\">Le premier* zoom Plein Format au monde \u00e0 ouverture F1.8&nbsp;<\/h3>\n<p style=\"line-height: 2;margin: 0px 0px 0.5em;text-align: justify\">SIGMA a d\u00e9velopp\u00e9 avec succ\u00e8s le premier zoom Plein Format au monde avec une ouverture maximale de F1.8. Le SIGMA 28-45mm F1.8 DG DN | Art est dot\u00e9 d&#8217;un m\u00e9canisme de zoom interne, d&#8217;une distance de mise au point minimale de 30 cm sur toute la plage du zoom et d&#8217;un diam\u00e8tre de filtre de \u03c682 mm. Bien que dot\u00e9 de caract\u00e9ristiques avanc\u00e9es, l&#8217;objectif p\u00e8se moins de 1 kg, ce qui en fait une option portative et polyvalente pour les prises de vue \u00e0 main lev\u00e9e ou sur gimbal.<\/p>\n<h4 style=\"font-weight: 400;font-size: 1.1em;line-height: 2;margin: 0.5em 0px\">Grande ouverture constante de F1.8<\/h4>\n<p style=\"line-height: 2;margin: 0px 0px 0.5em;text-align: justify\">Autrefois r\u00e9serv\u00e9e aux seules focales fixes, l&#8217;ouverture maximale F1.8 permet aux utilisateurs d&#8217;appareils Plein Format de photographier \u00e0 main lev\u00e9e en basse lumi\u00e8re et de produire de magnifiques bokeh, tout en b\u00e9n\u00e9ficiant de la flexibilit\u00e9 d&#8217;un zoom. Cette performance optique unique est le fruit de l&#8217;exp\u00e9rience accumul\u00e9e par SIGMA en mati\u00e8re de conception optique et de technologie de production avanc\u00e9e dans la seule unit\u00e9 de production de l&#8217;entreprise situ\u00e9e \u00e0 Aizu, au Japon.<\/p>\n<h4 style=\"font-weight: 400;font-size: 1.1em;line-height: 2;margin: 0.5em 0px\">Zoom interne efficace et fiable<\/h4>\n<p style=\"line-height: 2;margin: 0px 0px 0.5em;text-align: justify\">Gr\u00e2ce \u00e0 un m\u00e9canisme de zoom interne, la longueur totale de l&#8217;objectif reste constante lorsque la longueur focale ou la distance de mise au point change. L&#8217;objectif est donc facile \u00e0 utiliser lors des prises de vue \u00e0 main lev\u00e9e, tr\u00e8s stable lorsqu&#8217;il est mont\u00e9 sur un tr\u00e9pied ou un gimbal, et plus r\u00e9sistant \u00e0 la poussi\u00e8re et aux projections d\u2019eau.<\/p>\n<h4 style=\"font-weight: 400;font-size: 1.1em;line-height: 2;margin: 0.5em 0px\">Mise au point rapproch\u00e9e constante<\/h4>\n<p style=\"line-height: 2;margin: 0px 0px 0.5em;text-align: justify\">La distance minimale de mise au point est constante \u00e0 30 cm sur toute la plage du zoom, avec un rapport de grossissement maximal de 1:4 au t\u00e9l\u00e9objectif, ce qui offre d&#8217;excellentes possibilit\u00e9s de prise de vue rapproch\u00e9e. En plus d&#8217;offrir une mise au point pr\u00e9cise dans les espaces confin\u00e9s, l&#8217;objectif peut donc \u00eatre utilis\u00e9 \u00e0 proximit\u00e9 d&#8217;un sujet sans affecter la nettet\u00e9 lors de l&#8217;utilisation du zoom.<\/p>\n<h4 style=\"font-weight: 400;font-size: 1.1em;line-height: 2;margin: 0.5em 0px\">Une construction haut de gamme pour un poids r\u00e9duit<\/h4>\n<p style=\"line-height: 2;margin: 0px 0px 0.5em;text-align: justify\">La rigidit\u00e9 et la durabilit\u00e9 de l&#8217;objectif prot\u00e8gent sa conception optique sophistiqu\u00e9e, et ce pour un poids inf\u00e9rieur \u00e0 1 kg. De plus, cet outil photographique fiable utilise un diam\u00e8tre de filtre polyvalent de \u03c682 mm, ce qui signifie qu&#8217;il n&#8217;y a aucun compromis en termes de portabilit\u00e9 ou de praticit\u00e9.<\/p>\n<h3 style=\"font-weight: 500;font-size: 1.3em;margin: 1em 0px\">Excellentes performances optiques comparables \u00e0 celles d&#8217;une focale fixe<\/h3>\n<p style=\"line-height: 2;margin: 0px 0px 0.5em;text-align: justify\">Gr\u00e2ce \u00e0 la correction minutieuse de toutes les aberrations optiques sur l&#8217;ensemble de la plage du zoom, le SIGMA 28-45 mm F1.8 DG DN | Art rivalise avec les focales fixes en termes de clart\u00e9 et de d\u00e9finition. Gr\u00e2ce \u00e0 ses traitements avanc\u00e9s, l&#8217;objectif produit des images claires, m\u00eame en contre-jour, tandis que le focus breathing* de la mise au point est compl\u00e8tement supprim\u00e9e, apportant une puissance expressive aux r\u00e9alisateurs de films et aux photographes.<\/p>\n<p style=\"line-height: 2;margin: 0px 0px 0.5em;text-align: justify\"><sup style=\"font-size: 12px;line-height: 0;position: relative;vertical-align: baseline;top: -0.5em\">* Changement de cadrage lors du changement de la mise au point<\/sup><\/p>\n<h4 style=\"font-weight: 400;font-size: 1.1em;line-height: 2;margin: 0.5em 0px\">Le summum de la qualit\u00e9 optique dans un zoom<\/h4>\n<p style=\"line-height: 2;margin: 0px 0px 0.5em;text-align: justify\">Gr\u00e2ce \u00e0 la disposition efficace de 5 \u00e9l\u00e9ments SLD et de 3 \u00e9l\u00e9ments asph\u00e9riques, les aberrations sont rigoureusement corrig\u00e9es. L&#8217;aberration chromatique axiale, particuli\u00e8rement visible avec les objectifs \u00e0 grande ouverture, a \u00e9t\u00e9 compl\u00e8tement supprim\u00e9e, et l&#8217;objectif fournit des images claires avec une coloration minimale, allant des d\u00e9tails tr\u00e8s nets jusqu&#8217;au bokeh large et doux.<\/p>\n<h4 style=\"font-weight: 400;font-size: 1.1em;line-height: 2;margin: 0.5em 0px\">Suppression du focus breathing*<\/h4>\n<p style=\"line-height: 2;margin: 0px 0px 0.5em;text-align: justify\">Lors de l&#8217;utilisation d&#8217;objectifs classiques, l&#8217;angle de vue peut changer lorsque la mise au point se fait de pr\u00e8s ou de loin, ce qui affecte la pr\u00e9cision de la composition. Avec le SIGMA 28-45mm F1.8 DG DN | Art, le focus breathing*de la mise au point est supprim\u00e9e, ce qui permet d&#8217;obtenir une mise au point naturelle lors de la r\u00e9alisation de vid\u00e9os.<\/p>\n<p style=\"line-height: 2;margin: 0px 0px 0.5em;text-align: justify\"><sup style=\"font-size: 12px;line-height: 0;position: relative;vertical-align: baseline;top: -0.5em\">* Changement de cadrage lors du changement de la mise au point<\/sup><\/p>\n<h4 style=\"font-weight: 400;font-size: 1.1em;line-height: 2;margin: 0.5em 0px\">Flare et lumi\u00e8res incidentes \u00e9limin\u00e9s<\/h4>\n<p style=\"line-height: 2;margin: 0px 0px 0.5em;text-align: justify\">Le flare et les lumi\u00e8res incidentes, qui r\u00e9duisent la qualit\u00e9 de l&#8217;image, ont \u00e9t\u00e9 largement \u00e9limin\u00e9s gr\u00e2ce \u00e0 une technologie de mod\u00e9lisation avanc\u00e9e, garantissant des r\u00e9sultats de qualit\u00e9 et contrast\u00e9s dans toutes les conditions. De plus, afin de r\u00e9duire au minimum les reflets et les lumi\u00e8res incidentes, l&#8217;objectif utilise les rev\u00eatements Nano Porous et Super Multicouches de SIGMA, qui offrent une r\u00e9sistance sup\u00e9rieure au contre-jour et permettent d&#8217;obtenir des images claires et nettes dans toutes les conditions d&#8217;\u00e9clairage.<\/p>\n<h3 style=\"font-weight: 500;font-size: 1.3em;margin: 1em 0px\">Mise au point automatique ultra-rapide et fonctions innovantes<\/h3>\n<p style=\"line-height: 2;margin: 0px 0px 0.5em;text-align: justify\">Le SIGMA 28-45mm F1.8 DG DN | Art offre une gamme de caract\u00e9ristiques professionnelles aussi impressionnantes que ses performances optiques exceptionnelles. Avec une mise au point rapide et adapt\u00e9e, une structure robuste et r\u00e9sistante aux intemp\u00e9ries, une bague de diaphragme d\u00e9cliquable, une mise au point manuelle fluide et des boutons AFL sur l\u2019objectif, toutes les caract\u00e9ristiques se combinent pour cr\u00e9er un outil photographique polyvalent capable de r\u00e9pondre \u00e0 n&#8217;importe quelle situation.<\/p>\n<h4 style=\"font-weight: 400;font-size: 1.1em;line-height: 2;margin: 0.5em 0px\">Mise au point plus rapide gr\u00e2ce \u00e0 un moteur lin\u00e9aire<\/h4>\n<p style=\"line-height: 2;margin: 0px 0px 0.5em;text-align: justify\">Le m\u00e9canisme de mise au point automatique de l&#8217;objectif utilise un moteur HLA (High-response Linear Actuator) pour associer une vitesse de mise au point acc\u00e9l\u00e9r\u00e9e \u00e0 une pr\u00e9cision exceptionnelle. Et comme le moteur est quasiment silencieux, il permet d&#8217;enregistrer des vid\u00e9os sans bruit.<\/p>\n<h4 style=\"font-weight: 400;font-size: 1.1em;line-height: 2;margin: 0.5em 0px\">Mise au point manuelle pr\u00e9cise et confortable<\/h4>\n<p style=\"line-height: 2;margin: 0px 0px 0.5em;text-align: justify\">Pour une mise au point manuelle d\u00e9licate et pr\u00e9cise, l&#8217;objectif utilise une bague de mise au point by-wire comprenant un r\u00e9glage de couple optimal, une haute r\u00e9solution et un angle de rotation r\u00e9glable entre 90\u00b0 et 720\u00b0*. Cela permet aux r\u00e9alisateurs de faire la mise au point avec une douceur naturelle et aux photographes de faire la mise au point manuellement avec une pr\u00e9cision exceptionnelle.<\/p>\n<p style=\"line-height: 2;margin: 0px 0px 0.5em;text-align: justify\"><sup style=\"font-size: 12px;line-height: 0;position: relative;vertical-align: baseline;top: -0.5em\">* Uniquement pour la monture L-Mount, et avec les appareils photo compatibles.<\/sup><\/p>\n<h4 style=\"font-weight: 400;font-size: 1.1em;line-height: 2;margin: 0.5em 0px\">Raffinement de la bague de diaphragme<\/h4>\n<p style=\"line-height: 2;margin: 0px 0px 0.5em;text-align: justify\">L&#8217;objectif est \u00e9quip\u00e9 d&#8217;une bague de diaphragme, d&#8217;un commutateur de bague de diaphragme et d&#8217;un curseur de verrouillage de la bague de diaphragme, ce qui permet d&#8217;utiliser le diaphragme en fonction des diff\u00e9rentes situations de prise de vue.<\/p>\n<h4 style=\"font-weight: 400;font-size: 1.1em;line-height: 2;margin: 0.5em 0px\">Dot\u00e9 de deux boutons AFL<\/h4>\n<p style=\"line-height: 2;margin: 0px 0px 0.5em;text-align: justify\">Situ\u00e9s sur le c\u00f4t\u00e9 et sur le dessus de l\u2019objectif, deux boutons AFL personnalisables* sont facilement accessibles en position de prise de vue horizontale ou verticale.<\/p>\n<p style=\"line-height: 2;margin: 0px 0px 0.5em;text-align: justify\"><sub style=\"font-size: 12px;line-height: 0;position: relative;vertical-align: baseline;bottom: -0.25em\">* Fonction disponible uniquement sur les appareils compatibles. Les fonctions disponibles peuvent varier en fonction de l&#8217;appareil utilis\u00e9.<\/sub><\/p>\n<h4 style=\"font-weight: 400;font-size: 1.1em;line-height: 2;margin: 0.5em 0px\">Construit pour r\u00e9sister aux intemp\u00e9ries<\/h4>\n<p style=\"line-height: 2;margin: 0px 0px 0.5em;text-align: justify\">En plus d&#8217;une structure r\u00e9sistante \u00e0 la poussi\u00e8re et aux \u00e9claboussures, l&#8217;\u00e9l\u00e9ment avant de l&#8217;objectif est dot\u00e9 d&#8217;un rev\u00eatement hydrofuge et ol\u00e9ofuge, ce qui permet aux photographes de r\u00e9aliser des prises de vue en toute s\u00e9r\u00e9nit\u00e9, m\u00eame dans des environnements ext\u00e9rieurs difficiles.<\/p>\n<p style=\"line-height: 2;margin: 0px 0px 0.5em;text-align: justify\"><sub style=\"font-size: 12px;line-height: 0;position: relative;vertical-align: baseline;bottom: -0.25em\">* La structure est con\u00e7ue pour r\u00e9sister \u00e0 la poussi\u00e8re et aux \u00e9claboussures, mais pas \u00e0 l&#8217;eau. Veillez \u00e0 ne pas mettre l&#8217;objectif en contact avec une grande quantit\u00e9 d&#8217;eau. L&#8217;eau \u00e0 l&#8217;int\u00e9rieur de l&#8217;objectif peut causer des dommages importants et m\u00eame rendre l&#8217;objectif irr\u00e9parable.<\/sub><\/p>\n<h4 style=\"font-weight: 400;font-size: 1.1em;line-height: 2;margin: 0.5em 0px\">Livr\u00e9 avec un pare-soleil en corolle avec verrouillage<\/h4>\n<p style=\"line-height: 2;margin: 0px 0px 0.5em;text-align: justify\">Un pare-soleil en corolle est inclus pour prot\u00e9ger l&#8217;objectif de la lumi\u00e8re. Il est dot\u00e9 d&#8217;un m\u00e9canisme de verrouillage pour une fixation s\u00fbre et peut \u00eatre invers\u00e9 pour un rangement plus facile<\/p>\n<\/div>","protected":false},"excerpt":{"rendered":"<p>Le SIGMA 28-45mm F1.8 DG DN | Art est le premier zoom Plein Format au monde avec une ouverture maximale<\/p>","protected":false},"featured_media":23621,"comment_status":"open","ping_status":"closed","template":"","meta":[],"product_brand":[],"product_cat":[161],"product_tag":[],"class_list":{"0":"post-23623","1":"product","2":"type-product","3":"status-publish","4":"has-post-thumbnail","6":"product_cat-cameras","8":"first","9":"instock","10":"purchasable","11":"product-type-simple"},"jetpack_sharing_enabled":true,"_links":{"self":[{"href":"https:\/\/yahyaouishop.com\/fr\/wp-json\/wp\/v2\/product\/23623","targetHints":{"allow":["GET"]}}],"collection":[{"href":"https:\/\/yahyaouishop.com\/fr\/wp-json\/wp\/v2\/product"}],"about":[{"href":"https:\/\/yahyaouishop.com\/fr\/wp-json\/wp\/v2\/types\/product"}],"replies":[{"embeddable":true,"href":"https:\/\/yahyaouishop.com\/fr\/wp-json\/wp\/v2\/comments?post=23623"}],"version-history":[{"count":0,"href":"https:\/\/yahyaouishop.com\/fr\/wp-json\/wp\/v2\/product\/23623\/revisions"}],"wp:featuredmedia":[{"embeddable":true,"href":"https:\/\/yahyaouishop.com\/fr\/wp-json\/wp\/v2\/media\/23621"}],"wp:attachment":[{"href":"https:\/\/yahyaouishop.com\/fr\/wp-json\/wp\/v2\/media?parent=23623"}],"wp:term":[{"taxonomy":"product_brand","embeddable":true,"href":"https:\/\/yahyaouishop.com\/fr\/wp-json\/wp\/v2\/product_brand?post=23623"},{"taxonomy":"product_cat","embeddable":true,"href":"https:\/\/yahyaouishop.com\/fr\/wp-json\/wp\/v2\/product_cat?post=23623"},{"taxonomy":"product_tag","embeddable":true,"href":"https:\/\/yahyaouishop.com\/fr\/wp-json\/wp\/v2\/product_tag?post=23623"}],"curies":[{"name":"wp","href":"https:\/\/api.w.org\/{rel}","templated":true}]}}