{"id":23161,"date":"2025-09-25T22:39:58","date_gmt":"2025-09-25T21:39:58","guid":{"rendered":"https:\/\/yahyaouishop.com\/?post_type=product&#038;p=23161"},"modified":"2026-04-06T16:37:07","modified_gmt":"2026-04-06T15:37:07","slug":"fujifilm-instax-mini-evo-noir-appareil-photo-instantane-hybride","status":"publish","type":"product","link":"https:\/\/yahyaouishop.com\/fr\/produit\/fujifilm-instax-mini-evo-noir-appareil-photo-instantane-hybride\/","title":{"rendered":"Fujifilm Instax Mini Evo Noir \u2013 Appareil photo instantan\u00e9 hybride"},"content":{"rendered":"<p>L\u2019Instax Mini Evo est un appareil photo instantan\u00e9 num\u00e9rique qui permet de choisir vos clich\u00e9s avant de les imprimer.<\/p>\n<ul>\n<li>10 effets d\u2019objectif et 10 effets de film combinables pour 100 styles cr\u00e9atifs<\/li>\n<li>\u00c9cran LCD pour visualiser et s\u00e9lectionner les photos \u00e0 imprimer sur film Instax Mini<\/li>\n<li>Capteur num\u00e9rique de 5 MP avec prise en main r\u00e9tro et double d\u00e9clencheur<\/li>\n<li>Connectivit\u00e9 Bluetooth pour imprimer des photos depuis votre smartphone et enregistrer vos images dans l\u2019application<\/li>\n<\/ul>","protected":false},"excerpt":{"rendered":"<p>Appareil photo instantan\u00e9 hybride offrant des effets cr\u00e9atifs, un \u00e9cran pour pr\u00e9visualiser et la possibilit\u00e9 d\u2019imprimer ou sauvegarder vos images.<\/p>","protected":false},"featured_media":23227,"comment_status":"open","ping_status":"closed","template":"","meta":[],"product_brand":[483],"product_cat":[161,170],"product_tag":[226],"class_list":{"0":"post-23161","1":"product","2":"type-product","3":"status-publish","4":"has-post-thumbnail","6":"product_brand-fujifilm","7":"product_cat-cameras","8":"product_cat-fujifilm","9":"product_tag-brand-fujifilm","11":"first","12":"instock","13":"purchasable","14":"product-type-simple"},"jetpack_sharing_enabled":true,"_links":{"self":[{"href":"https:\/\/yahyaouishop.com\/fr\/wp-json\/wp\/v2\/product\/23161","targetHints":{"allow":["GET"]}}],"collection":[{"href":"https:\/\/yahyaouishop.com\/fr\/wp-json\/wp\/v2\/product"}],"about":[{"href":"https:\/\/yahyaouishop.com\/fr\/wp-json\/wp\/v2\/types\/product"}],"replies":[{"embeddable":true,"href":"https:\/\/yahyaouishop.com\/fr\/wp-json\/wp\/v2\/comments?post=23161"}],"version-history":[{"count":3,"href":"https:\/\/yahyaouishop.com\/fr\/wp-json\/wp\/v2\/product\/23161\/revisions"}],"predecessor-version":[{"id":23228,"href":"https:\/\/yahyaouishop.com\/fr\/wp-json\/wp\/v2\/product\/23161\/revisions\/23228"}],"wp:featuredmedia":[{"embeddable":true,"href":"https:\/\/yahyaouishop.com\/fr\/wp-json\/wp\/v2\/media\/23227"}],"wp:attachment":[{"href":"https:\/\/yahyaouishop.com\/fr\/wp-json\/wp\/v2\/media?parent=23161"}],"wp:term":[{"taxonomy":"product_brand","embeddable":true,"href":"https:\/\/yahyaouishop.com\/fr\/wp-json\/wp\/v2\/product_brand?post=23161"},{"taxonomy":"product_cat","embeddable":true,"href":"https:\/\/yahyaouishop.com\/fr\/wp-json\/wp\/v2\/product_cat?post=23161"},{"taxonomy":"product_tag","embeddable":true,"href":"https:\/\/yahyaouishop.com\/fr\/wp-json\/wp\/v2\/product_tag?post=23161"}],"curies":[{"name":"wp","href":"https:\/\/api.w.org\/{rel}","templated":true}]}}