{"id":23155,"date":"2025-09-25T22:39:57","date_gmt":"2025-09-25T21:39:57","guid":{"rendered":"https:\/\/yahyaouishop.com\/?post_type=product&#038;p=23155"},"modified":"2025-10-01T01:08:15","modified_gmt":"2025-10-01T00:08:15","slug":"flash-nikon-speedlight-sb%e2%80%915000","status":"publish","type":"product","link":"https:\/\/yahyaouishop.com\/fr\/produit\/flash-nikon-speedlight-sb%e2%80%915000\/","title":{"rendered":"Flash Nikon Speedlight SB\u20115000"},"content":{"rendered":"<p>Le SB\u20115000 est un flash professionnel compatible i\u2011TTL dot\u00e9 de fonctions radio avanc\u00e9es.<\/p>\n<ul>\n<li>Syst\u00e8me Advanced Wireless Lighting radio et contr\u00f4le flash unifi\u00e9 via l\u2019appareil photo ou l\u2019ordinateur<\/li>\n<li>Puissant nombre guide de 34,5 m (ISO 100, 35 mm) et conception compacte<\/li>\n<li>Syst\u00e8me de refroidissement int\u00e9gr\u00e9 permettant davantage de d\u00e9clenchements cons\u00e9cutifs sans surchauffe<\/li>\n<li>Ergonomie am\u00e9lior\u00e9e et compatibilit\u00e9 avec toute la gamme Nikon CLS<\/li>\n<\/ul>","protected":false},"excerpt":{"rendered":"<p>Flash i\u2011TTL professionnel dot\u00e9 de commande radio, refroidissement innovant et nombre guide \u00e9lev\u00e9 pour une exposition fiable.<\/p>","protected":false},"featured_media":23235,"comment_status":"open","ping_status":"closed","template":"","meta":[],"product_brand":[465],"product_cat":[446],"product_tag":[123],"class_list":{"0":"post-23155","1":"product","2":"type-product","3":"status-publish","4":"has-post-thumbnail","6":"product_brand-nikon","7":"product_cat-flash-2","8":"product_tag-brand-nikon","10":"first","11":"instock","12":"purchasable","13":"product-type-simple"},"jetpack_sharing_enabled":true,"_links":{"self":[{"href":"https:\/\/yahyaouishop.com\/fr\/wp-json\/wp\/v2\/product\/23155","targetHints":{"allow":["GET"]}}],"collection":[{"href":"https:\/\/yahyaouishop.com\/fr\/wp-json\/wp\/v2\/product"}],"about":[{"href":"https:\/\/yahyaouishop.com\/fr\/wp-json\/wp\/v2\/types\/product"}],"replies":[{"embeddable":true,"href":"https:\/\/yahyaouishop.com\/fr\/wp-json\/wp\/v2\/comments?post=23155"}],"version-history":[{"count":2,"href":"https:\/\/yahyaouishop.com\/fr\/wp-json\/wp\/v2\/product\/23155\/revisions"}],"predecessor-version":[{"id":23240,"href":"https:\/\/yahyaouishop.com\/fr\/wp-json\/wp\/v2\/product\/23155\/revisions\/23240"}],"wp:featuredmedia":[{"embeddable":true,"href":"https:\/\/yahyaouishop.com\/fr\/wp-json\/wp\/v2\/media\/23235"}],"wp:attachment":[{"href":"https:\/\/yahyaouishop.com\/fr\/wp-json\/wp\/v2\/media?parent=23155"}],"wp:term":[{"taxonomy":"product_brand","embeddable":true,"href":"https:\/\/yahyaouishop.com\/fr\/wp-json\/wp\/v2\/product_brand?post=23155"},{"taxonomy":"product_cat","embeddable":true,"href":"https:\/\/yahyaouishop.com\/fr\/wp-json\/wp\/v2\/product_cat?post=23155"},{"taxonomy":"product_tag","embeddable":true,"href":"https:\/\/yahyaouishop.com\/fr\/wp-json\/wp\/v2\/product_tag?post=23155"}],"curies":[{"name":"wp","href":"https:\/\/api.w.org\/{rel}","templated":true}]}}