{"id":23154,"date":"2025-09-25T22:39:57","date_gmt":"2025-09-25T21:39:57","guid":{"rendered":"https:\/\/yahyaouishop.com\/?post_type=product&#038;p=23154"},"modified":"2025-10-01T01:08:15","modified_gmt":"2025-10-01T00:08:15","slug":"teleconvertisseur-nikon-z-tc%e2%80%912-0x","status":"publish","type":"product","link":"https:\/\/yahyaouishop.com\/fr\/produit\/teleconvertisseur-nikon-z-tc%e2%80%912-0x\/","title":{"rendered":"T\u00e9l\u00e9convertisseur Nikon Z TC\u20112.0\u00d7"},"content":{"rendered":"<p>Le t\u00e9l\u00e9convertisseur Z TC\u20112.0\u00d7 double la focale des objectifs NIKKOR Z compatibles.<\/p>\n<ul>\n<li>Doublement de la focale et du rapport de reproduction sans compromis sur la qualit\u00e9 d\u2019image<\/li>\n<li>Conception optique avanc\u00e9e supprimant les aberrations pour pr\u00e9server la nettet\u00e9 et le contraste<\/li>\n<li>Maintien des performances AF et VR de l\u2019objectif principal<\/li>\n<li>Corps r\u00e9sistant \u00e0 la poussi\u00e8re et aux \u00e9claboussures avec rev\u00eatement fluorine et surface antid\u00e9rapante<\/li>\n<\/ul>","protected":false},"excerpt":{"rendered":"<p>T\u00e9l\u00e9convertisseur 2\u00d7 qui \u00e9tend votre t\u00e9l\u00e9objectif tout en conservant l\u2019autofocus et la stabilisation.<\/p>","protected":false},"featured_media":23232,"comment_status":"open","ping_status":"closed","template":"","meta":[],"product_brand":[465],"product_cat":[445,179,148],"product_tag":[123],"class_list":{"0":"post-23154","1":"product","2":"type-product","3":"status-publish","4":"has-post-thumbnail","6":"product_brand-nikon","7":"product_cat-objectifs-nikon-2","8":"product_cat-objectifs-nikon","9":"product_cat-objectifs","10":"product_tag-brand-nikon","12":"first","13":"onbackorder","14":"product-type-simple"},"jetpack_sharing_enabled":true,"_links":{"self":[{"href":"https:\/\/yahyaouishop.com\/fr\/wp-json\/wp\/v2\/product\/23154","targetHints":{"allow":["GET"]}}],"collection":[{"href":"https:\/\/yahyaouishop.com\/fr\/wp-json\/wp\/v2\/product"}],"about":[{"href":"https:\/\/yahyaouishop.com\/fr\/wp-json\/wp\/v2\/types\/product"}],"replies":[{"embeddable":true,"href":"https:\/\/yahyaouishop.com\/fr\/wp-json\/wp\/v2\/comments?post=23154"}],"version-history":[{"count":2,"href":"https:\/\/yahyaouishop.com\/fr\/wp-json\/wp\/v2\/product\/23154\/revisions"}],"predecessor-version":[{"id":23234,"href":"https:\/\/yahyaouishop.com\/fr\/wp-json\/wp\/v2\/product\/23154\/revisions\/23234"}],"wp:featuredmedia":[{"embeddable":true,"href":"https:\/\/yahyaouishop.com\/fr\/wp-json\/wp\/v2\/media\/23232"}],"wp:attachment":[{"href":"https:\/\/yahyaouishop.com\/fr\/wp-json\/wp\/v2\/media?parent=23154"}],"wp:term":[{"taxonomy":"product_brand","embeddable":true,"href":"https:\/\/yahyaouishop.com\/fr\/wp-json\/wp\/v2\/product_brand?post=23154"},{"taxonomy":"product_cat","embeddable":true,"href":"https:\/\/yahyaouishop.com\/fr\/wp-json\/wp\/v2\/product_cat?post=23154"},{"taxonomy":"product_tag","embeddable":true,"href":"https:\/\/yahyaouishop.com\/fr\/wp-json\/wp\/v2\/product_tag?post=23154"}],"curies":[{"name":"wp","href":"https:\/\/api.w.org\/{rel}","templated":true}]}}