{"id":23135,"date":"2025-09-25T22:39:36","date_gmt":"2025-09-25T21:39:36","guid":{"rendered":"https:\/\/yahyaouishop.com\/?post_type=product&#038;p=23135"},"modified":"2025-10-01T01:08:15","modified_gmt":"2025-10-01T00:08:15","slug":"nikkor-z-24%e2%80%91200-mm-f-4%e2%80%9163-vr-zoom-tout%e2%80%91en%e2%80%91un-compact","status":"publish","type":"product","link":"https:\/\/yahyaouishop.com\/fr\/produit\/nikkor-z-24%e2%80%91200-mm-f-4%e2%80%9163-vr-zoom-tout%e2%80%91en%e2%80%91un-compact\/","title":{"rendered":"NIKKOR Z 24\u2011200 mm f\/4\u20116,3 VR \u2013 Zoom tout\u2011en\u2011un compact"},"content":{"rendered":"<p>L\u2019objectif NIKKOR Z 24\u2011200 mm est un zoom tout\u2011en\u2011un couvrant du grand angle au t\u00e9l\u00e9objectif dans un format l\u00e9ger.<\/p>\n<ul>\n<li>Plage focale 24\u2011200 mm dans un bo\u00eetier de seulement 570 g<\/li>\n<li>Lentilles ED, asph\u00e9riques et asph\u00e9riques ED pour une nettet\u00e9 exceptionnelle et rev\u00eatement ARNEO contre les reflets<\/li>\n<li>Mise au point minimale 0,5 m et rapport de reproduction 0,28\u00d7<\/li>\n<li>Stabilisation VR int\u00e9gr\u00e9e offrant jusqu\u2019\u00e0 5 vitesses de gain et conception \u00e9tanche avec rev\u00eatement fluorine<\/li>\n<\/ul>","protected":false},"excerpt":{"rendered":"<p>Zoom polyvalent 24\u2011200 mm l\u00e9ger et stabilis\u00e9 pour toutes vos aventures, offrant un rendu net et des images sans reflets.<\/p>","protected":false},"featured_media":23249,"comment_status":"open","ping_status":"closed","template":"","meta":[],"product_brand":[465],"product_cat":[179,148,188],"product_tag":[123],"class_list":{"0":"post-23135","1":"product","2":"type-product","3":"status-publish","4":"has-post-thumbnail","6":"product_brand-nikon","7":"product_cat-objectifs-nikon","8":"product_cat-objectifs","9":"product_cat-son","10":"product_tag-brand-nikon","12":"first","13":"instock","14":"purchasable","15":"product-type-simple"},"jetpack_sharing_enabled":true,"_links":{"self":[{"href":"https:\/\/yahyaouishop.com\/fr\/wp-json\/wp\/v2\/product\/23135","targetHints":{"allow":["GET"]}}],"collection":[{"href":"https:\/\/yahyaouishop.com\/fr\/wp-json\/wp\/v2\/product"}],"about":[{"href":"https:\/\/yahyaouishop.com\/fr\/wp-json\/wp\/v2\/types\/product"}],"replies":[{"embeddable":true,"href":"https:\/\/yahyaouishop.com\/fr\/wp-json\/wp\/v2\/comments?post=23135"}],"version-history":[{"count":2,"href":"https:\/\/yahyaouishop.com\/fr\/wp-json\/wp\/v2\/product\/23135\/revisions"}],"predecessor-version":[{"id":23250,"href":"https:\/\/yahyaouishop.com\/fr\/wp-json\/wp\/v2\/product\/23135\/revisions\/23250"}],"wp:featuredmedia":[{"embeddable":true,"href":"https:\/\/yahyaouishop.com\/fr\/wp-json\/wp\/v2\/media\/23249"}],"wp:attachment":[{"href":"https:\/\/yahyaouishop.com\/fr\/wp-json\/wp\/v2\/media?parent=23135"}],"wp:term":[{"taxonomy":"product_brand","embeddable":true,"href":"https:\/\/yahyaouishop.com\/fr\/wp-json\/wp\/v2\/product_brand?post=23135"},{"taxonomy":"product_cat","embeddable":true,"href":"https:\/\/yahyaouishop.com\/fr\/wp-json\/wp\/v2\/product_cat?post=23135"},{"taxonomy":"product_tag","embeddable":true,"href":"https:\/\/yahyaouishop.com\/fr\/wp-json\/wp\/v2\/product_tag?post=23135"}],"curies":[{"name":"wp","href":"https:\/\/api.w.org\/{rel}","templated":true}]}}