{"id":23132,"date":"2025-09-25T22:39:36","date_gmt":"2025-09-25T21:39:36","guid":{"rendered":"https:\/\/yahyaouishop.com\/?post_type=product&#038;p=23132"},"modified":"2025-10-01T01:08:13","modified_gmt":"2025-10-01T00:08:13","slug":"nikkor-z-100%e2%80%91400-mm-f-45%e2%80%9156-vr-s-zoom-teleobjectif-polyvalent","status":"publish","type":"product","link":"https:\/\/yahyaouishop.com\/fr\/produit\/nikkor-z-100%e2%80%91400-mm-f-45%e2%80%9156-vr-s-zoom-teleobjectif-polyvalent\/","title":{"rendered":"NIKKOR Z 100\u2011400 mm f\/4,5\u20115,6 VR S \u2013 Zoom t\u00e9l\u00e9objectif polyvalent"},"content":{"rendered":"<p>Le NIKKOR Z 100\u2011400 mm f\/4,5\u20115,6 VR S est un zoom t\u00e9l\u00e9objectif S\u2011Line offrant une port\u00e9e flexible et une performance remarquable.<\/p>\n<ul>\n<li>Plage focale 100\u2011400 mm extensible \u00e0 560 mm\/800 mm avec t\u00e9l\u00e9convertisseurs<\/li>\n<li>Lentilles Super ED et ED pour r\u00e9duire l\u2019aberration chromatique et rev\u00eatements Nano Crystal et ARNEO pour minimiser les images fant\u00f4mes<\/li>\n<li>Mise au point minimale de 0,75 m et rapport de reproduction de 0,38\u00d7<\/li>\n<li>Stabilisation VR \u00e9quivalent 5,5 vitesses, technologie d\u2019\u00e9quilibrage interne et doubles moteurs pas \u00e0 pas pour une mise au point rapide et silencieuse<\/li>\n<\/ul>","protected":false},"excerpt":{"rendered":"<p>Zoom super\u2011t\u00e9l\u00e9objectif S\u2011Line offrant 100\u2011400 mm, VR performant et compatibilit\u00e9 t\u00e9l\u00e9convertisseurs.<\/p>","protected":false},"featured_media":23344,"comment_status":"open","ping_status":"closed","template":"","meta":[],"product_brand":[465],"product_cat":[179,148,188],"product_tag":[123],"class_list":{"0":"post-23132","1":"product","2":"type-product","3":"status-publish","4":"has-post-thumbnail","6":"product_brand-nikon","7":"product_cat-objectifs-nikon","8":"product_cat-objectifs","9":"product_cat-son","10":"product_tag-brand-nikon","12":"first","13":"instock","14":"purchasable","15":"product-type-simple"},"jetpack_sharing_enabled":true,"_links":{"self":[{"href":"https:\/\/yahyaouishop.com\/fr\/wp-json\/wp\/v2\/product\/23132","targetHints":{"allow":["GET"]}}],"collection":[{"href":"https:\/\/yahyaouishop.com\/fr\/wp-json\/wp\/v2\/product"}],"about":[{"href":"https:\/\/yahyaouishop.com\/fr\/wp-json\/wp\/v2\/types\/product"}],"replies":[{"embeddable":true,"href":"https:\/\/yahyaouishop.com\/fr\/wp-json\/wp\/v2\/comments?post=23132"}],"version-history":[{"count":2,"href":"https:\/\/yahyaouishop.com\/fr\/wp-json\/wp\/v2\/product\/23132\/revisions"}],"predecessor-version":[{"id":23350,"href":"https:\/\/yahyaouishop.com\/fr\/wp-json\/wp\/v2\/product\/23132\/revisions\/23350"}],"wp:featuredmedia":[{"embeddable":true,"href":"https:\/\/yahyaouishop.com\/fr\/wp-json\/wp\/v2\/media\/23344"}],"wp:attachment":[{"href":"https:\/\/yahyaouishop.com\/fr\/wp-json\/wp\/v2\/media?parent=23132"}],"wp:term":[{"taxonomy":"product_brand","embeddable":true,"href":"https:\/\/yahyaouishop.com\/fr\/wp-json\/wp\/v2\/product_brand?post=23132"},{"taxonomy":"product_cat","embeddable":true,"href":"https:\/\/yahyaouishop.com\/fr\/wp-json\/wp\/v2\/product_cat?post=23132"},{"taxonomy":"product_tag","embeddable":true,"href":"https:\/\/yahyaouishop.com\/fr\/wp-json\/wp\/v2\/product_tag?post=23132"}],"curies":[{"name":"wp","href":"https:\/\/api.w.org\/{rel}","templated":true}]}}