{"id":23131,"date":"2025-09-25T22:39:36","date_gmt":"2025-09-25T21:39:36","guid":{"rendered":"https:\/\/yahyaouishop.com\/?post_type=product&#038;p=23131"},"modified":"2025-10-01T01:08:13","modified_gmt":"2025-10-01T00:08:13","slug":"nikkor-z-600-mm-f-4-tc-vr-s-super%e2%80%91teleobjectif-avec-teleconvertisseur-integre","status":"publish","type":"product","link":"https:\/\/yahyaouishop.com\/fr\/produit\/nikkor-z-600-mm-f-4-tc-vr-s-super%e2%80%91teleobjectif-avec-teleconvertisseur-integre\/","title":{"rendered":"NIKKOR Z 600 mm f\/4 TC VR S \u2013 Super\u2011t\u00e9l\u00e9objectif avec t\u00e9l\u00e9convertisseur int\u00e9gr\u00e9"},"content":{"rendered":"<p>Ce super\u2011t\u00e9l\u00e9objectif professionnel int\u00e8gre un t\u00e9l\u00e9convertisseur 1,4\u00d7 pour \u00e9tendre la port\u00e9e jusqu\u2019\u00e0 840 mm.<\/p>\n<ul>\n<li>Ouverture f\/4 lumineuse et t\u00e9l\u00e9convertisseur int\u00e9gr\u00e9 permettant de passer instantan\u00e9ment de 600 mm \u00e0 840 mm<\/li>\n<li>Lentilles fluorite, SR, Super ED et ED pour une aberration minimale et un rendu exceptionnel<\/li>\n<li>Rev\u00eatements Meso Amorphous et Nano Crystal pour r\u00e9duire les reflets et moteur SSVCM rapide et silencieux<\/li>\n<li>Stabilisation VR offrant jusqu\u2019\u00e0 5,5 vitesses de gain et construction en alliage de magn\u00e9sium r\u00e9sistante aux intemp\u00e9ries<\/li>\n<\/ul>","protected":false},"excerpt":{"rendered":"<p>Super\u2011t\u00e9l\u00e9objectif 600 mm f\/4 avec t\u00e9l\u00e9convertisseur int\u00e9gr\u00e9, optique de pointe, VR efficace et construction professionnelle.<\/p>","protected":false},"featured_media":23337,"comment_status":"open","ping_status":"closed","template":"","meta":[],"product_brand":[465],"product_cat":[179,148,188],"product_tag":[123],"class_list":{"0":"post-23131","1":"product","2":"type-product","3":"status-publish","4":"has-post-thumbnail","6":"product_brand-nikon","7":"product_cat-objectifs-nikon","8":"product_cat-objectifs","9":"product_cat-son","10":"product_tag-brand-nikon","12":"first","13":"onbackorder","14":"product-type-simple"},"jetpack_sharing_enabled":true,"_links":{"self":[{"href":"https:\/\/yahyaouishop.com\/fr\/wp-json\/wp\/v2\/product\/23131","targetHints":{"allow":["GET"]}}],"collection":[{"href":"https:\/\/yahyaouishop.com\/fr\/wp-json\/wp\/v2\/product"}],"about":[{"href":"https:\/\/yahyaouishop.com\/fr\/wp-json\/wp\/v2\/types\/product"}],"replies":[{"embeddable":true,"href":"https:\/\/yahyaouishop.com\/fr\/wp-json\/wp\/v2\/comments?post=23131"}],"version-history":[{"count":2,"href":"https:\/\/yahyaouishop.com\/fr\/wp-json\/wp\/v2\/product\/23131\/revisions"}],"predecessor-version":[{"id":23343,"href":"https:\/\/yahyaouishop.com\/fr\/wp-json\/wp\/v2\/product\/23131\/revisions\/23343"}],"wp:featuredmedia":[{"embeddable":true,"href":"https:\/\/yahyaouishop.com\/fr\/wp-json\/wp\/v2\/media\/23337"}],"wp:attachment":[{"href":"https:\/\/yahyaouishop.com\/fr\/wp-json\/wp\/v2\/media?parent=23131"}],"wp:term":[{"taxonomy":"product_brand","embeddable":true,"href":"https:\/\/yahyaouishop.com\/fr\/wp-json\/wp\/v2\/product_brand?post=23131"},{"taxonomy":"product_cat","embeddable":true,"href":"https:\/\/yahyaouishop.com\/fr\/wp-json\/wp\/v2\/product_cat?post=23131"},{"taxonomy":"product_tag","embeddable":true,"href":"https:\/\/yahyaouishop.com\/fr\/wp-json\/wp\/v2\/product_tag?post=23131"}],"curies":[{"name":"wp","href":"https:\/\/api.w.org\/{rel}","templated":true}]}}