{"id":23130,"date":"2025-09-25T22:39:35","date_gmt":"2025-09-25T21:39:35","guid":{"rendered":"https:\/\/yahyaouishop.com\/?post_type=product&#038;p=23130"},"modified":"2025-10-01T01:08:13","modified_gmt":"2025-10-01T00:08:13","slug":"nikkor-z-400-mm-f-45-vr-s-super%e2%80%91teleobjectif-portable","status":"publish","type":"product","link":"https:\/\/yahyaouishop.com\/fr\/produit\/nikkor-z-400-mm-f-45-vr-s-super%e2%80%91teleobjectif-portable\/","title":{"rendered":"NIKKOR Z 400 mm f\/4,5 VR S \u2013 Super\u2011t\u00e9l\u00e9objectif portable"},"content":{"rendered":"<p>Le NIKKOR Z 400 mm f\/4,5 VR S est un super\u2011t\u00e9l\u00e9objectif S\u2011Line qui combine port\u00e9e et l\u00e9g\u00e8ret\u00e9.<\/p>\n<ul>\n<li>Focale 400 mm avec ouverture f\/4,5, id\u00e9ale pour la photographie animali\u00e8re et sportive<\/li>\n<li>Lentilles ED, Super ED et SR pour une r\u00e9solution exceptionnelle et un bokeh agr\u00e9able<\/li>\n<li>Stabilisation VR int\u00e9gr\u00e9e offrant jusqu\u2019\u00e0 5,5 vitesses de gain et compatibilit\u00e9 t\u00e9l\u00e9convertisseur pour des focales jusqu\u2019\u00e0 800 mm<\/li>\n<li>Conception l\u00e9g\u00e8re (\u22481 160 g) et \u00e9quilibr\u00e9e avec moteur pas \u00e0 pas silencieux et traitement Nano Crystal Coat<\/li>\n<\/ul>","protected":false},"excerpt":{"rendered":"<p>Super\u2011t\u00e9l\u00e9objectif 400 mm l\u00e9ger et stabilis\u00e9 avec grande ouverture f\/4,5, offrant une nettet\u00e9 et un bokeh de haute qualit\u00e9.<\/p>","protected":false},"featured_media":23397,"comment_status":"open","ping_status":"closed","template":"","meta":[],"product_brand":[465],"product_cat":[179,148,188],"product_tag":[123],"class_list":{"0":"post-23130","1":"product","2":"type-product","3":"status-publish","4":"has-post-thumbnail","6":"product_brand-nikon","7":"product_cat-objectifs-nikon","8":"product_cat-objectifs","9":"product_cat-son","10":"product_tag-brand-nikon","12":"first","13":"onbackorder","14":"product-type-simple"},"jetpack_sharing_enabled":true,"_links":{"self":[{"href":"https:\/\/yahyaouishop.com\/fr\/wp-json\/wp\/v2\/product\/23130","targetHints":{"allow":["GET"]}}],"collection":[{"href":"https:\/\/yahyaouishop.com\/fr\/wp-json\/wp\/v2\/product"}],"about":[{"href":"https:\/\/yahyaouishop.com\/fr\/wp-json\/wp\/v2\/types\/product"}],"replies":[{"embeddable":true,"href":"https:\/\/yahyaouishop.com\/fr\/wp-json\/wp\/v2\/comments?post=23130"}],"version-history":[{"count":2,"href":"https:\/\/yahyaouishop.com\/fr\/wp-json\/wp\/v2\/product\/23130\/revisions"}],"predecessor-version":[{"id":23398,"href":"https:\/\/yahyaouishop.com\/fr\/wp-json\/wp\/v2\/product\/23130\/revisions\/23398"}],"wp:featuredmedia":[{"embeddable":true,"href":"https:\/\/yahyaouishop.com\/fr\/wp-json\/wp\/v2\/media\/23397"}],"wp:attachment":[{"href":"https:\/\/yahyaouishop.com\/fr\/wp-json\/wp\/v2\/media?parent=23130"}],"wp:term":[{"taxonomy":"product_brand","embeddable":true,"href":"https:\/\/yahyaouishop.com\/fr\/wp-json\/wp\/v2\/product_brand?post=23130"},{"taxonomy":"product_cat","embeddable":true,"href":"https:\/\/yahyaouishop.com\/fr\/wp-json\/wp\/v2\/product_cat?post=23130"},{"taxonomy":"product_tag","embeddable":true,"href":"https:\/\/yahyaouishop.com\/fr\/wp-json\/wp\/v2\/product_tag?post=23130"}],"curies":[{"name":"wp","href":"https:\/\/api.w.org\/{rel}","templated":true}]}}