{"id":23124,"date":"2025-09-25T22:39:35","date_gmt":"2025-09-25T21:39:35","guid":{"rendered":"https:\/\/yahyaouishop.com\/?post_type=product&#038;p=23124"},"modified":"2025-10-01T01:08:12","modified_gmt":"2025-10-01T00:08:12","slug":"nikon-coolpix-p1000-appareil-photo-bridge-super%e2%80%91zoom-125x","status":"publish","type":"product","link":"https:\/\/yahyaouishop.com\/fr\/produit\/nikon-coolpix-p1000-appareil-photo-bridge-super%e2%80%91zoom-125x\/","title":{"rendered":"Nikon COOLPIX P1000 \u2013 Appareil photo bridge super\u2011zoom 125\u00d7"},"content":{"rendered":"<p>Le COOLPIX P1000 est un appareil photo bridge dot\u00e9 d\u2019un zoom incroyablement puissant pour photographier la faune, la Lune et plus encore.<\/p>\n<ul>\n<li>Zoom optique 125\u00d7 \u00e9quivalent 24\u20113000 mm et zoom num\u00e9rique jusqu\u2019\u00e0 250\u00d7 pour un cadrage extr\u00eame<\/li>\n<li>Capteur CMOS r\u00e9tro\u2011\u00e9clair\u00e9 de 16 MP et processeur EXPEED pour des photos et vid\u00e9os 4K UHD nettes<\/li>\n<li>Stabilisation optique Dual Detect VR offrant jusqu\u2019\u00e0 5 vitesses de gain pour des images nettes<\/li>\n<li>\u00c9cran orientable 3,2 po et viseur \u00e9lectronique OLED pour une composition confortable<\/li>\n<\/ul>","protected":false},"excerpt":{"rendered":"<p>Appareil photo bridge haut de gamme avec zoom 125\u00d7, capteur 16 MP et vid\u00e9o 4K pour capturer la nature et l\u2019astronomie.<\/p>","protected":false},"featured_media":23357,"comment_status":"open","ping_status":"closed","template":"","meta":[],"product_brand":[465],"product_cat":[188],"product_tag":[123],"class_list":{"0":"post-23124","1":"product","2":"type-product","3":"status-publish","4":"has-post-thumbnail","6":"product_brand-nikon","7":"product_cat-son","8":"product_tag-brand-nikon","10":"first","11":"onbackorder","12":"product-type-simple"},"jetpack_sharing_enabled":true,"_links":{"self":[{"href":"https:\/\/yahyaouishop.com\/fr\/wp-json\/wp\/v2\/product\/23124","targetHints":{"allow":["GET"]}}],"collection":[{"href":"https:\/\/yahyaouishop.com\/fr\/wp-json\/wp\/v2\/product"}],"about":[{"href":"https:\/\/yahyaouishop.com\/fr\/wp-json\/wp\/v2\/types\/product"}],"replies":[{"embeddable":true,"href":"https:\/\/yahyaouishop.com\/fr\/wp-json\/wp\/v2\/comments?post=23124"}],"version-history":[{"count":2,"href":"https:\/\/yahyaouishop.com\/fr\/wp-json\/wp\/v2\/product\/23124\/revisions"}],"predecessor-version":[{"id":23362,"href":"https:\/\/yahyaouishop.com\/fr\/wp-json\/wp\/v2\/product\/23124\/revisions\/23362"}],"wp:featuredmedia":[{"embeddable":true,"href":"https:\/\/yahyaouishop.com\/fr\/wp-json\/wp\/v2\/media\/23357"}],"wp:attachment":[{"href":"https:\/\/yahyaouishop.com\/fr\/wp-json\/wp\/v2\/media?parent=23124"}],"wp:term":[{"taxonomy":"product_brand","embeddable":true,"href":"https:\/\/yahyaouishop.com\/fr\/wp-json\/wp\/v2\/product_brand?post=23124"},{"taxonomy":"product_cat","embeddable":true,"href":"https:\/\/yahyaouishop.com\/fr\/wp-json\/wp\/v2\/product_cat?post=23124"},{"taxonomy":"product_tag","embeddable":true,"href":"https:\/\/yahyaouishop.com\/fr\/wp-json\/wp\/v2\/product_tag?post=23124"}],"curies":[{"name":"wp","href":"https:\/\/api.w.org\/{rel}","templated":true}]}}