{"id":23118,"date":"2025-09-25T22:39:35","date_gmt":"2025-09-25T21:39:35","guid":{"rendered":"https:\/\/yahyaouishop.com\/?post_type=product&#038;p=23118"},"modified":"2025-10-01T01:08:11","modified_gmt":"2025-10-01T00:08:11","slug":"bras-de-studio-compact-rode-ds2-pour-bureau","status":"publish","type":"product","link":"https:\/\/yahyaouishop.com\/fr\/produit\/bras-de-studio-compact-rode-ds2-pour-bureau\/","title":{"rendered":"Bras de studio compact R\u00d8DE DS2 pour bureau"},"content":{"rendered":"<p>Le DS2 est un bras de studio compact autoportant id\u00e9al pour les microphones, cam\u00e9ras ou accessoires l\u00e9gers.<\/p>\n<ul>\n<li>Base lest\u00e9e lourde \u00e9liminant le besoin de serrage et assurant la stabilit\u00e9<\/li>\n<li>Deux points de pivot pour un positionnement souple et emplacements pour guider les c\u00e2bles<\/li>\n<li>Supporte des \u00e9quipements jusqu\u2019\u00e0 950 g avec filetage 3\/8 po (adaptateur 1\/4 po inclus)<\/li>\n<li>Id\u00e9al pour microphones, cam\u00e9ras, smartphones et lampes, livr\u00e9 avec outils de montage<\/li>\n<\/ul>","protected":false},"excerpt":{"rendered":"<p>Bras de bureau robuste et stable avec base lourde, compatible avec de nombreux appareils jusqu\u2019\u00e0 950 g.<\/p>","protected":false},"featured_media":23323,"comment_status":"open","ping_status":"closed","template":"","meta":[],"product_brand":[500],"product_cat":[188],"product_tag":[235],"class_list":{"0":"post-23118","1":"product","2":"type-product","3":"status-publish","4":"has-post-thumbnail","6":"product_brand-rode","7":"product_cat-son","8":"product_tag-brand-rode","10":"first","11":"instock","12":"purchasable","13":"product-type-simple"},"jetpack_sharing_enabled":true,"_links":{"self":[{"href":"https:\/\/yahyaouishop.com\/fr\/wp-json\/wp\/v2\/product\/23118","targetHints":{"allow":["GET"]}}],"collection":[{"href":"https:\/\/yahyaouishop.com\/fr\/wp-json\/wp\/v2\/product"}],"about":[{"href":"https:\/\/yahyaouishop.com\/fr\/wp-json\/wp\/v2\/types\/product"}],"replies":[{"embeddable":true,"href":"https:\/\/yahyaouishop.com\/fr\/wp-json\/wp\/v2\/comments?post=23118"}],"version-history":[{"count":2,"href":"https:\/\/yahyaouishop.com\/fr\/wp-json\/wp\/v2\/product\/23118\/revisions"}],"predecessor-version":[{"id":23324,"href":"https:\/\/yahyaouishop.com\/fr\/wp-json\/wp\/v2\/product\/23118\/revisions\/23324"}],"wp:featuredmedia":[{"embeddable":true,"href":"https:\/\/yahyaouishop.com\/fr\/wp-json\/wp\/v2\/media\/23323"}],"wp:attachment":[{"href":"https:\/\/yahyaouishop.com\/fr\/wp-json\/wp\/v2\/media?parent=23118"}],"wp:term":[{"taxonomy":"product_brand","embeddable":true,"href":"https:\/\/yahyaouishop.com\/fr\/wp-json\/wp\/v2\/product_brand?post=23118"},{"taxonomy":"product_cat","embeddable":true,"href":"https:\/\/yahyaouishop.com\/fr\/wp-json\/wp\/v2\/product_cat?post=23118"},{"taxonomy":"product_tag","embeddable":true,"href":"https:\/\/yahyaouishop.com\/fr\/wp-json\/wp\/v2\/product_tag?post=23118"}],"curies":[{"name":"wp","href":"https:\/\/api.w.org\/{rel}","templated":true}]}}