{"id":23117,"date":"2025-09-25T22:39:35","date_gmt":"2025-09-25T21:39:35","guid":{"rendered":"https:\/\/yahyaouishop.com\/?post_type=product&#038;p=23117"},"modified":"2025-10-01T01:08:11","modified_gmt":"2025-10-01T00:08:11","slug":"rode-streamer-x-interface-audio-video-et-carte-de-capture","status":"publish","type":"product","link":"https:\/\/yahyaouishop.com\/fr\/produit\/rode-streamer-x-interface-audio-video-et-carte-de-capture\/","title":{"rendered":"R\u00d8DE Streamer X interface audio\/vid\u00e9o et carte de capture"},"content":{"rendered":"<p>Le Streamer X combine une interface audio de qualit\u00e9 studio, une carte de capture vid\u00e9o et un contr\u00f4leur dans un appareil compact.<\/p>\n<ul>\n<li>Entr\u00e9es XLR\/Jack et micro\/casque avec pr\u00e9ampli Revolution et traitement APHEX pour un son impeccable<\/li>\n<li>Capture vid\u00e9o jusqu\u2019\u00e0 4K30 et pass\u2011through 4K60 via HDMI, compatible VRR<\/li>\n<li>Deux ports USB\u2011C permettant une installation \u00e0 double ordinateur et compatibilit\u00e9 avec les logiciels R\u00d8DE UNIFY et Central<\/li>\n<li>Quatre pads SMART personnalisables pour d\u00e9clencher sons, effets vocaux et raccourcis clavier<\/li>\n<\/ul>","protected":false},"excerpt":{"rendered":"<p>Interface hybride audio\/vid\u00e9o offrant capture 4K, pr\u00e9ampli professionnel et pads programmables pour streamer et cr\u00e9ateurs.<\/p>","protected":false},"featured_media":23301,"comment_status":"open","ping_status":"closed","template":"","meta":[],"product_brand":[500],"product_cat":[188],"product_tag":[235],"class_list":{"0":"post-23117","1":"product","2":"type-product","3":"status-publish","4":"has-post-thumbnail","6":"product_brand-rode","7":"product_cat-son","8":"product_tag-brand-rode","10":"first","11":"instock","12":"purchasable","13":"product-type-simple"},"jetpack_sharing_enabled":true,"_links":{"self":[{"href":"https:\/\/yahyaouishop.com\/fr\/wp-json\/wp\/v2\/product\/23117","targetHints":{"allow":["GET"]}}],"collection":[{"href":"https:\/\/yahyaouishop.com\/fr\/wp-json\/wp\/v2\/product"}],"about":[{"href":"https:\/\/yahyaouishop.com\/fr\/wp-json\/wp\/v2\/types\/product"}],"replies":[{"embeddable":true,"href":"https:\/\/yahyaouishop.com\/fr\/wp-json\/wp\/v2\/comments?post=23117"}],"version-history":[{"count":2,"href":"https:\/\/yahyaouishop.com\/fr\/wp-json\/wp\/v2\/product\/23117\/revisions"}],"predecessor-version":[{"id":23306,"href":"https:\/\/yahyaouishop.com\/fr\/wp-json\/wp\/v2\/product\/23117\/revisions\/23306"}],"wp:featuredmedia":[{"embeddable":true,"href":"https:\/\/yahyaouishop.com\/fr\/wp-json\/wp\/v2\/media\/23301"}],"wp:attachment":[{"href":"https:\/\/yahyaouishop.com\/fr\/wp-json\/wp\/v2\/media?parent=23117"}],"wp:term":[{"taxonomy":"product_brand","embeddable":true,"href":"https:\/\/yahyaouishop.com\/fr\/wp-json\/wp\/v2\/product_brand?post=23117"},{"taxonomy":"product_cat","embeddable":true,"href":"https:\/\/yahyaouishop.com\/fr\/wp-json\/wp\/v2\/product_cat?post=23117"},{"taxonomy":"product_tag","embeddable":true,"href":"https:\/\/yahyaouishop.com\/fr\/wp-json\/wp\/v2\/product_tag?post=23117"}],"curies":[{"name":"wp","href":"https:\/\/api.w.org\/{rel}","templated":true}]}}