{"id":23116,"date":"2025-09-25T22:39:35","date_gmt":"2025-09-25T21:39:35","guid":{"rendered":"https:\/\/yahyaouishop.com\/?post_type=product&#038;p=23116"},"modified":"2025-10-01T01:08:11","modified_gmt":"2025-10-01T00:08:11","slug":"rodecaster-duo-console-audio-compacte-pour-createurs","status":"publish","type":"product","link":"https:\/\/yahyaouishop.com\/fr\/produit\/rodecaster-duo-console-audio-compacte-pour-createurs\/","title":{"rendered":"R\u00d8DECaster Duo console audio compacte pour cr\u00e9ateurs"},"content":{"rendered":"<p>Le R\u00d8DECaster Duo est une solution tout-en-un pour l\u2019enregistrement et le streaming en duo.<\/p>\n<ul>\n<li>Deux entr\u00e9es combo Neutrik pour micros ou instruments et r\u00e9cepteur int\u00e9gr\u00e9 pour microphones sans fil Wireless GO II\/ME<\/li>\n<li>Pr\u00e9amplis Revolution ultra\u2011faibles 76 dB, double interface audio USB pour connecter deux ordinateurs ou appareils mobiles<\/li>\n<li>DSP int\u00e9gr\u00e9 avec filtres high\u2011pass, de-esser, noise gate, compresseur et effets APHEX Exciter\/Big Bottom<\/li>\n<li>Pads SMART programmables, \u00e9cran tactile 5,5 pouces et Wi-Fi\/Bluetooth, avec enregistrement st\u00e9r\u00e9o ou multipiste sur microSD ou ordinateur<\/li>\n<\/ul>","protected":false},"excerpt":{"rendered":"<p>Console audio tout-en-un compacte avec deux entr\u00e9es micro, DSP professionnel et connectivit\u00e9 sans fil pour podcasters et cr\u00e9ateurs en duo.<\/p>","protected":false},"featured_media":23327,"comment_status":"open","ping_status":"closed","template":"","meta":[],"product_brand":[500],"product_cat":[188],"product_tag":[235],"class_list":{"0":"post-23116","1":"product","2":"type-product","3":"status-publish","4":"has-post-thumbnail","6":"product_brand-rode","7":"product_cat-son","8":"product_tag-brand-rode","10":"first","11":"instock","12":"purchasable","13":"product-type-simple"},"jetpack_sharing_enabled":true,"_links":{"self":[{"href":"https:\/\/yahyaouishop.com\/fr\/wp-json\/wp\/v2\/product\/23116","targetHints":{"allow":["GET"]}}],"collection":[{"href":"https:\/\/yahyaouishop.com\/fr\/wp-json\/wp\/v2\/product"}],"about":[{"href":"https:\/\/yahyaouishop.com\/fr\/wp-json\/wp\/v2\/types\/product"}],"replies":[{"embeddable":true,"href":"https:\/\/yahyaouishop.com\/fr\/wp-json\/wp\/v2\/comments?post=23116"}],"version-history":[{"count":2,"href":"https:\/\/yahyaouishop.com\/fr\/wp-json\/wp\/v2\/product\/23116\/revisions"}],"predecessor-version":[{"id":23334,"href":"https:\/\/yahyaouishop.com\/fr\/wp-json\/wp\/v2\/product\/23116\/revisions\/23334"}],"wp:featuredmedia":[{"embeddable":true,"href":"https:\/\/yahyaouishop.com\/fr\/wp-json\/wp\/v2\/media\/23327"}],"wp:attachment":[{"href":"https:\/\/yahyaouishop.com\/fr\/wp-json\/wp\/v2\/media?parent=23116"}],"wp:term":[{"taxonomy":"product_brand","embeddable":true,"href":"https:\/\/yahyaouishop.com\/fr\/wp-json\/wp\/v2\/product_brand?post=23116"},{"taxonomy":"product_cat","embeddable":true,"href":"https:\/\/yahyaouishop.com\/fr\/wp-json\/wp\/v2\/product_cat?post=23116"},{"taxonomy":"product_tag","embeddable":true,"href":"https:\/\/yahyaouishop.com\/fr\/wp-json\/wp\/v2\/product_tag?post=23116"}],"curies":[{"name":"wp","href":"https:\/\/api.w.org\/{rel}","templated":true}]}}