{"id":22986,"date":"2025-09-01T20:45:39","date_gmt":"2025-09-01T19:45:39","guid":{"rendered":"https:\/\/yahyaouishop.com\/?post_type=product&#038;p=22986"},"modified":"2026-03-12T14:09:37","modified_gmt":"2026-03-12T14:09:37","slug":"dji-mic-3-2-tx-1-rx-charging-case","status":"publish","type":"product","link":"https:\/\/yahyaouishop.com\/fr\/produit\/dji-mic-3-2-tx-1-rx-charging-case\/","title":{"rendered":"DJI Mic 3 (2 TX + 1 RX + Charging Case)"},"content":{"rendered":"<h1 data-start=\"204\" data-end=\"313\">DJI Mic 3 (2 TX + 1 RX + Charging Case) \u2013 Syst\u00e8me audio sans fil professionnel, pr\u00eat pour toutes les prises<\/h1>\n<p data-start=\"315\" data-end=\"708\">Le <strong data-start=\"318\" data-end=\"331\">DJI Mic 3<\/strong> \u00e9tablit une nouvelle r\u00e9f\u00e9rence pour l\u2019enregistrement audio mobile. Cette configuration comprend <strong data-start=\"428\" data-end=\"451\">deux \u00e9metteurs (TX)<\/strong>, <strong data-start=\"453\" data-end=\"474\">un r\u00e9cepteur (RX)<\/strong> et un <strong data-start=\"481\" data-end=\"502\">bo\u00eetier de charge<\/strong> compact pour un workflow fiable, rapide et organis\u00e9. Con\u00e7u pour les vid\u00e9astes, cr\u00e9ateurs de contenu, journalistes et podcasters, il d\u00e9livre un <strong data-start=\"646\" data-end=\"680\">son propre, stable et ma\u00eetris\u00e9<\/strong> dans un format ultra-l\u00e9ger.<\/p>\n<h2 data-start=\"710\" data-end=\"746\">Qualit\u00e9 sonore et contr\u00f4le avanc\u00e9<\/h2>\n<ul data-start=\"747\" data-end=\"1425\">\n<li data-start=\"747\" data-end=\"877\">\n<p data-start=\"749\" data-end=\"877\"><strong data-start=\"749\" data-end=\"774\">Adaptive Gain Control<\/strong> : ajuste automatiquement le niveau pour \u00e9viter les saturations et conserver une dynamique naturelle.<\/p>\n<\/li>\n<li data-start=\"878\" data-end=\"1010\">\n<p data-start=\"880\" data-end=\"1010\"><strong data-start=\"880\" data-end=\"917\">R\u00e9duction de bruit \u00e0 deux niveaux<\/strong> : att\u00e9nue les bruits d\u2019ambiance pour des voix plus nettes en int\u00e9rieur comme en ext\u00e9rieur.<\/p>\n<\/li>\n<li data-start=\"1011\" data-end=\"1139\">\n<p data-start=\"1013\" data-end=\"1139\"><strong data-start=\"1013\" data-end=\"1049\">3 pr\u00e9r\u00e9glages de tonalit\u00e9 vocale<\/strong> (Normal, Riche, Clair) : adaptez le rendu \u00e0 la voix, au lieu et au style de production.<\/p>\n<\/li>\n<li data-start=\"1140\" data-end=\"1341\">\n<p data-start=\"1142\" data-end=\"1341\"><strong data-start=\"1142\" data-end=\"1168\">Enregistrement interne<\/strong> sur chaque TX : jusqu\u2019\u00e0 <strong data-start=\"1193\" data-end=\"1202\">32 Go<\/strong> par \u00e9metteur, en <strong data-start=\"1220\" data-end=\"1239\">48 kHz \/ 24-bit<\/strong> ou <strong data-start=\"1243\" data-end=\"1259\">32-bit float<\/strong> pour une marge de s\u00e9curit\u00e9 maximale et une grande souplesse en post-production.<\/p>\n<\/li>\n<li data-start=\"1342\" data-end=\"1425\">\n<p data-start=\"1344\" data-end=\"1425\"><strong data-start=\"1344\" data-end=\"1364\">Timecode int\u00e9gr\u00e9<\/strong> : synchronisation audio\/vid\u00e9o facilit\u00e9e et montage acc\u00e9l\u00e9r\u00e9.<\/p>\n<\/li>\n<\/ul>\n<h2 data-start=\"1427\" data-end=\"1468\">Transmission robuste et port\u00e9e \u00e9tendue<\/h2>\n<ul data-start=\"1469\" data-end=\"1767\">\n<li data-start=\"1469\" data-end=\"1571\">\n<p data-start=\"1471\" data-end=\"1571\">Double bande <strong data-start=\"1484\" data-end=\"1503\">2,4 GHz \/ 5 GHz<\/strong> avec saut de fr\u00e9quence intelligent pour une <strong data-start=\"1548\" data-end=\"1568\">connexion stable<\/strong>.<\/p>\n<\/li>\n<li data-start=\"1572\" data-end=\"1656\">\n<p data-start=\"1574\" data-end=\"1656\">Port\u00e9e jusqu\u2019\u00e0 <strong data-start=\"1589\" data-end=\"1598\">400 m<\/strong> en champ libre (selon l\u2019environnement et les r\u00e9glages).<\/p>\n<\/li>\n<li data-start=\"1657\" data-end=\"1767\">\n<p data-start=\"1659\" data-end=\"1767\">Mode multicanal \u00e9volutif de l\u2019\u00e9cosyst\u00e8me Mic 3 pour les tournages \u00e0 plusieurs intervenants ou multi-cam\u00e9ras.<\/p>\n<\/li>\n<\/ul>\n<h2 data-start=\"1769\" data-end=\"1793\">Con\u00e7u pour le terrain<\/h2>\n<ul data-start=\"1794\" data-end=\"2186\">\n<li data-start=\"1794\" data-end=\"1917\">\n<p data-start=\"1796\" data-end=\"1917\"><strong data-start=\"1796\" data-end=\"1817\">TX ultra-compacts<\/strong> avec fixation <strong data-start=\"1832\" data-end=\"1846\">magn\u00e9tique<\/strong> ou <strong data-start=\"1850\" data-end=\"1866\">clip rotatif<\/strong> : discret sur les v\u00eatements, rapide \u00e0 installer.<\/p>\n<\/li>\n<li data-start=\"1918\" data-end=\"2035\">\n<p data-start=\"1920\" data-end=\"2035\"><strong data-start=\"1920\" data-end=\"1937\">RX avec \u00e9cran<\/strong> et commandes directes : r\u00e9glages du gain, surveillance des niveaux, gestion rapide des sources.<\/p>\n<\/li>\n<li data-start=\"2036\" data-end=\"2186\">\n<p data-start=\"2038\" data-end=\"2186\"><strong data-start=\"2038\" data-end=\"2065\">Compatibilit\u00e9s \u00e9tendues<\/strong> : cam\u00e9ras hybrides\/cin\u00e9, smartphones et ordinateurs via connexions analogiques et num\u00e9riques (selon c\u00e2bles\/adaptateurs).<\/p>\n<\/li>\n<\/ul>\n<h2 data-start=\"2188\" data-end=\"2224\">Autonomie, charge et organisation<\/h2>\n<ul data-start=\"2225\" data-end=\"2572\">\n<li data-start=\"2225\" data-end=\"2324\">\n<p data-start=\"2227\" data-end=\"2324\">Jusqu\u2019\u00e0 <strong data-start=\"2235\" data-end=\"2242\">8 h<\/strong> d\u2019autonomie par \u00e9metteur et <strong data-start=\"2271\" data-end=\"2279\">10 h<\/strong> pour le r\u00e9cepteur (variables selon usage).<\/p>\n<\/li>\n<li data-start=\"2325\" data-end=\"2480\">\n<p data-start=\"2327\" data-end=\"2480\"><strong data-start=\"2327\" data-end=\"2344\">Charging Case<\/strong> : recharge, prot\u00e8ge et <strong data-start=\"2368\" data-end=\"2380\">organise<\/strong> les 2 TX + 1 RX et leurs accessoires, pour une <strong data-start=\"2428\" data-end=\"2462\">autonomie totale jusqu\u2019\u00e0 ~28 h<\/strong> en d\u00e9placement.<\/p>\n<\/li>\n<li data-start=\"2481\" data-end=\"2572\">\n<p data-start=\"2483\" data-end=\"2572\"><strong data-start=\"2483\" data-end=\"2500\">Charge rapide<\/strong> : quelques minutes en bo\u00eete suffisent pour relancer un tournage urgent.<\/p>\n<\/li>\n<\/ul>\n<h2 data-start=\"2574\" data-end=\"2587\">Id\u00e9al pour<\/h2>\n<p data-start=\"2588\" data-end=\"2808\">Vlogs, interviews, reportages, podcasts, streaming en direct, mariages et \u00e9v\u00e9nements, tournages corporate et UGC. Partout o\u00f9 la <strong data-start=\"2716\" data-end=\"2729\">fiabilit\u00e9<\/strong>, la <strong data-start=\"2734\" data-end=\"2763\">rapidit\u00e9 de mise en \u0153uvre<\/strong> et la <strong data-start=\"2770\" data-end=\"2792\">qualit\u00e9 de la voix<\/strong> sont critiques.<\/p>\n<hr data-start=\"2810\" data-end=\"2813\" \/>\n<h3 data-start=\"2815\" data-end=\"2872\">Points cl\u00e9s \u2013 DJI Mic 3 (2 TX + 1 RX + Charging Case)<\/h3>\n<ul data-start=\"2873\" data-end=\"3335\">\n<li data-start=\"2873\" data-end=\"2928\">\n<p data-start=\"2875\" data-end=\"2928\">2 \u00e9metteurs omnidirectionnels + 1 r\u00e9cepteur \u00e0 \u00e9cran<\/p>\n<\/li>\n<li data-start=\"2929\" data-end=\"3002\">\n<p data-start=\"2931\" data-end=\"3002\">Enregistrement interne 48 kHz \/ 24-bit et 32-bit float (32 Go par TX)<\/p>\n<\/li>\n<li data-start=\"3003\" data-end=\"3072\">\n<p data-start=\"3005\" data-end=\"3072\">Adaptive Gain + r\u00e9duction de bruit (2 niveaux) + 3 profils vocaux<\/p>\n<\/li>\n<li data-start=\"3073\" data-end=\"3128\">\n<p data-start=\"3075\" data-end=\"3128\">Port\u00e9e jusqu\u2019\u00e0 400 m, transmission 2,4\/5 GHz stable<\/p>\n<\/li>\n<li data-start=\"3129\" data-end=\"3183\">\n<p data-start=\"3131\" data-end=\"3183\">Timecode int\u00e9gr\u00e9 pour une synchro image\/son fiable<\/p>\n<\/li>\n<li data-start=\"3184\" data-end=\"3277\">\n<p data-start=\"3186\" data-end=\"3277\">Bo\u00eetier de charge : rangement s\u00e9curis\u00e9, recharge rapide, jusqu\u2019\u00e0 ~28 h d\u2019autonomie totale<\/p>\n<\/li>\n<li data-start=\"3278\" data-end=\"3335\">\n<p data-start=\"3280\" data-end=\"3335\">Fixation magn\u00e9tique\/clip, design ultra-l\u00e9ger et discret<\/p>\n<\/li>\n<\/ul>\n<hr data-start=\"3337\" data-end=\"3340\" \/>\n<h3 data-start=\"3342\" data-end=\"3373\">Contenu de la configuration<\/h3>\n<ul data-start=\"3374\" data-end=\"3586\">\n<li data-start=\"3374\" data-end=\"3396\">\n<p data-start=\"3376\" data-end=\"3396\">2 \u00d7 \u00c9metteurs (TX)<\/p>\n<\/li>\n<li data-start=\"3397\" data-end=\"3419\">\n<p data-start=\"3399\" data-end=\"3419\">1 \u00d7 R\u00e9cepteur (RX)<\/p>\n<\/li>\n<li data-start=\"3420\" data-end=\"3465\">\n<p data-start=\"3422\" data-end=\"3465\">1 \u00d7 <strong data-start=\"3426\" data-end=\"3443\">Charging Case<\/strong> (bo\u00eetier de charge)<\/p>\n<\/li>\n<li data-start=\"3466\" data-end=\"3536\">\n<p data-start=\"3468\" data-end=\"3536\">Accessoires de fixation et de protection (bonnettes\/aimants\/clips)<\/p>\n<\/li>\n<li data-start=\"3537\" data-end=\"3586\">\n<p data-start=\"3539\" data-end=\"3586\">C\u00e2ble(s) de charge et c\u00e2ble(s) audio selon pack<\/p>\n<\/li>\n<\/ul>","protected":false},"excerpt":{"rendered":"<p>DJI Mic 3 (2 TX + 1 RX + Charging Case) \u2013 Syst\u00e8me audio sans fil professionnel, pr\u00eat pour toutes<\/p>","protected":false},"featured_media":22991,"comment_status":"open","ping_status":"closed","template":"","meta":[],"product_brand":[480],"product_cat":[161],"product_tag":[232],"class_list":{"0":"post-22986","1":"product","2":"type-product","3":"status-publish","4":"has-post-thumbnail","6":"product_brand-dji","7":"product_cat-cameras","8":"product_tag-brand-dji","10":"first","11":"instock","12":"sale","13":"purchasable","14":"product-type-simple"},"jetpack_sharing_enabled":true,"_links":{"self":[{"href":"https:\/\/yahyaouishop.com\/fr\/wp-json\/wp\/v2\/product\/22986","targetHints":{"allow":["GET"]}}],"collection":[{"href":"https:\/\/yahyaouishop.com\/fr\/wp-json\/wp\/v2\/product"}],"about":[{"href":"https:\/\/yahyaouishop.com\/fr\/wp-json\/wp\/v2\/types\/product"}],"replies":[{"embeddable":true,"href":"https:\/\/yahyaouishop.com\/fr\/wp-json\/wp\/v2\/comments?post=22986"}],"version-history":[{"count":1,"href":"https:\/\/yahyaouishop.com\/fr\/wp-json\/wp\/v2\/product\/22986\/revisions"}],"predecessor-version":[{"id":22992,"href":"https:\/\/yahyaouishop.com\/fr\/wp-json\/wp\/v2\/product\/22986\/revisions\/22992"}],"wp:featuredmedia":[{"embeddable":true,"href":"https:\/\/yahyaouishop.com\/fr\/wp-json\/wp\/v2\/media\/22991"}],"wp:attachment":[{"href":"https:\/\/yahyaouishop.com\/fr\/wp-json\/wp\/v2\/media?parent=22986"}],"wp:term":[{"taxonomy":"product_brand","embeddable":true,"href":"https:\/\/yahyaouishop.com\/fr\/wp-json\/wp\/v2\/product_brand?post=22986"},{"taxonomy":"product_cat","embeddable":true,"href":"https:\/\/yahyaouishop.com\/fr\/wp-json\/wp\/v2\/product_cat?post=22986"},{"taxonomy":"product_tag","embeddable":true,"href":"https:\/\/yahyaouishop.com\/fr\/wp-json\/wp\/v2\/product_tag?post=22986"}],"curies":[{"name":"wp","href":"https:\/\/api.w.org\/{rel}","templated":true}]}}