{"id":22977,"date":"2025-09-01T20:14:35","date_gmt":"2025-09-01T19:14:35","guid":{"rendered":"https:\/\/yahyaouishop.com\/?post_type=product&#038;p=22977"},"modified":"2026-01-09T14:47:01","modified_gmt":"2026-01-09T13:47:01","slug":"dji-mic-3-1tx-1rx-charging-case","status":"publish","type":"product","link":"https:\/\/yahyaouishop.com\/fr\/produit\/dji-mic-3-1tx-1rx-charging-case\/","title":{"rendered":"DJI Mic 3 (1TX + 1RX)"},"content":{"rendered":"<h3 data-start=\"179\" data-end=\"267\">DJI Mic 3 (1 TX + 1 RX) \u2013 Performance audio professionnelle dans un format compact<\/h3>\n<p data-start=\"269\" data-end=\"541\">Le <strong data-start=\"272\" data-end=\"285\">DJI Mic 3<\/strong> est la nouvelle r\u00e9f\u00e9rence des syst\u00e8mes audio sans fil pour cr\u00e9ateurs de contenu, vid\u00e9astes et professionnels du son. Con\u00e7u pour offrir une qualit\u00e9 d\u2019enregistrement irr\u00e9prochable dans un format ultra-compact, il allie fiabilit\u00e9, simplicit\u00e9 et innovation.<\/p>\n<p data-start=\"543\" data-end=\"909\"><strong data-start=\"543\" data-end=\"576\">Qualit\u00e9 sonore exceptionnelle<\/strong><br data-start=\"576\" data-end=\"579\" \/>Gr\u00e2ce au <strong data-start=\"588\" data-end=\"644\">contr\u00f4le automatique du gain (Adaptive Gain Control)<\/strong> et \u00e0 la <strong data-start=\"653\" data-end=\"697\">r\u00e9duction de bruit active \u00e0 deux niveaux<\/strong>, le DJI Mic 3 garantit un son clair et stable, m\u00eame dans des environnements bruyants. Ses trois pr\u00e9r\u00e9glages vocaux (Normal, Riche et Clair) permettent d\u2019adapter la tonalit\u00e9 \u00e0 la voix ou au style de production.<\/p>\n<p data-start=\"911\" data-end=\"1226\"><strong data-start=\"911\" data-end=\"950\">Enregistrement s\u00e9curis\u00e9 et flexible<\/strong><br data-start=\"950\" data-end=\"953\" \/>Chaque \u00e9metteur int\u00e8gre une m\u00e9moire interne de <strong data-start=\"1000\" data-end=\"1009\">32 Go<\/strong>, offrant la possibilit\u00e9 d\u2019enregistrer en <strong data-start=\"1051\" data-end=\"1061\">24-bit<\/strong> ou en <strong data-start=\"1068\" data-end=\"1084\">32-bit float<\/strong> avec prise en charge du <strong data-start=\"1109\" data-end=\"1121\">timecode<\/strong>, ce qui assure une parfaite synchronisation avec l\u2019image et une flexibilit\u00e9 totale en post-production.<\/p>\n<p data-start=\"1228\" data-end=\"1459\"><strong data-start=\"1228\" data-end=\"1261\">Design compact et ergonomique<\/strong><br data-start=\"1261\" data-end=\"1264\" \/>Avec un poids de seulement <strong data-start=\"1291\" data-end=\"1299\">16 g<\/strong> et un syst\u00e8me d\u2019attache magn\u00e9tique ou par clip, le micro s\u2019adapte facilement \u00e0 toutes les situations : interviews, tournages en ext\u00e9rieur, podcasts ou vlogs.<\/p>\n<p data-start=\"1461\" data-end=\"1731\"><strong data-start=\"1461\" data-end=\"1495\">Autonomie et port\u00e9e optimis\u00e9es<\/strong><br data-start=\"1495\" data-end=\"1498\" \/>Le transmetteur offre jusqu\u2019\u00e0 <strong data-start=\"1528\" data-end=\"1552\">8 heures d\u2019autonomie<\/strong>, le r\u00e9cepteur jusqu\u2019\u00e0 10 heures, et la port\u00e9e atteint jusqu\u2019\u00e0 <strong data-start=\"1615\" data-end=\"1629\">400 m\u00e8tres<\/strong> en champ libre gr\u00e2ce \u00e0 une transmission stable en <strong data-start=\"1680\" data-end=\"1693\">2,4\/5 GHz<\/strong> avec saut de fr\u00e9quence intelligent.<\/p>\n<p data-start=\"1733\" data-end=\"1989\"><strong data-start=\"1733\" data-end=\"1775\">Un outil polyvalent pour les cr\u00e9ateurs<\/strong><br data-start=\"1775\" data-end=\"1778\" \/>Que ce soit pour un tournage professionnel, du streaming en direct, une interview ou la cr\u00e9ation de contenu mobile, le <strong data-start=\"1897\" data-end=\"1924\">DJI Mic 3 (1 TX + 1 RX)<\/strong> offre un son professionnel dans un format discret et intuitif.<\/p>","protected":false},"excerpt":{"rendered":"<p>DJI Mic 3 (1 TX + 1 RX) \u2013 Performance audio professionnelle dans un format compact Le DJI Mic 3<\/p>","protected":false},"featured_media":22982,"comment_status":"open","ping_status":"closed","template":"","meta":[],"product_brand":[480],"product_cat":[188],"product_tag":[232],"class_list":{"0":"post-22977","1":"product","2":"type-product","3":"status-publish","4":"has-post-thumbnail","6":"product_brand-dji","7":"product_cat-son","8":"product_tag-brand-dji","10":"first","11":"instock","12":"purchasable","13":"product-type-simple"},"jetpack_sharing_enabled":true,"_links":{"self":[{"href":"https:\/\/yahyaouishop.com\/fr\/wp-json\/wp\/v2\/product\/22977","targetHints":{"allow":["GET"]}}],"collection":[{"href":"https:\/\/yahyaouishop.com\/fr\/wp-json\/wp\/v2\/product"}],"about":[{"href":"https:\/\/yahyaouishop.com\/fr\/wp-json\/wp\/v2\/types\/product"}],"replies":[{"embeddable":true,"href":"https:\/\/yahyaouishop.com\/fr\/wp-json\/wp\/v2\/comments?post=22977"}],"version-history":[{"count":2,"href":"https:\/\/yahyaouishop.com\/fr\/wp-json\/wp\/v2\/product\/22977\/revisions"}],"predecessor-version":[{"id":29590,"href":"https:\/\/yahyaouishop.com\/fr\/wp-json\/wp\/v2\/product\/22977\/revisions\/29590"}],"wp:featuredmedia":[{"embeddable":true,"href":"https:\/\/yahyaouishop.com\/fr\/wp-json\/wp\/v2\/media\/22982"}],"wp:attachment":[{"href":"https:\/\/yahyaouishop.com\/fr\/wp-json\/wp\/v2\/media?parent=22977"}],"wp:term":[{"taxonomy":"product_brand","embeddable":true,"href":"https:\/\/yahyaouishop.com\/fr\/wp-json\/wp\/v2\/product_brand?post=22977"},{"taxonomy":"product_cat","embeddable":true,"href":"https:\/\/yahyaouishop.com\/fr\/wp-json\/wp\/v2\/product_cat?post=22977"},{"taxonomy":"product_tag","embeddable":true,"href":"https:\/\/yahyaouishop.com\/fr\/wp-json\/wp\/v2\/product_tag?post=22977"}],"curies":[{"name":"wp","href":"https:\/\/api.w.org\/{rel}","templated":true}]}}