{"id":22948,"date":"2025-08-27T16:06:44","date_gmt":"2025-08-27T15:06:44","guid":{"rendered":"https:\/\/yahyaouishop.com\/?post_type=product&#038;p=22948"},"modified":"2025-10-01T01:08:07","modified_gmt":"2025-10-01T00:08:07","slug":"dji-osmo-action-5-pro-combo","status":"publish","type":"product","link":"https:\/\/yahyaouishop.com\/fr\/produit\/dji-osmo-action-5-pro-combo\/","title":{"rendered":"DJI OSMO ACTION 5 PRO ADVENTURE COMBO"},"content":{"rendered":"<h3 data-start=\"138\" data-end=\"171\">DJI Osmo Action 5 Pro Combo<\/h3>\n<p data-start=\"173\" data-end=\"561\">Le <strong data-start=\"176\" data-end=\"201\">DJI Osmo Action 5 Pro<\/strong> est une cam\u00e9ra d\u2019action con\u00e7ue pour repousser les limites de la cr\u00e9ativit\u00e9 et de l\u2019aventure. Dot\u00e9e d\u2019un capteur de 1\/1,3&#8243; et d\u2019un processeur d\u2019image puissant, elle capture des vid\u00e9os en <strong data-start=\"388\" data-end=\"402\">4K\/120 fps<\/strong> et des photos d\u00e9taill\u00e9es en haute r\u00e9solution, avec une plage dynamique \u00e9largie pour des images nettes et r\u00e9alistes, m\u00eame en conditions de faible luminosit\u00e9.<\/p>\n<p data-start=\"563\" data-end=\"849\">La stabilisation \u00e9lectronique <strong data-start=\"593\" data-end=\"611\">RockSteady 3.0<\/strong> et <strong data-start=\"615\" data-end=\"632\">HorizonSteady<\/strong> assure des prises de vue fluides, m\u00eame dans les situations les plus extr\u00eames. \u00c9tanche sans caisson jusqu\u2019\u00e0 <strong data-start=\"740\" data-end=\"753\">18 m\u00e8tres<\/strong> et r\u00e9sistante aux temp\u00e9ratures n\u00e9gatives, l\u2019Action 5 Pro est pr\u00eate pour toutes vos aventures.<\/p>\n<p data-start=\"851\" data-end=\"1041\">Son double \u00e9cran tactile avant et arri\u00e8re offre un contr\u00f4le intuitif et pratique pour le vlogging ou les selfies, tandis que les microphones int\u00e9gr\u00e9s garantissent un son clair et immersif.<\/p>\n<hr data-start=\"1043\" data-end=\"1046\" \/>\n<h3 data-start=\"1048\" data-end=\"1079\">Contenu du pack Pro Combo<\/h3>\n<ul data-start=\"1080\" data-end=\"1433\">\n<li data-start=\"1080\" data-end=\"1116\">\n<p data-start=\"1082\" data-end=\"1116\">Cam\u00e9ra <strong data-start=\"1089\" data-end=\"1114\">DJI Osmo Action 5 Pro<\/strong><\/p>\n<\/li>\n<li data-start=\"1117\" data-end=\"1157\">\n<p data-start=\"1119\" data-end=\"1157\"><strong data-start=\"1119\" data-end=\"1155\">3 batteries Extreme Battery Plus<\/strong><\/p>\n<\/li>\n<li data-start=\"1158\" data-end=\"1229\">\n<p data-start=\"1160\" data-end=\"1229\"><strong data-start=\"1160\" data-end=\"1185\">Bo\u00eetier multifonction<\/strong> pour charger et transporter les batteries<\/p>\n<\/li>\n<li data-start=\"1230\" data-end=\"1287\">\n<p data-start=\"1232\" data-end=\"1287\"><strong data-start=\"1232\" data-end=\"1261\">Support de montage rapide<\/strong> (Quick-Release Adapter)<\/p>\n<\/li>\n<li data-start=\"1288\" data-end=\"1324\">\n<p data-start=\"1290\" data-end=\"1324\"><strong data-start=\"1290\" data-end=\"1322\">Perche d\u2019extension invisible<\/strong><\/p>\n<\/li>\n<li data-start=\"1325\" data-end=\"1354\">\n<p data-start=\"1327\" data-end=\"1354\"><strong data-start=\"1327\" data-end=\"1352\">Protection d\u2019objectif<\/strong><\/p>\n<\/li>\n<li data-start=\"1355\" data-end=\"1374\">\n<p data-start=\"1357\" data-end=\"1374\"><strong data-start=\"1357\" data-end=\"1372\">C\u00e2ble USB-C<\/strong><\/p>\n<\/li>\n<li data-start=\"1375\" data-end=\"1404\">\n<p data-start=\"1377\" data-end=\"1404\"><strong data-start=\"1377\" data-end=\"1402\">Pochette de transport<\/strong><\/p>\n<\/li>\n<li data-start=\"1405\" data-end=\"1433\">\n<p data-start=\"1407\" data-end=\"1433\"><strong data-start=\"1407\" data-end=\"1431\">Chiffon de nettoyage<\/strong><\/p>\n<\/li>\n<\/ul>","protected":false},"excerpt":{"rendered":"<p>DJI Osmo Action 5 Pro Combo Le DJI Osmo Action 5 Pro est une cam\u00e9ra d\u2019action con\u00e7ue pour repousser les<\/p>","protected":false},"featured_media":22952,"comment_status":"open","ping_status":"closed","template":"","meta":[],"product_brand":[480],"product_cat":[161],"product_tag":[232],"class_list":{"0":"post-22948","1":"product","2":"type-product","3":"status-publish","4":"has-post-thumbnail","6":"product_brand-dji","7":"product_cat-cameras","8":"product_tag-brand-dji","10":"first","11":"instock","12":"purchasable","13":"product-type-simple"},"jetpack_sharing_enabled":true,"_links":{"self":[{"href":"https:\/\/yahyaouishop.com\/fr\/wp-json\/wp\/v2\/product\/22948","targetHints":{"allow":["GET"]}}],"collection":[{"href":"https:\/\/yahyaouishop.com\/fr\/wp-json\/wp\/v2\/product"}],"about":[{"href":"https:\/\/yahyaouishop.com\/fr\/wp-json\/wp\/v2\/types\/product"}],"replies":[{"embeddable":true,"href":"https:\/\/yahyaouishop.com\/fr\/wp-json\/wp\/v2\/comments?post=22948"}],"version-history":[{"count":2,"href":"https:\/\/yahyaouishop.com\/fr\/wp-json\/wp\/v2\/product\/22948\/revisions"}],"predecessor-version":[{"id":22962,"href":"https:\/\/yahyaouishop.com\/fr\/wp-json\/wp\/v2\/product\/22948\/revisions\/22962"}],"wp:featuredmedia":[{"embeddable":true,"href":"https:\/\/yahyaouishop.com\/fr\/wp-json\/wp\/v2\/media\/22952"}],"wp:attachment":[{"href":"https:\/\/yahyaouishop.com\/fr\/wp-json\/wp\/v2\/media?parent=22948"}],"wp:term":[{"taxonomy":"product_brand","embeddable":true,"href":"https:\/\/yahyaouishop.com\/fr\/wp-json\/wp\/v2\/product_brand?post=22948"},{"taxonomy":"product_cat","embeddable":true,"href":"https:\/\/yahyaouishop.com\/fr\/wp-json\/wp\/v2\/product_cat?post=22948"},{"taxonomy":"product_tag","embeddable":true,"href":"https:\/\/yahyaouishop.com\/fr\/wp-json\/wp\/v2\/product_tag?post=22948"}],"curies":[{"name":"wp","href":"https:\/\/api.w.org\/{rel}","templated":true}]}}