{"id":22942,"date":"2025-08-27T15:50:38","date_gmt":"2025-08-27T14:50:38","guid":{"rendered":"https:\/\/yahyaouishop.com\/?post_type=product&#038;p=22942"},"modified":"2025-10-01T01:08:06","modified_gmt":"2025-10-01T00:08:06","slug":"dji-osmo-360-adventure-combo","status":"publish","type":"product","link":"https:\/\/yahyaouishop.com\/fr\/produit\/dji-osmo-360-adventure-combo\/","title":{"rendered":"DJI Osmo 360 ADVENTURE COMBO"},"content":{"rendered":"<h3 data-start=\"202\" data-end=\"236\">DJI Osmo 360 Adventure Combo<\/h3>\n<p data-start=\"238\" data-end=\"562\">Le <strong data-start=\"241\" data-end=\"273\">DJI Osmo 360 Adventure Combo<\/strong> est une cam\u00e9ra 360\u00b0 innovante con\u00e7ue pour capturer des images immersives en tr\u00e8s haute r\u00e9solution. \u00c9quip\u00e9e de deux capteurs 1\/1.1&#8243;, elle enregistre des vid\u00e9os 360\u00b0 en <strong data-start=\"441\" data-end=\"447\">8K<\/strong> et des photos panoramiques jusqu\u2019\u00e0 <strong data-start=\"483\" data-end=\"493\">120 MP<\/strong>, offrant une qualit\u00e9 d\u2019image exceptionnelle m\u00eame en basse lumi\u00e8re.<\/p>\n<p data-start=\"564\" data-end=\"957\">Gr\u00e2ce \u00e0 ses modes polyvalents, la cam\u00e9ra permet de filmer en <strong data-start=\"625\" data-end=\"641\">4K \u00e0 120 fps<\/strong> pour des ralentis fluides ou en <strong data-start=\"674\" data-end=\"689\">5K \u00e0 60 fps<\/strong> pour des s\u00e9quences d\u00e9taill\u00e9es avec un champ de vision ultra-large de 170\u00b0. La stabilisation <strong data-start=\"782\" data-end=\"799\">HorizonSteady<\/strong> et <strong data-start=\"803\" data-end=\"821\">RockSteady 3.0<\/strong> garantit des images stables dans toutes les situations, tandis que les quatre microphones int\u00e9gr\u00e9s assurent un son clair et immersif.<\/p>\n<p data-start=\"959\" data-end=\"1233\">Robuste et pr\u00eate pour l\u2019action, l\u2019Osmo 360 est certifi\u00e9e <strong data-start=\"1016\" data-end=\"1024\">IP68<\/strong> (\u00e9tanche jusqu\u2019\u00e0 10 m) et r\u00e9siste \u00e0 des temp\u00e9ratures allant jusqu\u2019\u00e0 \u201320 \u00b0C. Son autonomie peut atteindre <strong data-start=\"1130\" data-end=\"1158\">100 minutes en 8K\/30 fps<\/strong>, et son <strong data-start=\"1167\" data-end=\"1197\">stockage interne de 128 Go<\/strong> est extensible via carte microSD.<\/p>\n<hr data-start=\"1235\" data-end=\"1238\" \/>\n<h3 data-start=\"1240\" data-end=\"1277\">Contenu du pack Adventure Combo<\/h3>\n<ul data-start=\"1278\" data-end=\"1647\">\n<li data-start=\"1278\" data-end=\"1305\">\n<p data-start=\"1280\" data-end=\"1305\">Cam\u00e9ra <strong data-start=\"1287\" data-end=\"1303\">DJI Osmo 360<\/strong><\/p>\n<\/li>\n<li data-start=\"1306\" data-end=\"1357\">\n<p data-start=\"1308\" data-end=\"1357\"><strong data-start=\"1308\" data-end=\"1344\">3 batteries Extreme Battery Plus<\/strong> (1950 mAh)<\/p>\n<\/li>\n<li data-start=\"1358\" data-end=\"1424\">\n<p data-start=\"1360\" data-end=\"1424\"><strong data-start=\"1360\" data-end=\"1385\">Bo\u00eetier multifonction<\/strong> pour charger et ranger les batteries<\/p>\n<\/li>\n<li data-start=\"1425\" data-end=\"1458\">\n<p data-start=\"1427\" data-end=\"1458\"><strong data-start=\"1427\" data-end=\"1447\">Perche invisible<\/strong> de 1,2 m<\/p>\n<\/li>\n<li data-start=\"1459\" data-end=\"1508\">\n<p data-start=\"1461\" data-end=\"1508\"><strong data-start=\"1461\" data-end=\"1489\">Adaptateur Quick-Release<\/strong> pour accessoires<\/p>\n<\/li>\n<li data-start=\"1509\" data-end=\"1539\">\n<p data-start=\"1511\" data-end=\"1539\"><strong data-start=\"1511\" data-end=\"1537\">Pochette de protection<\/strong><\/p>\n<\/li>\n<li data-start=\"1540\" data-end=\"1569\">\n<p data-start=\"1542\" data-end=\"1569\"><strong data-start=\"1542\" data-end=\"1567\">C\u00e2ble USB-C (USB 3.1)<\/strong><\/p>\n<\/li>\n<li data-start=\"1570\" data-end=\"1618\">\n<p data-start=\"1572\" data-end=\"1618\"><strong data-start=\"1572\" data-end=\"1616\">Protection en caoutchouc pour l\u2019objectif<\/strong><\/p>\n<\/li>\n<li data-start=\"1619\" data-end=\"1647\">\n<p data-start=\"1621\" data-end=\"1647\"><strong data-start=\"1621\" data-end=\"1645\">Chiffon de nettoyage<\/strong><\/p>\n<\/li>\n<\/ul>","protected":false},"excerpt":{"rendered":"<p>DJI Osmo 360 Adventure Combo Le DJI Osmo 360 Adventure Combo est une cam\u00e9ra 360\u00b0 innovante con\u00e7ue pour capturer des<\/p>","protected":false},"featured_media":22943,"comment_status":"open","ping_status":"closed","template":"","meta":[],"product_brand":[480],"product_cat":[161],"product_tag":[232],"class_list":{"0":"post-22942","1":"product","2":"type-product","3":"status-publish","4":"has-post-thumbnail","6":"product_brand-dji","7":"product_cat-cameras","8":"product_tag-brand-dji","10":"first","11":"instock","12":"purchasable","13":"product-type-simple"},"jetpack_sharing_enabled":true,"_links":{"self":[{"href":"https:\/\/yahyaouishop.com\/fr\/wp-json\/wp\/v2\/product\/22942","targetHints":{"allow":["GET"]}}],"collection":[{"href":"https:\/\/yahyaouishop.com\/fr\/wp-json\/wp\/v2\/product"}],"about":[{"href":"https:\/\/yahyaouishop.com\/fr\/wp-json\/wp\/v2\/types\/product"}],"replies":[{"embeddable":true,"href":"https:\/\/yahyaouishop.com\/fr\/wp-json\/wp\/v2\/comments?post=22942"}],"version-history":[{"count":1,"href":"https:\/\/yahyaouishop.com\/fr\/wp-json\/wp\/v2\/product\/22942\/revisions"}],"predecessor-version":[{"id":22947,"href":"https:\/\/yahyaouishop.com\/fr\/wp-json\/wp\/v2\/product\/22942\/revisions\/22947"}],"wp:featuredmedia":[{"embeddable":true,"href":"https:\/\/yahyaouishop.com\/fr\/wp-json\/wp\/v2\/media\/22943"}],"wp:attachment":[{"href":"https:\/\/yahyaouishop.com\/fr\/wp-json\/wp\/v2\/media?parent=22942"}],"wp:term":[{"taxonomy":"product_brand","embeddable":true,"href":"https:\/\/yahyaouishop.com\/fr\/wp-json\/wp\/v2\/product_brand?post=22942"},{"taxonomy":"product_cat","embeddable":true,"href":"https:\/\/yahyaouishop.com\/fr\/wp-json\/wp\/v2\/product_cat?post=22942"},{"taxonomy":"product_tag","embeddable":true,"href":"https:\/\/yahyaouishop.com\/fr\/wp-json\/wp\/v2\/product_tag?post=22942"}],"curies":[{"name":"wp","href":"https:\/\/api.w.org\/{rel}","templated":true}]}}