{"id":22922,"date":"2025-08-18T18:58:05","date_gmt":"2025-08-18T17:58:05","guid":{"rendered":"https:\/\/yahyaouishop.com\/?post_type=product&#038;p=22922"},"modified":"2025-10-01T01:08:06","modified_gmt":"2025-10-01T00:08:06","slug":"cfexpress-lexar-320gb-professional-type-a-card-gold","status":"publish","type":"product","link":"https:\/\/yahyaouishop.com\/fr\/produit\/cfexpress-lexar-320gb-professional-type-a-card-gold\/","title":{"rendered":"CFexpress Lexar 320GB Professional Type A card Gold"},"content":{"rendered":"<h3 data-start=\"120\" data-end=\"156\">Caract\u00e9ristiques principales<\/h3>\n<ul data-start=\"157\" data-end=\"722\">\n<li data-start=\"157\" data-end=\"182\">\n<p data-start=\"159\" data-end=\"182\"><strong data-start=\"159\" data-end=\"171\">Capacit\u00e9<\/strong> : 320 Go<\/p>\n<\/li>\n<li data-start=\"183\" data-end=\"216\">\n<p data-start=\"185\" data-end=\"216\"><strong data-start=\"185\" data-end=\"195\">Format<\/strong> : CFexpress Type A<\/p>\n<\/li>\n<li data-start=\"217\" data-end=\"266\">\n<p data-start=\"219\" data-end=\"266\"><strong data-start=\"219\" data-end=\"241\">Vitesse de lecture<\/strong> : jusqu\u2019\u00e0 <strong data-start=\"252\" data-end=\"264\">900 Mo\/s<\/strong><\/p>\n<\/li>\n<li data-start=\"267\" data-end=\"316\">\n<p data-start=\"269\" data-end=\"316\"><strong data-start=\"269\" data-end=\"291\">Vitesse d\u2019\u00e9criture<\/strong> : jusqu\u2019\u00e0 <strong data-start=\"302\" data-end=\"314\">800 Mo\/s<\/strong><\/p>\n<\/li>\n<li data-start=\"317\" data-end=\"417\">\n<p data-start=\"319\" data-end=\"417\"><strong data-start=\"319\" data-end=\"335\">Classe vid\u00e9o<\/strong> : <strong data-start=\"338\" data-end=\"349\">VPG 400<\/strong>, garantissant un enregistrement vid\u00e9o fluide sans chute de frames<\/p>\n<\/li>\n<li data-start=\"418\" data-end=\"548\">\n<p data-start=\"420\" data-end=\"548\"><strong data-start=\"420\" data-end=\"429\">Usage<\/strong> : id\u00e9ale pour la vid\u00e9o professionnelle en <strong data-start=\"472\" data-end=\"502\">8K, 6K et 4K haute cadence<\/strong>, ainsi que la photo en rafale haute vitesse<\/p>\n<\/li>\n<li data-start=\"549\" data-end=\"661\">\n<p data-start=\"551\" data-end=\"661\"><strong data-start=\"551\" data-end=\"564\">Fiabilit\u00e9<\/strong> : con\u00e7ue pour supporter un flux de travail intensif avec transfert rapide et stockage s\u00e9curis\u00e9<\/p>\n<\/li>\n<li data-start=\"662\" data-end=\"722\">\n<p data-start=\"664\" data-end=\"722\"><strong data-start=\"664\" data-end=\"676\">Garantie<\/strong> : limit\u00e9e \u00e0 vie (ou 10 ans selon la r\u00e9gion)<\/p>\n<\/li>\n<\/ul>\n<hr data-start=\"724\" data-end=\"727\" \/>\n<h3 data-start=\"729\" data-end=\"750\">\u00a0Points forts<\/h3>\n<ul data-start=\"751\" data-end=\"1039\">\n<li data-start=\"751\" data-end=\"832\">\n<p data-start=\"753\" data-end=\"832\">Parfaite pour les cam\u00e9ras compatibles CFexpress Type A (Sony Alpha, FX, etc.)<\/p>\n<\/li>\n<li data-start=\"833\" data-end=\"897\">\n<p data-start=\"835\" data-end=\"897\">D\u00e9bit ultra-rapide pour la cr\u00e9ation de contenu professionnel<\/p>\n<\/li>\n<li data-start=\"898\" data-end=\"961\">\n<p data-start=\"900\" data-end=\"961\">Stockage fiable et grande capacit\u00e9 pour les longs tournages<\/p>\n<\/li>\n<li data-start=\"962\" data-end=\"1039\">\n<p data-start=\"964\" data-end=\"1039\">Maintient des performances constantes gr\u00e2ce \u00e0 la certification <strong data-start=\"1027\" data-end=\"1037\">VPG400<\/strong><\/p>\n<\/li>\n<\/ul>","protected":false},"excerpt":{"rendered":"<p>Caract\u00e9ristiques principales Capacit\u00e9 : 320 Go Format : CFexpress Type A Vitesse de lecture : jusqu\u2019\u00e0 900 Mo\/s Vitesse d\u2019\u00e9criture<\/p>","protected":false},"featured_media":22924,"comment_status":"open","ping_status":"closed","template":"","meta":[],"product_brand":[475],"product_cat":[204,135,161],"product_tag":[428],"class_list":{"0":"post-22922","1":"product","2":"type-product","3":"status-publish","4":"has-post-thumbnail","6":"product_brand-lexar","7":"product_cat-cartes-memoires","8":"product_cat-stockage","9":"product_cat-cameras","10":"product_tag-brand-lexar","12":"first","13":"instock","14":"purchasable","15":"product-type-simple"},"jetpack_sharing_enabled":true,"_links":{"self":[{"href":"https:\/\/yahyaouishop.com\/fr\/wp-json\/wp\/v2\/product\/22922","targetHints":{"allow":["GET"]}}],"collection":[{"href":"https:\/\/yahyaouishop.com\/fr\/wp-json\/wp\/v2\/product"}],"about":[{"href":"https:\/\/yahyaouishop.com\/fr\/wp-json\/wp\/v2\/types\/product"}],"replies":[{"embeddable":true,"href":"https:\/\/yahyaouishop.com\/fr\/wp-json\/wp\/v2\/comments?post=22922"}],"version-history":[{"count":1,"href":"https:\/\/yahyaouishop.com\/fr\/wp-json\/wp\/v2\/product\/22922\/revisions"}],"predecessor-version":[{"id":22925,"href":"https:\/\/yahyaouishop.com\/fr\/wp-json\/wp\/v2\/product\/22922\/revisions\/22925"}],"wp:featuredmedia":[{"embeddable":true,"href":"https:\/\/yahyaouishop.com\/fr\/wp-json\/wp\/v2\/media\/22924"}],"wp:attachment":[{"href":"https:\/\/yahyaouishop.com\/fr\/wp-json\/wp\/v2\/media?parent=22922"}],"wp:term":[{"taxonomy":"product_brand","embeddable":true,"href":"https:\/\/yahyaouishop.com\/fr\/wp-json\/wp\/v2\/product_brand?post=22922"},{"taxonomy":"product_cat","embeddable":true,"href":"https:\/\/yahyaouishop.com\/fr\/wp-json\/wp\/v2\/product_cat?post=22922"},{"taxonomy":"product_tag","embeddable":true,"href":"https:\/\/yahyaouishop.com\/fr\/wp-json\/wp\/v2\/product_tag?post=22922"}],"curies":[{"name":"wp","href":"https:\/\/api.w.org\/{rel}","templated":true}]}}