{"id":22919,"date":"2025-08-18T18:44:56","date_gmt":"2025-08-18T17:44:56","guid":{"rendered":"https:\/\/yahyaouishop.com\/?post_type=product&#038;p=22919"},"modified":"2026-02-23T12:30:51","modified_gmt":"2026-02-23T12:30:51","slug":"carte-memoire-sd-lexar-256go-sdxc-uhs-ii-280mb-s-silver-v60","status":"publish","type":"product","link":"https:\/\/yahyaouishop.com\/fr\/produit\/carte-memoire-sd-lexar-256go-sdxc-uhs-ii-280mb-s-silver-v60\/","title":{"rendered":"Carte m\u00e9moire SD LEXAR 256GO SDXC UHS-II 280mb\/s silver v60"},"content":{"rendered":"<h3 data-start=\"114\" data-end=\"149\">Caract\u00e9ristiques principales<\/h3>\n<ul data-start=\"150\" data-end=\"560\">\n<li data-start=\"150\" data-end=\"175\">\n<p data-start=\"152\" data-end=\"175\"><strong data-start=\"152\" data-end=\"164\">Capacit\u00e9<\/strong> : 256 Go<\/p>\n<\/li>\n<li data-start=\"176\" data-end=\"231\">\n<p data-start=\"178\" data-end=\"231\"><strong data-start=\"178\" data-end=\"191\">Interface<\/strong> : SDXC UHS-II (r\u00e9trocompatible UHS-I)<\/p>\n<\/li>\n<li data-start=\"232\" data-end=\"281\">\n<p data-start=\"234\" data-end=\"281\"><strong data-start=\"234\" data-end=\"256\">Vitesse de lecture<\/strong> : jusqu\u2019\u00e0 <strong data-start=\"267\" data-end=\"279\">280 Mo\/s<\/strong><\/p>\n<\/li>\n<li data-start=\"282\" data-end=\"331\">\n<p data-start=\"284\" data-end=\"331\"><strong data-start=\"284\" data-end=\"306\">Vitesse d\u2019\u00e9criture<\/strong> : jusqu\u2019\u00e0 <strong data-start=\"317\" data-end=\"329\">120 Mo\/s<\/strong><\/p>\n<\/li>\n<li data-start=\"332\" data-end=\"427\">\n<p data-start=\"334\" data-end=\"427\"><strong data-start=\"334\" data-end=\"350\">Classe vid\u00e9o<\/strong> : <strong data-start=\"353\" data-end=\"360\">V60<\/strong>, id\u00e9ale pour filmer en 4K fluide et capturer des rafales rapides<\/p>\n<\/li>\n<li data-start=\"428\" data-end=\"527\">\n<p data-start=\"430\" data-end=\"527\"><strong data-start=\"430\" data-end=\"443\">Fiabilit\u00e9<\/strong> : test\u00e9e pour r\u00e9sister aux conditions vari\u00e9es, con\u00e7ue pour les pros et passionn\u00e9s<\/p>\n<\/li>\n<li data-start=\"528\" data-end=\"560\">\n<p data-start=\"530\" data-end=\"560\"><strong data-start=\"530\" data-end=\"542\">Garantie<\/strong> : limit\u00e9e \u00e0 vie<\/p>\n<\/li>\n<\/ul>\n<hr data-start=\"562\" data-end=\"565\" \/>\n<h3 data-start=\"567\" data-end=\"586\">Points forts<\/h3>\n<ul data-start=\"587\" data-end=\"804\">\n<li data-start=\"587\" data-end=\"645\">\n<p data-start=\"589\" data-end=\"645\">Grande capacit\u00e9 pour vid\u00e9os et photos haute r\u00e9solution<\/p>\n<\/li>\n<li data-start=\"646\" data-end=\"711\">\n<p data-start=\"648\" data-end=\"711\">Vitesse stable pour la <strong data-start=\"671\" data-end=\"683\">vid\u00e9o 4K<\/strong> et la <strong data-start=\"690\" data-end=\"709\">photo en rafale<\/strong><\/p>\n<\/li>\n<li data-start=\"712\" data-end=\"759\">\n<p data-start=\"714\" data-end=\"759\">Compatible avec les anciens appareils UHS-I<\/p>\n<\/li>\n<li data-start=\"760\" data-end=\"804\">\n<p data-start=\"762\" data-end=\"804\">Robuste et fiable pour un usage intensif<\/p>\n<\/li>\n<\/ul>","protected":false},"excerpt":{"rendered":"<p>Caract\u00e9ristiques principales Capacit\u00e9 : 256 Go Interface : SDXC UHS-II (r\u00e9trocompatible UHS-I) Vitesse de lecture : jusqu\u2019\u00e0 280 Mo\/s Vitesse<\/p>","protected":false},"featured_media":22920,"comment_status":"open","ping_status":"closed","template":"","meta":[],"product_brand":[475],"product_cat":[161],"product_tag":[428],"class_list":{"0":"post-22919","1":"product","2":"type-product","3":"status-publish","4":"has-post-thumbnail","6":"product_brand-lexar","7":"product_cat-cameras","8":"product_tag-brand-lexar","10":"first","11":"outofstock","12":"purchasable","13":"product-type-simple"},"jetpack_sharing_enabled":true,"_links":{"self":[{"href":"https:\/\/yahyaouishop.com\/fr\/wp-json\/wp\/v2\/product\/22919","targetHints":{"allow":["GET"]}}],"collection":[{"href":"https:\/\/yahyaouishop.com\/fr\/wp-json\/wp\/v2\/product"}],"about":[{"href":"https:\/\/yahyaouishop.com\/fr\/wp-json\/wp\/v2\/types\/product"}],"replies":[{"embeddable":true,"href":"https:\/\/yahyaouishop.com\/fr\/wp-json\/wp\/v2\/comments?post=22919"}],"version-history":[{"count":1,"href":"https:\/\/yahyaouishop.com\/fr\/wp-json\/wp\/v2\/product\/22919\/revisions"}],"predecessor-version":[{"id":22921,"href":"https:\/\/yahyaouishop.com\/fr\/wp-json\/wp\/v2\/product\/22919\/revisions\/22921"}],"wp:featuredmedia":[{"embeddable":true,"href":"https:\/\/yahyaouishop.com\/fr\/wp-json\/wp\/v2\/media\/22920"}],"wp:attachment":[{"href":"https:\/\/yahyaouishop.com\/fr\/wp-json\/wp\/v2\/media?parent=22919"}],"wp:term":[{"taxonomy":"product_brand","embeddable":true,"href":"https:\/\/yahyaouishop.com\/fr\/wp-json\/wp\/v2\/product_brand?post=22919"},{"taxonomy":"product_cat","embeddable":true,"href":"https:\/\/yahyaouishop.com\/fr\/wp-json\/wp\/v2\/product_cat?post=22919"},{"taxonomy":"product_tag","embeddable":true,"href":"https:\/\/yahyaouishop.com\/fr\/wp-json\/wp\/v2\/product_tag?post=22919"}],"curies":[{"name":"wp","href":"https:\/\/api.w.org\/{rel}","templated":true}]}}