{"id":22910,"date":"2025-08-18T17:59:25","date_gmt":"2025-08-18T16:59:25","guid":{"rendered":"https:\/\/yahyaouishop.com\/?post_type=product&#038;p=22910"},"modified":"2025-10-01T01:08:06","modified_gmt":"2025-10-01T00:08:06","slug":"lexar-professional-silver-carte-sd-128go-carte-memoire-sdxc-uhs-ii-sans-lecteur-280-mo","status":"publish","type":"product","link":"https:\/\/yahyaouishop.com\/fr\/produit\/lexar-professional-silver-carte-sd-128go-carte-memoire-sdxc-uhs-ii-sans-lecteur-280-mo\/","title":{"rendered":"Lexar Professional Silver Carte SD 128Go Carte m\u00e9moire SDXC UHS II sans Lecteur 280 Mo"},"content":{"rendered":"<h3 data-start=\"185\" data-end=\"218\">Caract\u00e9ristiques principales<\/h3>\n<ul data-start=\"220\" data-end=\"759\">\n<li data-start=\"220\" data-end=\"245\">\n<p data-start=\"222\" data-end=\"245\"><strong data-start=\"222\" data-end=\"234\">Capacit\u00e9<\/strong> : 128 Go<\/p>\n<\/li>\n<li data-start=\"246\" data-end=\"301\">\n<p data-start=\"248\" data-end=\"301\"><strong data-start=\"248\" data-end=\"261\">Interface<\/strong> : SDXC UHS-II (r\u00e9trocompatible UHS-I)<\/p>\n<\/li>\n<li data-start=\"302\" data-end=\"351\">\n<p data-start=\"304\" data-end=\"351\"><strong data-start=\"304\" data-end=\"326\">Vitesse de lecture<\/strong> : jusqu\u2019\u00e0 <strong data-start=\"337\" data-end=\"349\">280 Mo\/s<\/strong><\/p>\n<\/li>\n<li data-start=\"352\" data-end=\"426\">\n<p data-start=\"354\" data-end=\"426\"><strong data-start=\"354\" data-end=\"376\">Vitesse d\u2019\u00e9criture<\/strong> : jusqu\u2019\u00e0 <strong data-start=\"387\" data-end=\"399\">120 Mo\/s<\/strong> (pour la version 128 Go)<\/p>\n<\/li>\n<li data-start=\"427\" data-end=\"517\">\n<p data-start=\"429\" data-end=\"517\"><strong data-start=\"429\" data-end=\"451\">Classes de vitesse<\/strong> : C10, U3, V60 \u2014 id\u00e9ale pour la vid\u00e9o fluide en 1080p, 3D et 4K<\/p>\n<\/li>\n<li data-start=\"518\" data-end=\"623\">\n<p data-start=\"520\" data-end=\"623\"><strong data-start=\"520\" data-end=\"534\">Robustesse<\/strong> : supporte des conditions vari\u00e9es ; test\u00e9 pour fiabilit\u00e9, performance et compatibilit\u00e9<\/p>\n<\/li>\n<li data-start=\"624\" data-end=\"726\">\n<p data-start=\"626\" data-end=\"726\"><strong data-start=\"626\" data-end=\"643\">Compatibilit\u00e9<\/strong> : fonctionne avec les appareils UHS-I \u00e0 des vitesses \u00e9lev\u00e9es, en plus des UHS-II<\/p>\n<\/li>\n<li data-start=\"727\" data-end=\"759\">\n<p data-start=\"729\" data-end=\"759\"><strong data-start=\"729\" data-end=\"741\">Garantie<\/strong> : limit\u00e9e \u00e0 vie<\/p>\n<\/li>\n<\/ul>\n<hr data-start=\"761\" data-end=\"764\" \/>\n<h3 data-start=\"766\" data-end=\"792\">Atouts de cette carte<\/h3>\n<ul data-start=\"794\" data-end=\"1163\">\n<li data-start=\"794\" data-end=\"873\">\n<p data-start=\"796\" data-end=\"873\"><strong data-start=\"796\" data-end=\"816\">Rapide et fiable<\/strong>, parfaite pour les vid\u00e9astes et photographes exigeants<\/p>\n<\/li>\n<li data-start=\"874\" data-end=\"930\">\n<p data-start=\"876\" data-end=\"930\"><strong data-start=\"876\" data-end=\"891\">Polyvalente<\/strong>, gr\u00e2ce \u00e0 la r\u00e9trocompatibilit\u00e9 UHS-I<\/p>\n<\/li>\n<li data-start=\"931\" data-end=\"1006\">\n<p data-start=\"933\" data-end=\"1006\"><strong data-start=\"933\" data-end=\"963\">Optimis\u00e9e pour la vid\u00e9o 4K<\/strong>, sans interruption gr\u00e2ce \u00e0 sa classe V60<\/p>\n<\/li>\n<li data-start=\"1007\" data-end=\"1101\">\n<p data-start=\"1009\" data-end=\"1101\"><strong data-start=\"1009\" data-end=\"1040\">Stockage g\u00e9n\u00e9reux de 128 Go<\/strong>, suffisant pour des sessions longues sans changer de carte<\/p>\n<\/li>\n<li data-start=\"1102\" data-end=\"1163\">\n<p data-start=\"1104\" data-end=\"1163\"><strong data-start=\"1104\" data-end=\"1129\">Tranquillit\u00e9 d\u2019esprit<\/strong>, avec une garantie longue dur\u00e9e<\/p>\n<\/li>\n<\/ul>\n<hr data-start=\"1165\" data-end=\"1168\" \/>\n<h3 data-start=\"1170\" data-end=\"1194\">En r\u00e9sum\u00e9 (tableau)<\/h3>\n<div class=\"_tableContainer_1rjym_1\">\n<div class=\"_tableWrapper_1rjym_13 group flex w-fit flex-col-reverse\">\n<table class=\"w-fit min-w-(--thread-content-width)\" data-start=\"1196\" data-end=\"1912\">\n<thead data-start=\"1196\" data-end=\"1266\">\n<tr data-start=\"1196\" data-end=\"1266\">\n<th data-start=\"1196\" data-end=\"1219\" data-col-size=\"sm\">\u00c9l\u00e9ment<\/th>\n<th data-start=\"1219\" data-end=\"1266\" data-col-size=\"sm\">D\u00e9tail<\/th>\n<\/tr>\n<\/thead>\n<tbody data-start=\"1338\" data-end=\"1912\">\n<tr data-start=\"1338\" data-end=\"1409\">\n<td data-start=\"1338\" data-end=\"1361\" data-col-size=\"sm\">Capacit\u00e9<\/td>\n<td data-start=\"1361\" data-end=\"1409\" data-col-size=\"sm\">128 Go<\/td>\n<\/tr>\n<tr data-start=\"1410\" data-end=\"1481\">\n<td data-start=\"1410\" data-end=\"1433\" data-col-size=\"sm\">Interface<\/td>\n<td data-start=\"1433\" data-end=\"1481\" data-col-size=\"sm\">SDXC UHS-II (r\u00e9trocompatible UHS-I)<\/td>\n<\/tr>\n<tr data-start=\"1482\" data-end=\"1553\">\n<td data-start=\"1482\" data-end=\"1505\" data-col-size=\"sm\">Lecture maximale<\/td>\n<td data-start=\"1505\" data-end=\"1553\" data-col-size=\"sm\">280 Mo\/s<\/td>\n<\/tr>\n<tr data-start=\"1554\" data-end=\"1625\">\n<td data-start=\"1554\" data-end=\"1577\" data-col-size=\"sm\">\u00c9criture maximale<\/td>\n<td data-start=\"1577\" data-end=\"1625\" data-col-size=\"sm\">120 Mo\/s<\/td>\n<\/tr>\n<tr data-start=\"1626\" data-end=\"1697\">\n<td data-start=\"1626\" data-end=\"1649\" data-col-size=\"sm\">Classes de vitesse<\/td>\n<td data-start=\"1649\" data-end=\"1697\" data-col-size=\"sm\">C10, U3, V60<\/td>\n<\/tr>\n<tr data-start=\"1698\" data-end=\"1769\">\n<td data-start=\"1698\" data-end=\"1721\" data-col-size=\"sm\">Vid\u00e9o support\u00e9e<\/td>\n<td data-start=\"1721\" data-end=\"1769\" data-col-size=\"sm\">Full HD, 3D, 4K<\/td>\n<\/tr>\n<tr data-start=\"1770\" data-end=\"1840\">\n<td data-start=\"1770\" data-end=\"1793\" data-col-size=\"sm\">Robustesse &amp; tests<\/td>\n<td data-start=\"1793\" data-end=\"1840\" data-col-size=\"sm\">Fiabilit\u00e9 \u00e9prouv\u00e9e<\/td>\n<\/tr>\n<tr data-start=\"1841\" data-end=\"1912\">\n<td data-start=\"1841\" data-end=\"1864\" data-col-size=\"sm\">Garantie<\/td>\n<td data-start=\"1864\" data-end=\"1912\" data-col-size=\"sm\">Limit\u00e9e \u00e0 vie<\/td>\n<\/tr>\n<\/tbody>\n<\/table>\n<\/div>\n<\/div>","protected":false},"excerpt":{"rendered":"<p>Caract\u00e9ristiques principales Capacit\u00e9 : 128 Go Interface : SDXC UHS-II (r\u00e9trocompatible UHS-I) Vitesse de lecture : jusqu\u2019\u00e0 280 Mo\/s Vitesse<\/p>","protected":false},"featured_media":22912,"comment_status":"open","ping_status":"closed","template":"","meta":[],"product_brand":[475],"product_cat":[204,135,126],"product_tag":[428],"class_list":{"0":"post-22910","1":"product","2":"type-product","3":"status-publish","4":"has-post-thumbnail","6":"product_brand-lexar","7":"product_cat-cartes-memoires","8":"product_cat-stockage","9":"product_cat-produits-divers","10":"product_tag-brand-lexar","12":"first","13":"instock","14":"purchasable","15":"product-type-simple"},"jetpack_sharing_enabled":true,"_links":{"self":[{"href":"https:\/\/yahyaouishop.com\/fr\/wp-json\/wp\/v2\/product\/22910","targetHints":{"allow":["GET"]}}],"collection":[{"href":"https:\/\/yahyaouishop.com\/fr\/wp-json\/wp\/v2\/product"}],"about":[{"href":"https:\/\/yahyaouishop.com\/fr\/wp-json\/wp\/v2\/types\/product"}],"replies":[{"embeddable":true,"href":"https:\/\/yahyaouishop.com\/fr\/wp-json\/wp\/v2\/comments?post=22910"}],"version-history":[{"count":1,"href":"https:\/\/yahyaouishop.com\/fr\/wp-json\/wp\/v2\/product\/22910\/revisions"}],"predecessor-version":[{"id":22913,"href":"https:\/\/yahyaouishop.com\/fr\/wp-json\/wp\/v2\/product\/22910\/revisions\/22913"}],"wp:featuredmedia":[{"embeddable":true,"href":"https:\/\/yahyaouishop.com\/fr\/wp-json\/wp\/v2\/media\/22912"}],"wp:attachment":[{"href":"https:\/\/yahyaouishop.com\/fr\/wp-json\/wp\/v2\/media?parent=22910"}],"wp:term":[{"taxonomy":"product_brand","embeddable":true,"href":"https:\/\/yahyaouishop.com\/fr\/wp-json\/wp\/v2\/product_brand?post=22910"},{"taxonomy":"product_cat","embeddable":true,"href":"https:\/\/yahyaouishop.com\/fr\/wp-json\/wp\/v2\/product_cat?post=22910"},{"taxonomy":"product_tag","embeddable":true,"href":"https:\/\/yahyaouishop.com\/fr\/wp-json\/wp\/v2\/product_tag?post=22910"}],"curies":[{"name":"wp","href":"https:\/\/api.w.org\/{rel}","templated":true}]}}