{"id":22905,"date":"2025-08-18T17:12:45","date_gmt":"2025-08-18T16:12:45","guid":{"rendered":"https:\/\/yahyaouishop.com\/?post_type=product&#038;p=22905"},"modified":"2026-04-13T21:03:29","modified_gmt":"2026-04-13T20:03:29","slug":"lexar-256gb-professionnel-270mb-s","status":"publish","type":"product","link":"https:\/\/yahyaouishop.com\/fr\/produit\/lexar-256gb-professionnel-270mb-s\/","title":{"rendered":"Lexar 256GB Professionnel 300Mb\/s"},"content":{"rendered":"<p data-start=\"78\" data-end=\"223\">La <strong data-start=\"81\" data-end=\"121\">Lexar Professional 2000x SDXC 256 Go<\/strong> est une carte m\u00e9moire hautes performances con\u00e7ue pour les photographes et vid\u00e9astes professionnels.<\/p>\n<ul data-start=\"224\" data-end=\"624\">\n<li data-start=\"224\" data-end=\"249\">\n<p data-start=\"226\" data-end=\"249\"><strong data-start=\"226\" data-end=\"238\">Capacit\u00e9<\/strong> : 256 Go<\/p>\n<\/li>\n<li data-start=\"250\" data-end=\"295\">\n<p data-start=\"252\" data-end=\"295\"><strong data-start=\"252\" data-end=\"274\">Vitesse de lecture<\/strong> : jusqu\u2019\u00e0 300 Mo\/s<\/p>\n<\/li>\n<li data-start=\"296\" data-end=\"354\">\n<p data-start=\"298\" data-end=\"354\"><strong data-start=\"298\" data-end=\"320\">Vitesse d\u2019\u00e9criture<\/strong> : jusqu\u2019\u00e0 260 Mo\/s (classe V90)<\/p>\n<\/li>\n<li data-start=\"355\" data-end=\"409\">\n<p data-start=\"357\" data-end=\"409\"><strong data-start=\"357\" data-end=\"374\">Compatibilit\u00e9<\/strong> : UHS-II (r\u00e9trocompatible UHS-I)<\/p>\n<\/li>\n<li data-start=\"410\" data-end=\"474\">\n<p data-start=\"412\" data-end=\"474\"><strong data-start=\"412\" data-end=\"421\">Usage<\/strong> : id\u00e9ale pour la photo en rafale et la vid\u00e9o 4K\/8K<\/p>\n<\/li>\n<li data-start=\"475\" data-end=\"563\">\n<p data-start=\"477\" data-end=\"563\"><strong data-start=\"477\" data-end=\"491\">Durabilit\u00e9<\/strong> : r\u00e9sistante aux temp\u00e9ratures extr\u00eames, chocs, vibrations et rayons X<\/p>\n<\/li>\n<li data-start=\"564\" data-end=\"624\">\n<p data-start=\"566\" data-end=\"624\"><strong data-start=\"566\" data-end=\"578\">Garantie<\/strong> : limit\u00e9e \u00e0 vie (ou 10 ans selon la r\u00e9gion)<\/p>\n<\/li>\n<\/ul>","protected":false},"excerpt":{"rendered":"<p>La Lexar Professional 2000x SDXC 256 Go est une carte m\u00e9moire hautes performances con\u00e7ue pour les photographes et vid\u00e9astes professionnels.<\/p>","protected":false},"featured_media":22907,"comment_status":"open","ping_status":"closed","template":"","meta":[],"product_brand":[475],"product_cat":[204,135],"product_tag":[428],"class_list":{"0":"post-22905","1":"product","2":"type-product","3":"status-publish","4":"has-post-thumbnail","6":"product_brand-lexar","7":"product_cat-cartes-memoires","8":"product_cat-stockage","9":"product_tag-brand-lexar","11":"first","12":"instock","13":"purchasable","14":"product-type-simple"},"jetpack_sharing_enabled":true,"_links":{"self":[{"href":"https:\/\/yahyaouishop.com\/fr\/wp-json\/wp\/v2\/product\/22905","targetHints":{"allow":["GET"]}}],"collection":[{"href":"https:\/\/yahyaouishop.com\/fr\/wp-json\/wp\/v2\/product"}],"about":[{"href":"https:\/\/yahyaouishop.com\/fr\/wp-json\/wp\/v2\/types\/product"}],"replies":[{"embeddable":true,"href":"https:\/\/yahyaouishop.com\/fr\/wp-json\/wp\/v2\/comments?post=22905"}],"version-history":[{"count":3,"href":"https:\/\/yahyaouishop.com\/fr\/wp-json\/wp\/v2\/product\/22905\/revisions"}],"predecessor-version":[{"id":29839,"href":"https:\/\/yahyaouishop.com\/fr\/wp-json\/wp\/v2\/product\/22905\/revisions\/29839"}],"wp:featuredmedia":[{"embeddable":true,"href":"https:\/\/yahyaouishop.com\/fr\/wp-json\/wp\/v2\/media\/22907"}],"wp:attachment":[{"href":"https:\/\/yahyaouishop.com\/fr\/wp-json\/wp\/v2\/media?parent=22905"}],"wp:term":[{"taxonomy":"product_brand","embeddable":true,"href":"https:\/\/yahyaouishop.com\/fr\/wp-json\/wp\/v2\/product_brand?post=22905"},{"taxonomy":"product_cat","embeddable":true,"href":"https:\/\/yahyaouishop.com\/fr\/wp-json\/wp\/v2\/product_cat?post=22905"},{"taxonomy":"product_tag","embeddable":true,"href":"https:\/\/yahyaouishop.com\/fr\/wp-json\/wp\/v2\/product_tag?post=22905"}],"curies":[{"name":"wp","href":"https:\/\/api.w.org\/{rel}","templated":true}]}}