{"id":22903,"date":"2025-08-18T14:14:57","date_gmt":"2025-08-18T13:14:57","guid":{"rendered":"https:\/\/yahyaouishop.com\/fr\/produit\/sac-de-transport-pour-stabilisateur-dji-rs3-mini\/"},"modified":"2025-10-01T01:08:06","modified_gmt":"2025-10-01T00:08:06","slug":"sac-de-transport-pour-stabilisateur-dji-rs3-mini","status":"publish","type":"product","link":"https:\/\/yahyaouishop.com\/fr\/produit\/sac-de-transport-pour-stabilisateur-dji-rs3-mini\/","title":{"rendered":"Sac de transport pour stabilisateur DJI RS3 MINI"},"content":{"rendered":"<div id=\"productDescription_fullView\">\n<h3 class=\"sldp-title\" style=\"padding: 0px 0px 0.4rem;margin: 0px;font-weight: 700 !important;font-size: 1.8rem !important;line-height: 22px !important;font-style: normal\">Description<\/h3>\n<\/div>\n<ul class=\"a-unordered-list a-vertical a-spacing-small\">\n<li style=\"margin: 0px\"><span class=\"a-list-item a-size-base a-color-secondary\" style=\"font-size: 1.5rem !important;line-height: 1.35 !important;color: var(--__dchnmamgomxsw4b,#0f1111)\">Sp\u00e9cialement con\u00e7u pour RS3 MINI, grande capacit\u00e9 de stockage, pour r\u00e9pondre \u00e0 vos besoins quotidiens de voyage.<\/span><\/li>\n<li style=\"margin: 0px\"><span class=\"a-list-item a-size-base a-color-secondary\" style=\"font-size: 1.5rem !important;line-height: 1.35 !important;color: var(--__dchnmamgomxsw4b,#0f1111)\">Boucle de suspension \u00e9paisse, t\u00eate de fermeture \u00e9clair en m\u00e9tal galvanis\u00e9, poign\u00e9e de transport en plastique gris, de bonne qualit\u00e9.<\/span><\/li>\n<li style=\"margin: 0px\"><span class=\"a-list-item a-size-base a-color-secondary\" style=\"font-size: 1.5rem !important;line-height: 1.35 !important;color: var(--__dchnmamgomxsw4b,#0f1111)\">Coque en polyur\u00e9thane, belle atmosph\u00e8re, doublure en EVA, r\u00e9duction de la pression et r\u00e9sistance aux chocs.<\/span><\/li>\n<li style=\"margin: 0px\"><span class=\"a-list-item a-size-base a-color-secondary\" style=\"font-size: 1.5rem !important;line-height: 1.35 !important;color: var(--__dchnmamgomxsw4b,#0f1111)\">Id\u00e9al pour une utilisation en voyage ou pour le rangement \u00e0 domicile.<\/span><\/li>\n<li style=\"margin: 0px\"><span class=\"a-list-item a-size-base a-color-secondary\" style=\"font-size: 1.5rem !important;line-height: 1.35 !important;color: var(--__dchnmamgomxsw4b,#0f1111)\">Liste des produits : 1 x Sac de rangement avec bandouli\u00e8re.<\/span><\/li>\n<\/ul>\n<hr id=\"productFactsHiddenDivider\" class=\"a-spacing-base a-spacing-top-base a-divider-normal\" aria-hidden=\"true\" \/>\n<div id=\"productDescription_fullView\">\n<h3 class=\"sldp-title\"><span class=\"Apple-converted-space\">\u00a0<\/span><\/h3>\n<div class=\"a-section text-direction-override\" dir=\"auto\" style=\"margin-bottom: 0px\">\n<p class=\"a-color-secondary\" style=\"padding: 0px;margin: -0.4rem 0px 1.3rem;color: var(--__dchnmawpamxsw4b,#565959) !important\">Param\u00e8tres du produit :<span class=\"Apple-converted-space\">\u00a0<\/span><\/p>\n<p class=\"a-color-secondary\" style=\"padding: 0px;margin: -0.4rem 0px 1.3rem;color: var(--__dchnmawpamxsw4b,#565959) !important\">Dimensions : 27 x 27 x 10 cm.<span class=\"Apple-converted-space\">\u00a0<\/span><\/p>\n<p class=\"a-color-secondary\" style=\"padding: 0px;margin: -0.4rem 0px 1.3rem;color: var(--__dchnmawpamxsw4b,#565959) !important\">Poids : 675 g.<\/p>\n<\/div>\n<\/div>","protected":false},"excerpt":{"rendered":"<p>Description Sp\u00e9cialement con\u00e7u pour RS3 MINI, grande capacit\u00e9 de stockage, pour r\u00e9pondre \u00e0 vos besoins quotidiens de voyage. Boucle de<\/p>","protected":false},"featured_media":22902,"comment_status":"open","ping_status":"closed","template":"","meta":[],"product_brand":[480],"product_cat":[161],"product_tag":[232],"class_list":{"0":"post-22903","1":"product","2":"type-product","3":"status-publish","4":"has-post-thumbnail","6":"product_brand-dji","7":"product_cat-cameras","8":"product_tag-brand-dji","10":"first","11":"instock","12":"purchasable","13":"product-type-simple"},"jetpack_sharing_enabled":true,"_links":{"self":[{"href":"https:\/\/yahyaouishop.com\/fr\/wp-json\/wp\/v2\/product\/22903","targetHints":{"allow":["GET"]}}],"collection":[{"href":"https:\/\/yahyaouishop.com\/fr\/wp-json\/wp\/v2\/product"}],"about":[{"href":"https:\/\/yahyaouishop.com\/fr\/wp-json\/wp\/v2\/types\/product"}],"replies":[{"embeddable":true,"href":"https:\/\/yahyaouishop.com\/fr\/wp-json\/wp\/v2\/comments?post=22903"}],"version-history":[{"count":2,"href":"https:\/\/yahyaouishop.com\/fr\/wp-json\/wp\/v2\/product\/22903\/revisions"}],"predecessor-version":[{"id":22961,"href":"https:\/\/yahyaouishop.com\/fr\/wp-json\/wp\/v2\/product\/22903\/revisions\/22961"}],"wp:featuredmedia":[{"embeddable":true,"href":"https:\/\/yahyaouishop.com\/fr\/wp-json\/wp\/v2\/media\/22902"}],"wp:attachment":[{"href":"https:\/\/yahyaouishop.com\/fr\/wp-json\/wp\/v2\/media?parent=22903"}],"wp:term":[{"taxonomy":"product_brand","embeddable":true,"href":"https:\/\/yahyaouishop.com\/fr\/wp-json\/wp\/v2\/product_brand?post=22903"},{"taxonomy":"product_cat","embeddable":true,"href":"https:\/\/yahyaouishop.com\/fr\/wp-json\/wp\/v2\/product_cat?post=22903"},{"taxonomy":"product_tag","embeddable":true,"href":"https:\/\/yahyaouishop.com\/fr\/wp-json\/wp\/v2\/product_tag?post=22903"}],"curies":[{"name":"wp","href":"https:\/\/api.w.org\/{rel}","templated":true}]}}