{"id":22813,"date":"2025-07-25T15:09:16","date_gmt":"2025-07-25T14:09:16","guid":{"rendered":"https:\/\/yahyaouishop.com\/fr\/produit\/camescope-canon-xa65\/"},"modified":"2025-11-24T18:50:45","modified_gmt":"2025-11-24T17:50:45","slug":"camescope-canon-xa65","status":"publish","type":"product","link":"https:\/\/yahyaouishop.com\/fr\/produit\/camescope-canon-xa65\/","title":{"rendered":"Cam\u00e9scope CANON XA65 Professionnel 4K"},"content":{"rendered":"<h3 style=\"margin-top: 0px;margin-bottom: 0.75rem;font-family: Lato, -apple-system, Arial, Helvetica, sans-serif;font-weight: 400;line-height: 1.2;font-size: 1.71em;font-style: normal;letter-spacing: normal;text-align: left;text-indent: 0px;text-transform: none;text-decoration: none\">CANON XA65<\/h3>\n<p style=\"margin-top: 0px;margin-bottom: 1rem;font-family: Lato, sans-serif;font-size: 15px;font-style: normal;font-weight: 400;letter-spacing: normal;text-align: left;text-indent: 0px;text-transform: none;text-decoration: none\">R\u00e9alisez des vid\u00e9os 4K UHD \u00e0 l&#8217;aide du cam\u00e9scope compact XA65. En plus du traitement HD avec sur\u00e9chantillonnage exceptionnel, de l&#8217;autofocus avanc\u00e9, d&#8217;un zoom optique Canon 20x et de la diffusion HD en direct en UVC via USB-C sur un ordinateur, vous pouvez capturer des s\u00e9quences de haute qualit\u00e9 au format XF-AVC ou MP4.<\/p>\n<ul style=\"margin-top: 0px;margin-bottom: 1rem;font-family: Lato, sans-serif;font-size: 15px;font-style: normal;font-weight: 400;letter-spacing: normal;text-align: left;text-indent: 0px;text-transform: none;text-decoration: none\">\n<li>4K UHD\/25P<\/li>\n<li>Zoom optique 20x<\/li>\n<li>Traitement HD avec sur\u00e9chantillonnage<\/li>\n<li>Stabilisateur d&#8217;image optique<\/li>\n<li>Infrarouge<\/li>\n<li>\u00c9cran tactile<\/li>\n<li>4 canaux audio<\/li>\n<li>Deux emplacements<\/li>\n<li>USB-C<\/li>\n<\/ul>\n<hr style=\"height: 0px;overflow: visible;margin: 0px;border-width: 1px 0px 0px;border-style: solid none none;font-family: Lato, sans-serif;font-size: 15px;font-style: normal;font-weight: 400;letter-spacing: normal;text-align: left;text-indent: 0px;text-transform: none;text-decoration: none\">\n<h4 style=\"margin-top: 0px;margin-bottom: 0.75rem;font-family: Lato, -apple-system, Arial, Helvetica, sans-serif;font-weight: 400;line-height: 1.2;font-size: 1.59em;font-style: normal;letter-spacing: normal;text-align: left;text-indent: 0px;text-transform: none;text-decoration: none\">Cam\u00e9scope professionnel 4K UHD compact<\/h4>\n<p style=\"margin-top: 0px;margin-bottom: 1rem;font-family: Lato, sans-serif;font-size: 15px;font-style: normal;font-weight: 400;letter-spacing: normal;text-align: left;text-indent: 0px;text-transform: none;text-decoration: none\">Capturez de superbes images 4K UHD et Full HD de qualit\u00e9 sup\u00e9rieure gr\u00e2ce au capteur CMOS de type 4K 1\/2,3 po et au processeur d&#8217;image DIGIC DV6. Le traitement HD avec sur\u00e9chantillonnage permet d&#8217;obtenir des images Full HD \u00e0 partir du capteur 4K.<\/p>\n<h4 style=\"margin-top: 0px;margin-bottom: 0.75rem;font-family: Lato, -apple-system, Arial, Helvetica, sans-serif;font-weight: 400;line-height: 1.2;font-size: 1.59em;font-style: normal;letter-spacing: normal;text-align: left;text-indent: 0px;text-transform: none;text-decoration: none\">Zoom optique 4K 20x<\/h4>\n<p style=\"margin-top: 0px;margin-bottom: 1rem;font-family: Lato, sans-serif;font-size: 15px;font-style: normal;font-weight: 400;letter-spacing: normal;text-align: left;text-indent: 0px;text-transform: none;text-decoration: none\">L&#8217;objectif Canon couvre un grand angle de 29,3 mm (\u00e9quivalent \u00e0 35 mm) et une dispose d&#8217;une port\u00e9e puissante de 612 mm avec stabilisateur d&#8217;image dynamique. Un zoom num\u00e9rique permet d&#8217;augmenter jusqu&#8217;\u00e0 800x avec la stabilisation d&#8217;image sur 5 axes.<\/p>\n<h4 style=\"margin-top: 0px;margin-bottom: 0.75rem;font-family: Lato, -apple-system, Arial, Helvetica, sans-serif;font-weight: 400;line-height: 1.2;font-size: 1.59em;font-style: normal;letter-spacing: normal;text-align: left;text-indent: 0px;text-transform: none;text-decoration: none\">Mise au point rapide avec d\u00e9tection pr\u00e9cise des visages<\/h4>\n<p style=\"margin-top: 0px;margin-bottom: 1rem;font-family: Lato, sans-serif;font-size: 15px;font-style: normal;font-weight: 400;letter-spacing: normal;text-align: left;text-indent: 0px;text-transform: none;text-decoration: none\">Les vitesses de mise au point r\u00e9glables et le syst\u00e8me Hybrid AF avanc\u00e9 permettent une mise au point rapide et pr\u00e9cise. Utilisez l&#8217;\u00e9cran LCD de 3,5 pouces pour r\u00e9gler la mise au point en touchant le collimateur AF souhait\u00e9. L&#8217;autofocus avec d\u00e9tection et suivi de visages est disponible lorsque la mise au point manuelle est r\u00e9gl\u00e9e avec la bague de mise au point\/zoom.<\/p>\n<h4 style=\"margin-top: 0px;margin-bottom: 0.75rem;font-family: Lato, -apple-system, Arial, Helvetica, sans-serif;font-weight: 400;line-height: 1.2;font-size: 1.59em;font-style: normal;letter-spacing: normal;text-align: left;text-indent: 0px;text-transform: none;text-decoration: none\">Enregistrement flexible gr\u00e2ce aux formats XF-AVC et MP4<\/h4>\n<p style=\"margin-top: 0px;margin-bottom: 1rem;font-family: Lato, sans-serif;font-size: 15px;font-style: normal;font-weight: 400;letter-spacing: normal;text-align: left;text-indent: 0px;text-transform: none;text-decoration: none\">Choisissez entre les formats d&#8217;enregistrement XF-AVC ou MP4. Le format XF-AVC permet d&#8217;enregistrer des vid\u00e9os 4K UHD 160 Mbit\/s \u00e0 25P et en Full HD 45 Mbit\/s \u00e0 50P\/50i\/25P. Pour les plus petits fichiers, le cam\u00e9scope enregistre aux formats MP4 4K 150 Mbit\/s \u00e0 25P et Full HD 35 Mbit\/s ou 17 Mbit\/s \u00e0 50P\/25P.<\/p>\n<h4 style=\"margin-top: 0px;margin-bottom: 0.75rem;font-family: Lato, -apple-system, Arial, Helvetica, sans-serif;font-weight: 400;line-height: 1.2;font-size: 1.59em;font-style: normal;letter-spacing: normal;text-align: left;text-indent: 0px;text-transform: none;text-decoration: none\">Entr\u00e9es et sorties professionnelles<\/h4>\n<p style=\"margin-top: 0px;margin-bottom: 1rem;font-family: Lato, sans-serif;font-size: 15px;font-style: normal;font-weight: 400;letter-spacing: normal;text-align: left;text-indent: 0px;text-transform: none;text-decoration: none\">Parmi les options de sortie figurent la sortie 3G-SDI, un relais d&#8217;enregistrement et la sauvegarde simultan\u00e9s gr\u00e2ce \u00e0 deux cartes SD ainsi que le mode infrarouge. Pour une capture professionnelle, enregistrez au ralenti en Full HD 0,5x ou en acc\u00e9l\u00e9r\u00e9 en 4K\/Full HD jusqu&#8217;\u00e0 1200x. Harmonisez les couleurs avec celles d&#8217;autres cam\u00e9ras Canon \u00e0 partir du menu de personnalisation des images.<\/p>\n<h4 style=\"margin-top: 0px;margin-bottom: 0.75rem;font-family: Lato, -apple-system, Arial, Helvetica, sans-serif;font-weight: 400;line-height: 1.2;font-size: 1.59em;font-style: normal;letter-spacing: normal;text-align: left;text-indent: 0px;text-transform: none;text-decoration: none\">Diffusion en direct et plus encore<\/h4>\n<p style=\"margin-top: 0px;margin-bottom: 1rem;font-family: Lato, sans-serif;font-size: 15px;font-style: normal;font-weight: 400;letter-spacing: normal;text-align: left;text-indent: 0px;text-transform: none;text-decoration: none\">Diffusez des contenus HD via UVC1 sur un ordinateur ou ajoutez la date et l&#8217;heure avec l&#8217;enregistrement OSD. Deux connecteurs XLR situ\u00e9s sur une poign\u00e9e amovible et un PCM lin\u00e9aire \u00e0 4 canaux offrent des options audio professionnelles.<\/p>","protected":false},"excerpt":{"rendered":"<p>CANON XA65 R\u00e9alisez des vid\u00e9os 4K UHD \u00e0 l&#8217;aide du cam\u00e9scope compact XA65. En plus du traitement HD avec sur\u00e9chantillonnage<\/p>","protected":false},"featured_media":22810,"comment_status":"open","ping_status":"closed","template":"","meta":[],"product_brand":[453],"product_cat":[163],"product_tag":[221],"class_list":{"0":"post-22813","1":"product","2":"type-product","3":"status-publish","4":"has-post-thumbnail","6":"product_brand-canon","7":"product_cat-canon","8":"product_tag-brand-canon","10":"first","11":"instock","12":"purchasable","13":"product-type-simple"},"jetpack_sharing_enabled":true,"_links":{"self":[{"href":"https:\/\/yahyaouishop.com\/fr\/wp-json\/wp\/v2\/product\/22813","targetHints":{"allow":["GET"]}}],"collection":[{"href":"https:\/\/yahyaouishop.com\/fr\/wp-json\/wp\/v2\/product"}],"about":[{"href":"https:\/\/yahyaouishop.com\/fr\/wp-json\/wp\/v2\/types\/product"}],"replies":[{"embeddable":true,"href":"https:\/\/yahyaouishop.com\/fr\/wp-json\/wp\/v2\/comments?post=22813"}],"version-history":[{"count":1,"href":"https:\/\/yahyaouishop.com\/fr\/wp-json\/wp\/v2\/product\/22813\/revisions"}],"predecessor-version":[{"id":22814,"href":"https:\/\/yahyaouishop.com\/fr\/wp-json\/wp\/v2\/product\/22813\/revisions\/22814"}],"wp:featuredmedia":[{"embeddable":true,"href":"https:\/\/yahyaouishop.com\/fr\/wp-json\/wp\/v2\/media\/22810"}],"wp:attachment":[{"href":"https:\/\/yahyaouishop.com\/fr\/wp-json\/wp\/v2\/media?parent=22813"}],"wp:term":[{"taxonomy":"product_brand","embeddable":true,"href":"https:\/\/yahyaouishop.com\/fr\/wp-json\/wp\/v2\/product_brand?post=22813"},{"taxonomy":"product_cat","embeddable":true,"href":"https:\/\/yahyaouishop.com\/fr\/wp-json\/wp\/v2\/product_cat?post=22813"},{"taxonomy":"product_tag","embeddable":true,"href":"https:\/\/yahyaouishop.com\/fr\/wp-json\/wp\/v2\/product_tag?post=22813"}],"curies":[{"name":"wp","href":"https:\/\/api.w.org\/{rel}","templated":true}]}}