{"id":22802,"date":"2025-07-22T19:32:12","date_gmt":"2025-07-22T18:32:12","guid":{"rendered":"https:\/\/yahyaouishop.com\/?post_type=product&#038;p=22802"},"modified":"2026-02-23T12:25:06","modified_gmt":"2026-02-23T12:25:06","slug":"lexar-carte-sd-128gb-v90-professionnel-300b-s","status":"publish","type":"product","link":"https:\/\/yahyaouishop.com\/fr\/produit\/lexar-carte-sd-128gb-v90-professionnel-300b-s\/","title":{"rendered":"Lexar Carte SD \u2013 128Gb \u2013 V90 Professionnel 300Mb\/s"},"content":{"rendered":"<p data-start=\"176\" data-end=\"247\"><strong data-start=\"176\" data-end=\"247\">Lexar SDXC 128Go 2000x \u2013 Carte m\u00e9moire professionnelle ultra-rapide<\/strong><\/p>\n<p data-start=\"249\" data-end=\"537\">Pens\u00e9e pour les cr\u00e9ateurs exigeants, cette carte m\u00e9moire Lexar est l\u2019alli\u00e9e id\u00e9ale des reflex num\u00e9riques, cam\u00e9scopes HD et cam\u00e9ras 3D. Gr\u00e2ce \u00e0 sa capacit\u00e9 de <strong data-start=\"407\" data-end=\"416\">128Go<\/strong> et ses vitesses extr\u00eames, elle permet de capturer et transf\u00e9rer des contenus en <strong data-start=\"497\" data-end=\"518\">Full HD, 4K ou 3D<\/strong> sans interruption.<\/p>\n<p data-start=\"539\" data-end=\"749\">\ud83d\udd39 <strong data-start=\"542\" data-end=\"575\">Performances professionnelles<\/strong><br data-start=\"575\" data-end=\"578\" \/>Avec une vitesse de <strong data-start=\"598\" data-end=\"633\">lecture allant jusqu\u2019\u00e0 300 Mo\/s<\/strong> et une <strong data-start=\"641\" data-end=\"670\">\u00e9criture jusqu\u2019\u00e0 260 Mo\/s<\/strong>, vos transferts de fichiers lourds se font en un \u00e9clair \u2014 m\u00eame sur le terrain.<\/p>\n<p data-start=\"751\" data-end=\"958\">\ud83d\udd39 <strong data-start=\"754\" data-end=\"779\">Compatibilit\u00e9 \u00e9tendue<\/strong><br data-start=\"779\" data-end=\"782\" \/>Cette carte <strong data-start=\"794\" data-end=\"804\">UHS-II<\/strong>, <strong data-start=\"806\" data-end=\"819\">Classe 10<\/strong>, <strong data-start=\"821\" data-end=\"827\">U3<\/strong> et <strong data-start=\"831\" data-end=\"838\">V90<\/strong> prend en charge l\u2019enregistrement de vid\u00e9os en haute r\u00e9solution, y compris les flux 4K UHD et 3D, sans perte de qualit\u00e9.<\/p>\n<p data-start=\"960\" data-end=\"1162\">\ud83d\udd39 <strong data-start=\"963\" data-end=\"990\">Fiabilit\u00e9 et robustesse<\/strong><br data-start=\"990\" data-end=\"993\" \/>Fonctionne dans des conditions extr\u00eames, de <strong data-start=\"1037\" data-end=\"1049\">0 \u00e0 70\u00b0C<\/strong> en usage et de <strong data-start=\"1065\" data-end=\"1079\">-25 \u00e0 85\u00b0C<\/strong> en stockage. Id\u00e9ale pour les tournages intensifs, o\u00f9 la fiabilit\u00e9 est primordiale.<\/p>\n<p data-start=\"1164\" data-end=\"1307\">\ud83d\udd39 <strong data-start=\"1167\" data-end=\"1199\">Compacte et pr\u00eate \u00e0 l\u2019emploi<\/strong><br data-start=\"1199\" data-end=\"1202\" \/>Dimensions standards <strong data-start=\"1223\" data-end=\"1243\">32 x 24 x 2,1 mm<\/strong>. Livr\u00e9e pr\u00eate \u00e0 l\u2019emploi avec une seule carte dans l\u2019emballage.<\/p>\n<p data-start=\"1309\" data-end=\"1332\"><strong data-start=\"1309\" data-end=\"1330\">Contenu du pack :<\/strong><\/p>\n<ul data-start=\"1333\" data-end=\"1367\">\n<li data-start=\"1333\" data-end=\"1367\">\n<p data-start=\"1335\" data-end=\"1367\">1x Carte Lexar SDXC 128Go UHS-II<\/p>\n<\/li>\n<\/ul>","protected":false},"excerpt":{"rendered":"<p>Lexar SDXC 128Go 2000x \u2013 Carte m\u00e9moire professionnelle ultra-rapide Pens\u00e9e pour les cr\u00e9ateurs exigeants, cette carte m\u00e9moire Lexar est l\u2019alli\u00e9e<\/p>","protected":false},"featured_media":22803,"comment_status":"open","ping_status":"closed","template":"","meta":[],"product_brand":[475],"product_cat":[204,135,161],"product_tag":[428],"class_list":{"0":"post-22802","1":"product","2":"type-product","3":"status-publish","4":"has-post-thumbnail","6":"product_brand-lexar","7":"product_cat-cartes-memoires","8":"product_cat-stockage","9":"product_cat-cameras","10":"product_tag-brand-lexar","12":"first","13":"instock","14":"purchasable","15":"product-type-simple"},"jetpack_sharing_enabled":true,"_links":{"self":[{"href":"https:\/\/yahyaouishop.com\/fr\/wp-json\/wp\/v2\/product\/22802","targetHints":{"allow":["GET"]}}],"collection":[{"href":"https:\/\/yahyaouishop.com\/fr\/wp-json\/wp\/v2\/product"}],"about":[{"href":"https:\/\/yahyaouishop.com\/fr\/wp-json\/wp\/v2\/types\/product"}],"replies":[{"embeddable":true,"href":"https:\/\/yahyaouishop.com\/fr\/wp-json\/wp\/v2\/comments?post=22802"}],"version-history":[{"count":2,"href":"https:\/\/yahyaouishop.com\/fr\/wp-json\/wp\/v2\/product\/22802\/revisions"}],"predecessor-version":[{"id":29684,"href":"https:\/\/yahyaouishop.com\/fr\/wp-json\/wp\/v2\/product\/22802\/revisions\/29684"}],"wp:featuredmedia":[{"embeddable":true,"href":"https:\/\/yahyaouishop.com\/fr\/wp-json\/wp\/v2\/media\/22803"}],"wp:attachment":[{"href":"https:\/\/yahyaouishop.com\/fr\/wp-json\/wp\/v2\/media?parent=22802"}],"wp:term":[{"taxonomy":"product_brand","embeddable":true,"href":"https:\/\/yahyaouishop.com\/fr\/wp-json\/wp\/v2\/product_brand?post=22802"},{"taxonomy":"product_cat","embeddable":true,"href":"https:\/\/yahyaouishop.com\/fr\/wp-json\/wp\/v2\/product_cat?post=22802"},{"taxonomy":"product_tag","embeddable":true,"href":"https:\/\/yahyaouishop.com\/fr\/wp-json\/wp\/v2\/product_tag?post=22802"}],"curies":[{"name":"wp","href":"https:\/\/api.w.org\/{rel}","templated":true}]}}