{"id":22799,"date":"2025-07-22T19:23:17","date_gmt":"2025-07-22T18:23:17","guid":{"rendered":"https:\/\/yahyaouishop.com\/?post_type=product&#038;p=22799"},"modified":"2026-02-23T12:23:53","modified_gmt":"2026-02-23T12:23:53","slug":"lexar-carte-sd-64gb-v90-professionnel-300b-s","status":"publish","type":"product","link":"https:\/\/yahyaouishop.com\/fr\/produit\/lexar-carte-sd-64gb-v90-professionnel-300b-s\/","title":{"rendered":"Lexar Carte SD &#8211; 64Gb &#8211; V90 Professionnel 300b\/s"},"content":{"rendered":"<div id=\"description-fproduit\" class=\"titre-fp-details\">Description<\/div>\n<div>\n<p><strong>Capturez et transf\u00e9rez rapidement des photos de haute qualit\u00e9, ainsi que des vid\u00e9os 1080p Full HD, 3D et 4K avec la carte m\u00e9moire SDXC LEXAR professionnelle 64 Go 2000x UHS-II classe 10.<\/strong><\/p>\n<p>&nbsp;<\/p>\n<p>Les cartes Lexar Professional 2000x SDHC\/SDXC UHS-II vous permettent de\u00a0<strong>capturer et de transf\u00e9rer rapidement<\/strong>\u00a0des photos et des vid\u00e9os 1080p Full HD, 3D et 4K de grande qualit\u00e9, \u00e0 une vitesse de transfert en lecture allant jusqu\u2019\u00e0 2000x (300 Mo\/s) et en \u00e9criture jusqu&#8217;\u00e0 260 Mo\/s. Les cartes tirent parti de la technologie UHS-II (UHS Speed Class 3, ou U3), qui leur offre des performances acc\u00e9l\u00e9r\u00e9es. R\u00e9sultat : une acc\u00e9l\u00e9ration consid\u00e9rable des flux de travail, du d\u00e9but \u00e0 la fin, qui vous permet de gagner du temps et de retourner plus rapidement derri\u00e8re votre objectif !<\/p>\n<p>&nbsp;<\/p>\n<p><strong>Am\u00e9liorez la capture, le transfert et les flux de travail<\/strong>\u00a0Des performances acc\u00e9l\u00e9r\u00e9es, sur lesquelles vous pouvez compter : que vous soyez un photographe ou un vid\u00e9aste n\u00e9ophyte ou expert, les cartes Lexar Professional 2000x SDHC\/SDXC UHS-II vous offriront les performances que vous attendez. Ces cartes grande vitesse tirent parti de la technologie UHS-II (UHS Speed Class 3, ou U3), qui offre une vitesse de transfert en lecture jusqu\u2019\u00e0 1 200x (150 Mo\/s) lorsque les cartes sont utilis\u00e9es avec un lecteur de cartes SD UHS-II. \u00c0 des fins de polyvalence, ces cartes g\u00e8rent \u00e9galement les appareils UHS-I, qui offrent des vitesses inf\u00e9rieures, et sont r\u00e9tro-compatibles avec des appareils et lecteurs de versions plus anciennes. Par ailleurs, elles offrent des vitesses de classe 10 lorsqu\u2019elles sont utilis\u00e9es avec des appareils non UHS.<\/p>\n<p>&nbsp;<\/p>\n<p><strong>Prenez des images et tournez des vid\u00e9os Full HD 1080p, 3D ou 4K de haute qualit\u00e9<\/strong>\u00a0Que vous utilisiez un appareil photo reflex, un cam\u00e9scope HD ou une cam\u00e9ra 3D, vous pourrez valoriser les toutes derni\u00e8res fonctions de traitement des photos et vid\u00e9os de ces cartes, afin de capturer des images de grande qualit\u00e9, ainsi que des vid\u00e9os 1080p Full HD, 3D et 4K incomparables.<\/p>\n<p>&nbsp;<\/p>\n<p><strong>Capturez des vid\u00e9os plus longues gr\u00e2ce aux options de grande capacit\u00e9<\/strong>\u00a0Les fonctions de traitement des vid\u00e9os HD, 3D et 4K ne cessent d\u2019\u00e9voluer ; il vous faut donc des cartes hautes performances d\u2019une fiabilit\u00e9 \u00e0 toute \u00e9preuve, ainsi que diff\u00e9rentes options de haute capacit\u00e9 pour pouvoir filmer des vid\u00e9os plus longues, sans changer de carte. La carte Lexar Professional 2000x SDXC UHS-II vous offre tous ces avantages en tirant parti des performances de la technologie U3 et propose des options de grande capacit\u00e9 allant jusqu\u2019\u00e0 256 Go. La classe V90 de cette carte vous assure un d\u00e9bit de 90 Mo\/s en vid\u00e9o.<\/p>\n<p>&nbsp;<\/p>\n<p><strong>Gagnez du temps en acc\u00e9l\u00e9rant consid\u00e9rablement votre flux de travail\u00a0<\/strong>Gr\u00e2ce \u00e0 leurs performances acc\u00e9l\u00e9r\u00e9es, les cartes Lexar Professional 2000x SDHC\/SDXC UHS-II am\u00e9liorent consid\u00e9rablement les flux de travail, du d\u00e9but \u00e0 la fin, ce qui vous permet de gagner du temps et de retourner plus rapidement derri\u00e8re votre objectif !<\/p>\n<p>&nbsp;<\/p>\n<p><strong>R\u00e9cup\u00e9rez vos fichiers perdus gr\u00e2ce au logiciel Image Rescue\u00a0<\/strong>Les cartes Lexar Professional 2000x SDHC\/SDXC UHS-II incluent la toute derni\u00e8re version du logiciel Image Rescue. Ce logiciel permet de r\u00e9cup\u00e9rer la plupart des photos et certaines vid\u00e9os, m\u00eame si elles sont \u00e9t\u00e9 effac\u00e9es ou si la carte est corrompue. Vous pouvez le t\u00e9l\u00e9charger gratuitement si vous achetez l\u2019une de ces cartes.<\/p>\n<p>&nbsp;<\/p>\n<p><strong>Garantie et assistance\u00a0<\/strong>\u00a0Toutes les cartes m\u00e9moire de la gamme Lexar Professional sont couvertes par une garantie limit\u00e9e \u00e0 vie, renforc\u00e9e par un support technique expert.<\/p>\n<p>&nbsp;<\/p>\n<p><strong>Compatibilit\u00e9 hors du commun\u00a0<\/strong>\u00a0L\u2019\u00e9quipe Lexar collabore avec les plus grands fabricants d\u2019appareils photo pour assurer la compatibilit\u00e9 de ses cartes avec leurs appareils num\u00e9riques, du plus simple au plus complexe.<\/p>\n<p>&nbsp;<\/p>\n<p><strong>Des tests rigoureux<\/strong>\u00a0 Tous les produits Lexar font l\u2019objet de tests de performances, qualit\u00e9, compatibilit\u00e9 et fiabilit\u00e9 rigoureux sur plus de 1 100 appareils num\u00e9riques dans les laboratoires de contr\u00f4le qualit\u00e9 Lexar.<\/p>\n<p>&nbsp;<\/p>\n<p>&nbsp;<\/p>\n<\/div>","protected":false},"excerpt":{"rendered":"<p>Description Capturez et transf\u00e9rez rapidement des photos de haute qualit\u00e9, ainsi que des vid\u00e9os 1080p Full HD, 3D et 4K<\/p>","protected":false},"featured_media":22800,"comment_status":"open","ping_status":"closed","template":"","meta":[],"product_brand":[475],"product_cat":[204,135],"product_tag":[428],"class_list":{"0":"post-22799","1":"product","2":"type-product","3":"status-publish","4":"has-post-thumbnail","6":"product_brand-lexar","7":"product_cat-cartes-memoires","8":"product_cat-stockage","9":"product_tag-brand-lexar","11":"first","12":"instock","13":"purchasable","14":"product-type-simple"},"jetpack_sharing_enabled":true,"_links":{"self":[{"href":"https:\/\/yahyaouishop.com\/fr\/wp-json\/wp\/v2\/product\/22799","targetHints":{"allow":["GET"]}}],"collection":[{"href":"https:\/\/yahyaouishop.com\/fr\/wp-json\/wp\/v2\/product"}],"about":[{"href":"https:\/\/yahyaouishop.com\/fr\/wp-json\/wp\/v2\/types\/product"}],"replies":[{"embeddable":true,"href":"https:\/\/yahyaouishop.com\/fr\/wp-json\/wp\/v2\/comments?post=22799"}],"version-history":[{"count":1,"href":"https:\/\/yahyaouishop.com\/fr\/wp-json\/wp\/v2\/product\/22799\/revisions"}],"predecessor-version":[{"id":22801,"href":"https:\/\/yahyaouishop.com\/fr\/wp-json\/wp\/v2\/product\/22799\/revisions\/22801"}],"wp:featuredmedia":[{"embeddable":true,"href":"https:\/\/yahyaouishop.com\/fr\/wp-json\/wp\/v2\/media\/22800"}],"wp:attachment":[{"href":"https:\/\/yahyaouishop.com\/fr\/wp-json\/wp\/v2\/media?parent=22799"}],"wp:term":[{"taxonomy":"product_brand","embeddable":true,"href":"https:\/\/yahyaouishop.com\/fr\/wp-json\/wp\/v2\/product_brand?post=22799"},{"taxonomy":"product_cat","embeddable":true,"href":"https:\/\/yahyaouishop.com\/fr\/wp-json\/wp\/v2\/product_cat?post=22799"},{"taxonomy":"product_tag","embeddable":true,"href":"https:\/\/yahyaouishop.com\/fr\/wp-json\/wp\/v2\/product_tag?post=22799"}],"curies":[{"name":"wp","href":"https:\/\/api.w.org\/{rel}","templated":true}]}}