{"id":22790,"date":"2025-07-22T18:56:32","date_gmt":"2025-07-22T17:56:32","guid":{"rendered":"https:\/\/yahyaouishop.com\/?post_type=product&#038;p=22790"},"modified":"2025-11-24T18:50:38","modified_gmt":"2025-11-24T17:50:38","slug":"nikon-hybride-z5ii-z-24-50mm-kit","status":"publish","type":"product","link":"https:\/\/yahyaouishop.com\/fr\/produit\/nikon-hybride-z5ii-z-24-50mm-kit\/","title":{"rendered":"Nikon Hybride Z5II + Z 24-50mm KIT"},"content":{"rendered":"<p data-start=\"172\" data-end=\"505\"><strong data-start=\"172\" data-end=\"246\">Lib\u00e9rez votre cr\u00e9ativit\u00e9 avec le Nikon Z5 II et son objectif 24-50 mm.<\/strong><br data-start=\"246\" data-end=\"249\" \/>Pens\u00e9 pour les cr\u00e9ateurs exigeants, ce bo\u00eetier plein format allie la puissance des technologies pro Nikon \u00e0 une prise en main intuitive. Que ce soit pour la photo ou la vid\u00e9o, le Z5 II vous offre des performances exceptionnelles dans toutes les conditions.<\/p>\n<p data-start=\"507\" data-end=\"834\">\ud83d\udd38 <strong data-start=\"510\" data-end=\"567\">Capteur plein format de 24,5 Mpx stabilis\u00e9 sur 5 axes<\/strong><br data-start=\"567\" data-end=\"570\" \/>Son capteur r\u00e9tro-\u00e9clair\u00e9 au format FX assure une qualit\u00e9 d\u2019image remarquable, m\u00eame en basse lumi\u00e8re. Gr\u00e2ce \u00e0 la stabilisation int\u00e9gr\u00e9e et au mode VR par point AF, obtenez jusqu\u2019\u00e0 7,5 stops de gain, pour des clich\u00e9s nets \u00e0 main lev\u00e9e, avec n\u2019importe quel objectif.<\/p>\n<p data-start=\"836\" data-end=\"1134\">\ud83d\udd38 <strong data-start=\"839\" data-end=\"886\">Autofocus nouvelle g\u00e9n\u00e9ration, ultra-pr\u00e9cis<\/strong><br data-start=\"886\" data-end=\"889\" \/>3 fois plus rapide que celui du Z5, il d\u00e9tecte et suit intelligemment les visages, les yeux, et les sujets en mouvement, m\u00eame \u00e0 -10 EV. Le suivi 3D et la reconnaissance multi-sujets vous garantissent une mise au point fiable, m\u00eame dans l\u2019action.<\/p>\n<p data-start=\"1136\" data-end=\"1339\">\ud83d\udd38 <strong data-start=\"1139\" data-end=\"1177\">Viseur \u00e9lectronique ultra-lumineux<\/strong><br data-start=\"1177\" data-end=\"1180\" \/>Avec une luminosit\u00e9 pouss\u00e9e \u00e0 3000 nits, identique \u00e0 celle des Z8\/Z9, le viseur OLED haute r\u00e9solution vous offre une visibilit\u00e9 parfaite, m\u00eame en plein soleil.<\/p>\n<p data-start=\"1341\" data-end=\"1617\">\ud83d\udd38 <strong data-start=\"1344\" data-end=\"1402\">Rafales ultra-rapides et pr\u00e9-d\u00e9clenchement intelligent<\/strong><br data-start=\"1402\" data-end=\"1405\" \/>Capturez jusqu\u2019\u00e0 14 images RAW par seconde, ou 30 en JPEG pleine r\u00e9solution. Le mode pr\u00e9-d\u00e9clenchement enregistre jusqu\u2019\u00e0 1 seconde d\u2019images avant m\u00eame que vous ne pressiez le bouton \u2014 ne ratez plus aucun moment.<\/p>\n<p data-start=\"1619\" data-end=\"1838\">\ud83d\udd38 <strong data-start=\"1622\" data-end=\"1654\">Vid\u00e9o 4K fluide et d\u00e9taill\u00e9e<\/strong><br data-start=\"1654\" data-end=\"1657\" \/>Enregistrez en 4K\/30p plein format ou en 4K\/60p avec recadrage APS-C. B\u00e9n\u00e9ficiez de formats professionnels comme le N-RAW et le N-log pour une grande flexibilit\u00e9 en post-production.<\/p>\n<p data-start=\"1840\" data-end=\"2041\">\ud83d\udd38 <strong data-start=\"1843\" data-end=\"1884\">Contr\u00f4le cr\u00e9atif avec Picture Control<\/strong><br data-start=\"1884\" data-end=\"1887\" \/>Appliquez vos profils colorim\u00e9triques directement \u00e0 la prise de vue et personnalisez-les via Nikon NX Studio pour un rendu unique en photo comme en vid\u00e9o.<\/p>\n<p data-start=\"2043\" data-end=\"2222\">\ud83d\udd38 <strong data-start=\"2046\" data-end=\"2100\">Connectivit\u00e9 intelligente avec Nikon Imaging Cloud<\/strong><br data-start=\"2100\" data-end=\"2103\" \/>Sauvegardez automatiquement vos images et acc\u00e9dez \u00e0 des styles cr\u00e9atifs directement depuis le cloud, o\u00f9 que vous soyez.<\/p>\n<p data-start=\"2224\" data-end=\"2453\">\ud83d\udd38 <strong data-start=\"2227\" data-end=\"2268\">Design robuste, pens\u00e9 pour le terrain<\/strong><br data-start=\"2268\" data-end=\"2271\" \/>Grip plus profond, double slot SD UHS-II, bo\u00eetier en alliage de magn\u00e9sium \u00e9tanche \u00e0 la poussi\u00e8re et \u00e0 l\u2019humidit\u00e9. Le Z5 II est pr\u00eat \u00e0 vous suivre dans toutes vos aventures cr\u00e9atives.<\/p>","protected":false},"excerpt":{"rendered":"<p>Lib\u00e9rez votre cr\u00e9ativit\u00e9 avec le Nikon Z5 II et son objectif 24-50 mm.Pens\u00e9 pour les cr\u00e9ateurs exigeants, ce bo\u00eetier plein<\/p>","protected":false},"featured_media":22791,"comment_status":"open","ping_status":"closed","template":"","meta":[],"product_brand":[465],"product_cat":[176],"product_tag":[123],"class_list":{"0":"post-22790","1":"product","2":"type-product","3":"status-publish","4":"has-post-thumbnail","6":"product_brand-nikon","7":"product_cat-nikon","8":"product_tag-brand-nikon","10":"first","11":"instock","12":"sale","13":"purchasable","14":"product-type-simple"},"jetpack_sharing_enabled":true,"_links":{"self":[{"href":"https:\/\/yahyaouishop.com\/fr\/wp-json\/wp\/v2\/product\/22790","targetHints":{"allow":["GET"]}}],"collection":[{"href":"https:\/\/yahyaouishop.com\/fr\/wp-json\/wp\/v2\/product"}],"about":[{"href":"https:\/\/yahyaouishop.com\/fr\/wp-json\/wp\/v2\/types\/product"}],"replies":[{"embeddable":true,"href":"https:\/\/yahyaouishop.com\/fr\/wp-json\/wp\/v2\/comments?post=22790"}],"version-history":[{"count":1,"href":"https:\/\/yahyaouishop.com\/fr\/wp-json\/wp\/v2\/product\/22790\/revisions"}],"predecessor-version":[{"id":22796,"href":"https:\/\/yahyaouishop.com\/fr\/wp-json\/wp\/v2\/product\/22790\/revisions\/22796"}],"wp:featuredmedia":[{"embeddable":true,"href":"https:\/\/yahyaouishop.com\/fr\/wp-json\/wp\/v2\/media\/22791"}],"wp:attachment":[{"href":"https:\/\/yahyaouishop.com\/fr\/wp-json\/wp\/v2\/media?parent=22790"}],"wp:term":[{"taxonomy":"product_brand","embeddable":true,"href":"https:\/\/yahyaouishop.com\/fr\/wp-json\/wp\/v2\/product_brand?post=22790"},{"taxonomy":"product_cat","embeddable":true,"href":"https:\/\/yahyaouishop.com\/fr\/wp-json\/wp\/v2\/product_cat?post=22790"},{"taxonomy":"product_tag","embeddable":true,"href":"https:\/\/yahyaouishop.com\/fr\/wp-json\/wp\/v2\/product_tag?post=22790"}],"curies":[{"name":"wp","href":"https:\/\/api.w.org\/{rel}","templated":true}]}}